{"id":49001,"date":"2025-02-25T15:52:07","date_gmt":"2025-02-25T15:52:07","guid":{"rendered":"https:\/\/staging2.stylingagenten.com\/sv\/produkt\/peter-thomas-roth-water-drench-hyaluronic-cloud-mask-150ml\/"},"modified":"2026-03-29T14:38:40","modified_gmt":"2026-03-29T14:38:40","slug":"peter-thomas-roth-water-drench-hyaluronic-cloud-mask-150ml","status":"publish","type":"product","link":"https:\/\/stylingagenten.com\/sv\/produkt\/peter-thomas-roth-water-drench-hyaluronic-cloud-mask-150ml\/","title":{"rendered":"Peter Thomas Roth Water Drench Hyaluronic Cloud Mask 150ml"},"content":{"rendered":"<p>Peter Thomas Roth Water Drench Hyaluronic Cloud Mask 150ml<br \/>Ge huden en intensiv fuktboost med Water Drench Hyaluronic Cloud Mask Hydrating Gel! Denna uppfriskande gelmask ger en sval och fr\u00e4sch k\u00e4nsla och \u00e5terfuktar huden i upp till 72 timmar*. Formulan verkar n\u00e4rande och lugnande samtidigt som den ger nytt liv till en torr och fuktfattig hud. Huden blir \u00e5terupplivad, fylld av ny energi och f\u00e5r en h\u00e4lsosam lyster.<\/p>\n<p>&#8211; Fuktgivande och uppfriskande ansiktsmask<br \/>&#8211; Intensivt \u00e5terfuktande formula som ger n\u00e4ring<br \/>&#8211; Huden upplevs h\u00e4lsosammare och piggare<br \/>&#8211; Passar en torr, fuktfattig och gl\u00e5mig hud<\/p>\n<p>Formulan inneh\u00e5ller 20% hyaluronsyra som f\u00f6rser huden med fukt, E-vitamin och aloe vera som ger n\u00e4ring och lugnar, Pentavitin\u00ae som \u00e5terfuktar i upp till 72 timmar* och koffein som ger en uppiggande k\u00e4nsla.<\/p>\n<p>Tips!<br \/>F\u00f6r en extra sval och lugnande effekt, f\u00f6rvara masken i kylen.<\/p>\n","protected":false},"excerpt":{"rendered":"<p>Peter Thomas Roth Water Drench Hyaluronic Cloud Mask 150mlGe huden en intensiv fuktboost med Water Drench Hyaluronic Cloud Mask Hydrating Gel! Denna uppfriskande gelmask ger en sval och fr\u00e4sch k\u00e4nsla och \u00e5terfuktar huden i upp till 72 timmar*. Formulan verkar n\u00e4rande och lugnande samtidigt som den ger nytt liv till en torr och fuktfattig hud. [&hellip;]<\/p>\n","protected":false},"featured_media":48987,"comment_status":"open","ping_status":"closed","template":"","meta":{"_trash_the_other_posts":false},"product_brand":[],"product_cat":[594],"product_tag":[],"berocket_brand":[1246],"class_list":{"0":"post-49001","1":"product","2":"type-product","3":"status-publish","4":"has-post-thumbnail","6":"product_cat-ansiktsmask","7":"pa_brand-peter-thomas-roth","8":"berocket_brand-peter-thomas-roth","10":"first","11":"outofstock","12":"sale","13":"taxable","14":"shipping-taxable","15":"purchasable","16":"product-type-simple"},"_links":{"self":[{"href":"https:\/\/stylingagenten.com\/sv\/wp-json\/wp\/v2\/product\/49001","targetHints":{"allow":["GET"]}}],"collection":[{"href":"https:\/\/stylingagenten.com\/sv\/wp-json\/wp\/v2\/product"}],"about":[{"href":"https:\/\/stylingagenten.com\/sv\/wp-json\/wp\/v2\/types\/product"}],"replies":[{"embeddable":true,"href":"https:\/\/stylingagenten.com\/sv\/wp-json\/wp\/v2\/comments?post=49001"}],"version-history":[{"count":0,"href":"https:\/\/stylingagenten.com\/sv\/wp-json\/wp\/v2\/product\/49001\/revisions"}],"wp:featuredmedia":[{"embeddable":true,"href":"https:\/\/stylingagenten.com\/sv\/wp-json\/wp\/v2\/media\/48987"}],"wp:attachment":[{"href":"https:\/\/stylingagenten.com\/sv\/wp-json\/wp\/v2\/media?parent=49001"}],"wp:term":[{"taxonomy":"product_brand","embeddable":true,"href":"https:\/\/stylingagenten.com\/sv\/wp-json\/wp\/v2\/product_brand?post=49001"},{"taxonomy":"product_cat","embeddable":true,"href":"https:\/\/stylingagenten.com\/sv\/wp-json\/wp\/v2\/product_cat?post=49001"},{"taxonomy":"product_tag","embeddable":true,"href":"https:\/\/stylingagenten.com\/sv\/wp-json\/wp\/v2\/product_tag?post=49001"},{"taxonomy":"berocket_brand","embeddable":true,"href":"https:\/\/stylingagenten.com\/sv\/wp-json\/wp\/v2\/berocket_brand?post=49001"}],"curies":[{"name":"wp","href":"https:\/\/api.w.org\/{rel}","templated":true}]}}