{"id":48813,"date":"2025-02-25T15:51:39","date_gmt":"2025-02-25T15:51:39","guid":{"rendered":"https:\/\/staging2.stylingagenten.com\/sv\/produkt\/makeup-revolution-rehab-overnight-lip-serum-5ml\/"},"modified":"2025-12-18T21:52:26","modified_gmt":"2025-12-18T21:52:26","slug":"makeup-revolution-rehab-overnight-lip-serum-5ml","status":"publish","type":"product","link":"https:\/\/stylingagenten.com\/sv\/produkt\/makeup-revolution-rehab-overnight-lip-serum-5ml\/","title":{"rendered":"Makeup Revolution Rehab Overnight Lip Serum 5ml"},"content":{"rendered":"<p>Makeup Revolution Rehab Overnight Lip Serum 5ml<br \/>Tack vare sin djupverkande formula med mangosm\u00f6r och hyaluronsyra \u00e5terfuktar och v\u00e5rdar det veganska l\u00e4ppserumet l\u00e4pparna och tillf\u00f6r fukt b\u00e5de dag och natt.<\/p>\n","protected":false},"excerpt":{"rendered":"<p>Makeup Revolution Rehab Overnight Lip Serum 5mlTack vare sin djupverkande formula med mangosm\u00f6r och hyaluronsyra \u00e5terfuktar och v\u00e5rdar det veganska l\u00e4ppserumet l\u00e4pparna och tillf\u00f6r fukt b\u00e5de dag och natt.<\/p>\n","protected":false},"featured_media":48806,"comment_status":"open","ping_status":"closed","template":"","meta":{"_trash_the_other_posts":false},"product_brand":[],"product_cat":[580],"product_tag":[],"berocket_brand":[1050],"class_list":{"0":"post-48813","1":"product","2":"type-product","3":"status-publish","4":"has-post-thumbnail","6":"product_cat-lappbalsam","7":"pa_brand-makeup-revolution","8":"berocket_brand-makeup-revolution","10":"first","11":"instock","12":"sale","13":"taxable","14":"shipping-taxable","15":"purchasable","16":"product-type-simple"},"_links":{"self":[{"href":"https:\/\/stylingagenten.com\/sv\/wp-json\/wp\/v2\/product\/48813","targetHints":{"allow":["GET"]}}],"collection":[{"href":"https:\/\/stylingagenten.com\/sv\/wp-json\/wp\/v2\/product"}],"about":[{"href":"https:\/\/stylingagenten.com\/sv\/wp-json\/wp\/v2\/types\/product"}],"replies":[{"embeddable":true,"href":"https:\/\/stylingagenten.com\/sv\/wp-json\/wp\/v2\/comments?post=48813"}],"version-history":[{"count":0,"href":"https:\/\/stylingagenten.com\/sv\/wp-json\/wp\/v2\/product\/48813\/revisions"}],"wp:featuredmedia":[{"embeddable":true,"href":"https:\/\/stylingagenten.com\/sv\/wp-json\/wp\/v2\/media\/48806"}],"wp:attachment":[{"href":"https:\/\/stylingagenten.com\/sv\/wp-json\/wp\/v2\/media?parent=48813"}],"wp:term":[{"taxonomy":"product_brand","embeddable":true,"href":"https:\/\/stylingagenten.com\/sv\/wp-json\/wp\/v2\/product_brand?post=48813"},{"taxonomy":"product_cat","embeddable":true,"href":"https:\/\/stylingagenten.com\/sv\/wp-json\/wp\/v2\/product_cat?post=48813"},{"taxonomy":"product_tag","embeddable":true,"href":"https:\/\/stylingagenten.com\/sv\/wp-json\/wp\/v2\/product_tag?post=48813"},{"taxonomy":"berocket_brand","embeddable":true,"href":"https:\/\/stylingagenten.com\/sv\/wp-json\/wp\/v2\/berocket_brand?post=48813"}],"curies":[{"name":"wp","href":"https:\/\/api.w.org\/{rel}","templated":true}]}}