{"id":48801,"date":"2025-02-25T15:51:37","date_gmt":"2025-02-25T15:51:37","guid":{"rendered":"https:\/\/staging2.stylingagenten.com\/sv\/produkt\/artdeco-perfect-teint-foundation-52-golden-biscuit-20ml\/"},"modified":"2025-12-18T21:30:23","modified_gmt":"2025-12-18T21:30:23","slug":"artdeco-perfect-teint-foundation-52-golden-biscuit-20ml","status":"publish","type":"product","link":"https:\/\/stylingagenten.com\/sv\/produkt\/artdeco-perfect-teint-foundation-52-golden-biscuit-20ml\/","title":{"rendered":"Artdeco Perfect Teint Foundation 52 Golden Biscuit 20ml"},"content":{"rendered":"<p>Ute efter en foundation som k\u00e4nns som en andra hud? Testa Perfect Teint Foundation! Den l\u00e4ttviktiga formulan \u00e4r oljefri och inneh\u00e5ller fina puderpartiklar som absorberar olja \u2013 resultatet \u00e4r en fr\u00e4sch och matt finish d\u00e4r mindre blemmor och oj\u00e4mnheter t\u00e4cks. Inneh\u00e5ller \u00e4ven ingredienser som \u00e5terfuktar, lugnar, skyddar och ger n\u00e4ring.<\/p>\n<p>&#8211; L\u00e4ttviktig och oljefri foundation<br \/>&#8211; Fr\u00e4sch och matt finish<br \/>&#8211; T\u00e4cker mindre blemmor och oj\u00e4mnheter<br \/>&#8211; \u00c5terfuktar, lugnar, skyddar och ger n\u00e4ring<br \/>&#8211; Vegansk<\/p>\n<p>Hyaluronsyra \u00e5terfuktar, bisabolol har en lugnande effekt, extrakt av persikoblomma skyddar mot skadlig yttre p\u00e5verkan och extrakt av ingef\u00e4rsrot har en antibakteriell och n\u00e4rande effekt.<\/p>\n","protected":false},"excerpt":{"rendered":"<p>Ute efter en foundation som k\u00e4nns som en andra hud? Testa Perfect Teint Foundation! Den l\u00e4ttviktiga formulan \u00e4r oljefri och inneh\u00e5ller fina puderpartiklar som absorberar olja \u2013 resultatet \u00e4r en fr\u00e4sch och matt finish d\u00e4r mindre blemmor och oj\u00e4mnheter t\u00e4cks. Inneh\u00e5ller \u00e4ven ingredienser som \u00e5terfuktar, lugnar, skyddar och ger n\u00e4ring. &#8211; L\u00e4ttviktig och oljefri foundation&#8211; [&hellip;]<\/p>\n","protected":false},"featured_media":48793,"comment_status":"open","ping_status":"closed","template":"","meta":{"_trash_the_other_posts":false},"product_brand":[],"product_cat":[579,1005],"product_tag":[2440],"berocket_brand":[1385],"class_list":{"0":"post-48801","1":"product","2":"type-product","3":"status-publish","4":"has-post-thumbnail","6":"product_cat-foundation","7":"product_cat-outlet","8":"product_tag-artdeco-perfect-teint-foundation-20ml","9":"pa_brand-artdeco","10":"pa_variant-52-golden-biscuit","11":"berocket_brand-artdeco","13":"first","14":"instock","15":"sale","16":"taxable","17":"shipping-taxable","18":"purchasable","19":"product-type-simple"},"_links":{"self":[{"href":"https:\/\/stylingagenten.com\/sv\/wp-json\/wp\/v2\/product\/48801","targetHints":{"allow":["GET"]}}],"collection":[{"href":"https:\/\/stylingagenten.com\/sv\/wp-json\/wp\/v2\/product"}],"about":[{"href":"https:\/\/stylingagenten.com\/sv\/wp-json\/wp\/v2\/types\/product"}],"replies":[{"embeddable":true,"href":"https:\/\/stylingagenten.com\/sv\/wp-json\/wp\/v2\/comments?post=48801"}],"version-history":[{"count":0,"href":"https:\/\/stylingagenten.com\/sv\/wp-json\/wp\/v2\/product\/48801\/revisions"}],"wp:featuredmedia":[{"embeddable":true,"href":"https:\/\/stylingagenten.com\/sv\/wp-json\/wp\/v2\/media\/48793"}],"wp:attachment":[{"href":"https:\/\/stylingagenten.com\/sv\/wp-json\/wp\/v2\/media?parent=48801"}],"wp:term":[{"taxonomy":"product_brand","embeddable":true,"href":"https:\/\/stylingagenten.com\/sv\/wp-json\/wp\/v2\/product_brand?post=48801"},{"taxonomy":"product_cat","embeddable":true,"href":"https:\/\/stylingagenten.com\/sv\/wp-json\/wp\/v2\/product_cat?post=48801"},{"taxonomy":"product_tag","embeddable":true,"href":"https:\/\/stylingagenten.com\/sv\/wp-json\/wp\/v2\/product_tag?post=48801"},{"taxonomy":"berocket_brand","embeddable":true,"href":"https:\/\/stylingagenten.com\/sv\/wp-json\/wp\/v2\/berocket_brand?post=48801"}],"curies":[{"name":"wp","href":"https:\/\/api.w.org\/{rel}","templated":true}]}}