{"id":48794,"date":"2025-02-25T15:51:36","date_gmt":"2025-02-25T15:51:36","guid":{"rendered":"https:\/\/staging2.stylingagenten.com\/sv\/produkt\/b-tan-i-dont-want-tan-on-my-hands-tan-mitt\/"},"modified":"2026-04-14T06:07:25","modified_gmt":"2026-04-14T06:07:25","slug":"b-tan-i-dont-want-tan-on-my-hands-tan-mitt","status":"publish","type":"product","link":"https:\/\/stylingagenten.com\/sv\/produkt\/b-tan-i-dont-want-tan-on-my-hands-tan-mitt\/","title":{"rendered":"b.tan I Don&#8217;t Want Tan On My hands Tan Mitt"},"content":{"rendered":"<p>I Don&#8217;t Want Tan On My Hands Tan fr\u00e5n b.tan s\u00e5 att du inte blir brun-utan-sol p\u00e5 h\u00e4nderna<br \/>HATAR du ocks\u00e5 n\u00e4r du anv\u00e4nt brun-utan-sol och dina h\u00e4nder \u00e4r fl\u00e4ckiga och missf\u00e4rgade? Aldrig mer med denna applikatorhandske fr\u00e5n b.tan!<\/p>\n<p>Den mjuka handsken fr\u00e5n b.tan \u00e4r speciellt utvecklad f\u00f6r att applicera dina favoritprodukter med brun-utan-sol, allt utan kladd och missf\u00e4rgade, solbr\u00e4nda h\u00e4nder! Handsken \u00e4r dubbelsidig s\u00e5 att du har mer yta att anv\u00e4nda n\u00e4r du anv\u00e4nder den. Den smidiga designen garanterar att du kan f\u00f6rdela produkten j\u00e4mnt p\u00e5 huden s\u00e5 att du f\u00e5r felfritt resultat varje g\u00e5ng.<\/p>\n<p>G\u00f6r h\u00e4nder och kropp en tj\u00e4nst och anv\u00e4nd den praktiska handsken n\u00e4r du vill ha en l\u00e4cker solbr\u00e4nna!<\/p>\n","protected":false},"excerpt":{"rendered":"<p>I Don&#8217;t Want Tan On My Hands Tan fr\u00e5n b.tan s\u00e5 att du inte blir brun-utan-sol p\u00e5 h\u00e4ndernaHATAR du ocks\u00e5 n\u00e4r du anv\u00e4nt brun-utan-sol och dina h\u00e4nder \u00e4r fl\u00e4ckiga och missf\u00e4rgade? Aldrig mer med denna applikatorhandske fr\u00e5n b.tan! Den mjuka handsken fr\u00e5n b.tan \u00e4r speciellt utvecklad f\u00f6r att applicera dina favoritprodukter med brun-utan-sol, allt utan [&hellip;]<\/p>\n","protected":false},"featured_media":48786,"comment_status":"open","ping_status":"closed","template":"","meta":{"_trash_the_other_posts":false},"product_brand":[],"product_cat":[561,1005],"product_tag":[],"berocket_brand":[1406],"class_list":{"0":"post-48794","1":"product","2":"type-product","3":"status-publish","4":"has-post-thumbnail","6":"product_cat-brun-utan-sol","7":"product_cat-outlet","8":"pa_brand-b-tan","9":"berocket_brand-btan","11":"first","12":"instock","13":"sale","14":"taxable","15":"shipping-taxable","16":"purchasable","17":"product-type-simple"},"_links":{"self":[{"href":"https:\/\/stylingagenten.com\/sv\/wp-json\/wp\/v2\/product\/48794","targetHints":{"allow":["GET"]}}],"collection":[{"href":"https:\/\/stylingagenten.com\/sv\/wp-json\/wp\/v2\/product"}],"about":[{"href":"https:\/\/stylingagenten.com\/sv\/wp-json\/wp\/v2\/types\/product"}],"replies":[{"embeddable":true,"href":"https:\/\/stylingagenten.com\/sv\/wp-json\/wp\/v2\/comments?post=48794"}],"version-history":[{"count":1,"href":"https:\/\/stylingagenten.com\/sv\/wp-json\/wp\/v2\/product\/48794\/revisions"}],"predecessor-version":[{"id":4456793123,"href":"https:\/\/stylingagenten.com\/sv\/wp-json\/wp\/v2\/product\/48794\/revisions\/4456793123"}],"wp:featuredmedia":[{"embeddable":true,"href":"https:\/\/stylingagenten.com\/sv\/wp-json\/wp\/v2\/media\/48786"}],"wp:attachment":[{"href":"https:\/\/stylingagenten.com\/sv\/wp-json\/wp\/v2\/media?parent=48794"}],"wp:term":[{"taxonomy":"product_brand","embeddable":true,"href":"https:\/\/stylingagenten.com\/sv\/wp-json\/wp\/v2\/product_brand?post=48794"},{"taxonomy":"product_cat","embeddable":true,"href":"https:\/\/stylingagenten.com\/sv\/wp-json\/wp\/v2\/product_cat?post=48794"},{"taxonomy":"product_tag","embeddable":true,"href":"https:\/\/stylingagenten.com\/sv\/wp-json\/wp\/v2\/product_tag?post=48794"},{"taxonomy":"berocket_brand","embeddable":true,"href":"https:\/\/stylingagenten.com\/sv\/wp-json\/wp\/v2\/berocket_brand?post=48794"}],"curies":[{"name":"wp","href":"https:\/\/api.w.org\/{rel}","templated":true}]}}