{"id":48764,"date":"2025-02-25T15:51:32","date_gmt":"2025-02-25T15:51:32","guid":{"rendered":"https:\/\/staging2.stylingagenten.com\/sv\/produkt\/bareminerals-prime-time-eyeshadow-extender-primer-3ml\/"},"modified":"2026-03-21T13:07:27","modified_gmt":"2026-03-21T13:07:27","slug":"bareminerals-prime-time-eyeshadow-extender-primer-3ml","status":"publish","type":"product","link":"https:\/\/stylingagenten.com\/sv\/produkt\/bareminerals-prime-time-eyeshadow-extender-primer-3ml\/","title":{"rendered":"BareMinerals Prime Time Eyeshadow Extender Primer 3ml"},"content":{"rendered":"<p>En ren, vegansk och silikonfri \u00f6gonskuggsprimer som f\u00f6rl\u00e4nger h\u00e5llbarheten av din \u00f6gonmakeup i upp till 24 timmar! Prime Time Eyeshadow Extender Primer ger en transparent bas som inte l\u00e4gger sig i veck eller linjer och som \u00e4r svett-resistent. Primern minimerar oj\u00e4mnheter och ger en mjuk och blurrad effekt p\u00e5 \u00f6gonlocket. Med en smidig applikator kan du enkelt f\u00f6rdela produkten \u00f6ver locket. Fungerar med alla \u00f6gonskuggor.<\/p>\n<p>Nyckelingredienser:<br \/>&#8211; En blandning av 3 olika hyaluronsyrecomplex som ger intensivt med fukt<br \/>&#8211; H\u00e5llbart framst\u00e4lld sheasm\u00f6r ger en mjuk textur som k\u00e4nns behaglig p\u00e5 huden<\/p>\n","protected":false},"excerpt":{"rendered":"<p>En ren, vegansk och silikonfri \u00f6gonskuggsprimer som f\u00f6rl\u00e4nger h\u00e5llbarheten av din \u00f6gonmakeup i upp till 24 timmar! Prime Time Eyeshadow Extender Primer ger en transparent bas som inte l\u00e4gger sig i veck eller linjer och som \u00e4r svett-resistent. Primern minimerar oj\u00e4mnheter och ger en mjuk och blurrad effekt p\u00e5 \u00f6gonlocket. Med en smidig applikator kan [&hellip;]<\/p>\n","protected":false},"featured_media":48755,"comment_status":"open","ping_status":"closed","template":"","meta":{"_trash_the_other_posts":false},"product_brand":[],"product_cat":[593,1005],"product_tag":[],"berocket_brand":[1256],"class_list":{"0":"post-48764","1":"product","2":"type-product","3":"status-publish","4":"has-post-thumbnail","6":"product_cat-ogonprimer","7":"product_cat-outlet","8":"pa_brand-id-bareminerals","9":"berocket_brand-bareminerals","11":"first","12":"outofstock","13":"sale","14":"taxable","15":"shipping-taxable","16":"purchasable","17":"product-type-simple"},"_links":{"self":[{"href":"https:\/\/stylingagenten.com\/sv\/wp-json\/wp\/v2\/product\/48764","targetHints":{"allow":["GET"]}}],"collection":[{"href":"https:\/\/stylingagenten.com\/sv\/wp-json\/wp\/v2\/product"}],"about":[{"href":"https:\/\/stylingagenten.com\/sv\/wp-json\/wp\/v2\/types\/product"}],"replies":[{"embeddable":true,"href":"https:\/\/stylingagenten.com\/sv\/wp-json\/wp\/v2\/comments?post=48764"}],"version-history":[{"count":0,"href":"https:\/\/stylingagenten.com\/sv\/wp-json\/wp\/v2\/product\/48764\/revisions"}],"wp:featuredmedia":[{"embeddable":true,"href":"https:\/\/stylingagenten.com\/sv\/wp-json\/wp\/v2\/media\/48755"}],"wp:attachment":[{"href":"https:\/\/stylingagenten.com\/sv\/wp-json\/wp\/v2\/media?parent=48764"}],"wp:term":[{"taxonomy":"product_brand","embeddable":true,"href":"https:\/\/stylingagenten.com\/sv\/wp-json\/wp\/v2\/product_brand?post=48764"},{"taxonomy":"product_cat","embeddable":true,"href":"https:\/\/stylingagenten.com\/sv\/wp-json\/wp\/v2\/product_cat?post=48764"},{"taxonomy":"product_tag","embeddable":true,"href":"https:\/\/stylingagenten.com\/sv\/wp-json\/wp\/v2\/product_tag?post=48764"},{"taxonomy":"berocket_brand","embeddable":true,"href":"https:\/\/stylingagenten.com\/sv\/wp-json\/wp\/v2\/berocket_brand?post=48764"}],"curies":[{"name":"wp","href":"https:\/\/api.w.org\/{rel}","templated":true}]}}