{"id":48741,"date":"2025-02-25T15:51:28","date_gmt":"2025-02-25T15:51:28","guid":{"rendered":"https:\/\/staging2.stylingagenten.com\/sv\/produkt\/sachajuan-colour-protect-shampoo-250ml\/"},"modified":"2026-03-11T22:00:48","modified_gmt":"2026-03-11T22:00:48","slug":"sachajuan-colour-protect-shampoo-250ml","status":"publish","type":"product","link":"https:\/\/stylingagenten.com\/sv\/produkt\/sachajuan-colour-protect-shampoo-250ml\/","title":{"rendered":"SACHAJUAN Colour Protect Shampoo 250ml"},"content":{"rendered":"<p>SACHAJUAN Colour Protect Shampoo \u00e4r ett shampoo med speciell formula och som inneh\u00e5ller Ocean Silk Technology, mindre tv\u00e4ttaktiva ingredienser och en microemulsionsteknik som f\u00f6rhindrar f\u00e4rgf\u00f6rlust. Ocean Silk Technology ger h\u00e5ret livfullhet och glans.<\/p>\n<p>250ml<\/p>\n","protected":false},"excerpt":{"rendered":"<p>SACHAJUAN Colour Protect Shampoo \u00e4r ett shampoo med speciell formula och som inneh\u00e5ller Ocean Silk Technology, mindre tv\u00e4ttaktiva ingredienser och en microemulsionsteknik som f\u00f6rhindrar f\u00e4rgf\u00f6rlust. Ocean Silk Technology ger h\u00e5ret livfullhet och glans. 250ml<\/p>\n","protected":false},"featured_media":48737,"comment_status":"open","ping_status":"closed","template":"","meta":{"_trash_the_other_posts":false},"product_brand":[],"product_cat":[563],"product_tag":[],"berocket_brand":[1409],"class_list":{"0":"post-48741","1":"product","2":"type-product","3":"status-publish","4":"has-post-thumbnail","6":"product_cat-schampo","7":"pa_brand-sachajuan","8":"berocket_brand-sachajuan","10":"first","11":"instock","12":"sale","13":"taxable","14":"shipping-taxable","15":"purchasable","16":"product-type-simple"},"_links":{"self":[{"href":"https:\/\/stylingagenten.com\/sv\/wp-json\/wp\/v2\/product\/48741","targetHints":{"allow":["GET"]}}],"collection":[{"href":"https:\/\/stylingagenten.com\/sv\/wp-json\/wp\/v2\/product"}],"about":[{"href":"https:\/\/stylingagenten.com\/sv\/wp-json\/wp\/v2\/types\/product"}],"replies":[{"embeddable":true,"href":"https:\/\/stylingagenten.com\/sv\/wp-json\/wp\/v2\/comments?post=48741"}],"version-history":[{"count":0,"href":"https:\/\/stylingagenten.com\/sv\/wp-json\/wp\/v2\/product\/48741\/revisions"}],"wp:featuredmedia":[{"embeddable":true,"href":"https:\/\/stylingagenten.com\/sv\/wp-json\/wp\/v2\/media\/48737"}],"wp:attachment":[{"href":"https:\/\/stylingagenten.com\/sv\/wp-json\/wp\/v2\/media?parent=48741"}],"wp:term":[{"taxonomy":"product_brand","embeddable":true,"href":"https:\/\/stylingagenten.com\/sv\/wp-json\/wp\/v2\/product_brand?post=48741"},{"taxonomy":"product_cat","embeddable":true,"href":"https:\/\/stylingagenten.com\/sv\/wp-json\/wp\/v2\/product_cat?post=48741"},{"taxonomy":"product_tag","embeddable":true,"href":"https:\/\/stylingagenten.com\/sv\/wp-json\/wp\/v2\/product_tag?post=48741"},{"taxonomy":"berocket_brand","embeddable":true,"href":"https:\/\/stylingagenten.com\/sv\/wp-json\/wp\/v2\/berocket_brand?post=48741"}],"curies":[{"name":"wp","href":"https:\/\/api.w.org\/{rel}","templated":true}]}}