{"id":48732,"date":"2025-02-25T15:51:25","date_gmt":"2025-02-25T15:51:25","guid":{"rendered":"https:\/\/staging2.stylingagenten.com\/sv\/produkt\/sachajuan-intensive-repair-shampoo-250ml\/"},"modified":"2026-03-11T22:02:45","modified_gmt":"2026-03-11T22:02:45","slug":"sachajuan-intensive-repair-shampoo-250ml","status":"publish","type":"product","link":"https:\/\/stylingagenten.com\/sv\/produkt\/sachajuan-intensive-repair-shampoo-250ml\/","title":{"rendered":"SACHAJUAN Intensive Repair Shampoo 250ml"},"content":{"rendered":"<p>SACHAJUAN Intensive Repair Shampoo \u00e4r f\u00f6r dig med slitet, stressat och behandlat h\u00e5r. Produkterna \u00e4r intensivt v\u00e5rdande och hj\u00e4lper till att \u00e5teruppbygga h\u00e5ret. Intensive Repair \u00e4r baserad p\u00e5 mycket h\u00f6g koncentration av Ocean Silk Technology och inneh\u00e5ller \u00e4ven egenskaper fr\u00e5n UV filter teknologi som skyddar mot solen.<\/p>\n<p>250ml<\/p>\n","protected":false},"excerpt":{"rendered":"<p>SACHAJUAN Intensive Repair Shampoo \u00e4r f\u00f6r dig med slitet, stressat och behandlat h\u00e5r. Produkterna \u00e4r intensivt v\u00e5rdande och hj\u00e4lper till att \u00e5teruppbygga h\u00e5ret. Intensive Repair \u00e4r baserad p\u00e5 mycket h\u00f6g koncentration av Ocean Silk Technology och inneh\u00e5ller \u00e4ven egenskaper fr\u00e5n UV filter teknologi som skyddar mot solen. 250ml<\/p>\n","protected":false},"featured_media":48728,"comment_status":"open","ping_status":"closed","template":"","meta":{"_trash_the_other_posts":false},"product_brand":[],"product_cat":[563],"product_tag":[],"berocket_brand":[1409],"class_list":{"0":"post-48732","1":"product","2":"type-product","3":"status-publish","4":"has-post-thumbnail","6":"product_cat-schampo","7":"pa_brand-sachajuan","8":"berocket_brand-sachajuan","10":"first","11":"instock","12":"sale","13":"taxable","14":"shipping-taxable","15":"purchasable","16":"product-type-simple"},"_links":{"self":[{"href":"https:\/\/stylingagenten.com\/sv\/wp-json\/wp\/v2\/product\/48732","targetHints":{"allow":["GET"]}}],"collection":[{"href":"https:\/\/stylingagenten.com\/sv\/wp-json\/wp\/v2\/product"}],"about":[{"href":"https:\/\/stylingagenten.com\/sv\/wp-json\/wp\/v2\/types\/product"}],"replies":[{"embeddable":true,"href":"https:\/\/stylingagenten.com\/sv\/wp-json\/wp\/v2\/comments?post=48732"}],"version-history":[{"count":0,"href":"https:\/\/stylingagenten.com\/sv\/wp-json\/wp\/v2\/product\/48732\/revisions"}],"wp:featuredmedia":[{"embeddable":true,"href":"https:\/\/stylingagenten.com\/sv\/wp-json\/wp\/v2\/media\/48728"}],"wp:attachment":[{"href":"https:\/\/stylingagenten.com\/sv\/wp-json\/wp\/v2\/media?parent=48732"}],"wp:term":[{"taxonomy":"product_brand","embeddable":true,"href":"https:\/\/stylingagenten.com\/sv\/wp-json\/wp\/v2\/product_brand?post=48732"},{"taxonomy":"product_cat","embeddable":true,"href":"https:\/\/stylingagenten.com\/sv\/wp-json\/wp\/v2\/product_cat?post=48732"},{"taxonomy":"product_tag","embeddable":true,"href":"https:\/\/stylingagenten.com\/sv\/wp-json\/wp\/v2\/product_tag?post=48732"},{"taxonomy":"berocket_brand","embeddable":true,"href":"https:\/\/stylingagenten.com\/sv\/wp-json\/wp\/v2\/berocket_brand?post=48732"}],"curies":[{"name":"wp","href":"https:\/\/api.w.org\/{rel}","templated":true}]}}