{"id":48731,"date":"2025-02-25T15:51:25","date_gmt":"2025-02-25T15:51:25","guid":{"rendered":"https:\/\/staging2.stylingagenten.com\/sv\/produkt\/sachajuan-anti-pollution-shampoo-250ml\/"},"modified":"2026-03-11T22:03:18","modified_gmt":"2026-03-11T22:03:18","slug":"sachajuan-anti-pollution-shampoo-250ml","status":"publish","type":"product","link":"https:\/\/stylingagenten.com\/sv\/produkt\/sachajuan-anti-pollution-shampoo-250ml\/","title":{"rendered":"SACHAJUAN Anti Pollution Shampoo 250ml"},"content":{"rendered":"<p>SACHAJUAN Anti Pollution hj\u00e4lper till att skydda h\u00e5ret mot de negativa effekter och skador som f\u00f6roreningar \u00e5samkar h\u00e5ret genom att skapa en skyddande yta p\u00e5 h\u00e5ret som minimerar risken att f\u00f6roreningar f\u00e5r f\u00e4ste. Inneh\u00e5ller en kombination av Gr\u00f6nt Te-extrakt och Fruktsyror (AHA) som ger h\u00e5ret fantastisk glans och en k\u00e4nsla av rent och fr\u00e4scht h\u00e5r som sitter i l\u00e4nge och g\u00f6r att du kan tv\u00e4tta h\u00e5ret mer s\u00e4llan. Med mild, ljuvlig doft av lavendel.<\/p>\n<p>250ml<\/p>\n","protected":false},"excerpt":{"rendered":"<p>SACHAJUAN Anti Pollution hj\u00e4lper till att skydda h\u00e5ret mot de negativa effekter och skador som f\u00f6roreningar \u00e5samkar h\u00e5ret genom att skapa en skyddande yta p\u00e5 h\u00e5ret som minimerar risken att f\u00f6roreningar f\u00e5r f\u00e4ste. Inneh\u00e5ller en kombination av Gr\u00f6nt Te-extrakt och Fruktsyror (AHA) som ger h\u00e5ret fantastisk glans och en k\u00e4nsla av rent och fr\u00e4scht h\u00e5r [&hellip;]<\/p>\n","protected":false},"featured_media":48727,"comment_status":"open","ping_status":"closed","template":"","meta":{"_trash_the_other_posts":false},"product_brand":[],"product_cat":[563],"product_tag":[],"berocket_brand":[1409],"class_list":{"0":"post-48731","1":"product","2":"type-product","3":"status-publish","4":"has-post-thumbnail","6":"product_cat-schampo","7":"pa_brand-sachajuan","8":"berocket_brand-sachajuan","10":"first","11":"instock","12":"sale","13":"taxable","14":"shipping-taxable","15":"purchasable","16":"product-type-simple"},"_links":{"self":[{"href":"https:\/\/stylingagenten.com\/sv\/wp-json\/wp\/v2\/product\/48731","targetHints":{"allow":["GET"]}}],"collection":[{"href":"https:\/\/stylingagenten.com\/sv\/wp-json\/wp\/v2\/product"}],"about":[{"href":"https:\/\/stylingagenten.com\/sv\/wp-json\/wp\/v2\/types\/product"}],"replies":[{"embeddable":true,"href":"https:\/\/stylingagenten.com\/sv\/wp-json\/wp\/v2\/comments?post=48731"}],"version-history":[{"count":0,"href":"https:\/\/stylingagenten.com\/sv\/wp-json\/wp\/v2\/product\/48731\/revisions"}],"wp:featuredmedia":[{"embeddable":true,"href":"https:\/\/stylingagenten.com\/sv\/wp-json\/wp\/v2\/media\/48727"}],"wp:attachment":[{"href":"https:\/\/stylingagenten.com\/sv\/wp-json\/wp\/v2\/media?parent=48731"}],"wp:term":[{"taxonomy":"product_brand","embeddable":true,"href":"https:\/\/stylingagenten.com\/sv\/wp-json\/wp\/v2\/product_brand?post=48731"},{"taxonomy":"product_cat","embeddable":true,"href":"https:\/\/stylingagenten.com\/sv\/wp-json\/wp\/v2\/product_cat?post=48731"},{"taxonomy":"product_tag","embeddable":true,"href":"https:\/\/stylingagenten.com\/sv\/wp-json\/wp\/v2\/product_tag?post=48731"},{"taxonomy":"berocket_brand","embeddable":true,"href":"https:\/\/stylingagenten.com\/sv\/wp-json\/wp\/v2\/berocket_brand?post=48731"}],"curies":[{"name":"wp","href":"https:\/\/api.w.org\/{rel}","templated":true}]}}