{"id":48723,"date":"2025-02-25T15:51:25","date_gmt":"2025-02-25T15:51:25","guid":{"rendered":"https:\/\/staging2.stylingagenten.com\/sv\/produkt\/sachajuan-normal-hair-conditioner-990ml\/"},"modified":"2026-03-11T22:06:22","modified_gmt":"2026-03-11T22:06:22","slug":"sachajuan-normal-hair-conditioner-990ml","status":"publish","type":"product","link":"https:\/\/stylingagenten.com\/sv\/produkt\/sachajuan-normal-hair-conditioner-990ml\/","title":{"rendered":"SACHAJUAN Normal Hair Conditioner 990ml"},"content":{"rendered":"<div>SACHAJUAN Normal Hair Conditioner med Ocean Silk Technology ger en \u00f6verl\u00e4gsen v\u00e5rdande och utredande effekt. Formulan bearbetar h\u00e5rets styrka, elasticitet och ger det maximal glans.<\/p>\n<p>990ml<\/p><\/div>\n","protected":false},"excerpt":{"rendered":"<p>SACHAJUAN Normal Hair Conditioner med Ocean Silk Technology ger en \u00f6verl\u00e4gsen v\u00e5rdande och utredande effekt. Formulan bearbetar h\u00e5rets styrka, elasticitet och ger det maximal glans. 990ml<\/p>\n","protected":false},"featured_media":48721,"comment_status":"open","ping_status":"closed","template":"","meta":{"_trash_the_other_posts":false},"product_brand":[],"product_cat":[587],"product_tag":[4109],"berocket_brand":[1409],"class_list":{"0":"post-48723","1":"product","2":"type-product","3":"status-publish","4":"has-post-thumbnail","6":"product_cat-balsam","7":"product_tag-sachajuan-normal-hair-conditioner","8":"pa_brand-sachajuan","9":"pa_variant-990ml","10":"berocket_brand-sachajuan","12":"first","13":"instock","14":"sale","15":"taxable","16":"shipping-taxable","17":"purchasable","18":"product-type-simple"},"_links":{"self":[{"href":"https:\/\/stylingagenten.com\/sv\/wp-json\/wp\/v2\/product\/48723","targetHints":{"allow":["GET"]}}],"collection":[{"href":"https:\/\/stylingagenten.com\/sv\/wp-json\/wp\/v2\/product"}],"about":[{"href":"https:\/\/stylingagenten.com\/sv\/wp-json\/wp\/v2\/types\/product"}],"replies":[{"embeddable":true,"href":"https:\/\/stylingagenten.com\/sv\/wp-json\/wp\/v2\/comments?post=48723"}],"version-history":[{"count":0,"href":"https:\/\/stylingagenten.com\/sv\/wp-json\/wp\/v2\/product\/48723\/revisions"}],"wp:featuredmedia":[{"embeddable":true,"href":"https:\/\/stylingagenten.com\/sv\/wp-json\/wp\/v2\/media\/48721"}],"wp:attachment":[{"href":"https:\/\/stylingagenten.com\/sv\/wp-json\/wp\/v2\/media?parent=48723"}],"wp:term":[{"taxonomy":"product_brand","embeddable":true,"href":"https:\/\/stylingagenten.com\/sv\/wp-json\/wp\/v2\/product_brand?post=48723"},{"taxonomy":"product_cat","embeddable":true,"href":"https:\/\/stylingagenten.com\/sv\/wp-json\/wp\/v2\/product_cat?post=48723"},{"taxonomy":"product_tag","embeddable":true,"href":"https:\/\/stylingagenten.com\/sv\/wp-json\/wp\/v2\/product_tag?post=48723"},{"taxonomy":"berocket_brand","embeddable":true,"href":"https:\/\/stylingagenten.com\/sv\/wp-json\/wp\/v2\/berocket_brand?post=48723"}],"curies":[{"name":"wp","href":"https:\/\/api.w.org\/{rel}","templated":true}]}}