{"id":48718,"date":"2025-02-25T15:51:23","date_gmt":"2025-02-25T15:51:23","guid":{"rendered":"https:\/\/staging2.stylingagenten.com\/sv\/produkt\/sachajuan-hairspray-strong-control-200ml\/"},"modified":"2026-03-11T22:00:59","modified_gmt":"2026-03-11T22:00:59","slug":"sachajuan-hairspray-strong-control-200ml","status":"publish","type":"product","link":"https:\/\/stylingagenten.com\/sv\/produkt\/sachajuan-hairspray-strong-control-200ml\/","title":{"rendered":"SACHAJUAN Hairspray Strong Control 200ml"},"content":{"rendered":"<p>SACHAJUAN Hairspray Strong Control \u00e4r gjord f\u00f6r att avsluta din frisyr. Den ger en stark stadga utan att vara kladdig. Sprayen kommer inte att tynga ner ditt h\u00e5r och ger kraftfull kontroll av frisyren hela dagen.<\/p>\n<p>200ml<\/p>\n","protected":false},"excerpt":{"rendered":"<p>SACHAJUAN Hairspray Strong Control \u00e4r gjord f\u00f6r att avsluta din frisyr. Den ger en stark stadga utan att vara kladdig. Sprayen kommer inte att tynga ner ditt h\u00e5r och ger kraftfull kontroll av frisyren hela dagen. 200ml<\/p>\n","protected":false},"featured_media":48717,"comment_status":"open","ping_status":"closed","template":"","meta":{"_trash_the_other_posts":false},"product_brand":[],"product_cat":[576],"product_tag":[],"berocket_brand":[1409],"class_list":{"0":"post-48718","1":"product","2":"type-product","3":"status-publish","4":"has-post-thumbnail","6":"product_cat-harspray","7":"pa_brand-sachajuan","8":"berocket_brand-sachajuan","10":"first","11":"outofstock","12":"sale","13":"taxable","14":"shipping-taxable","15":"purchasable","16":"product-type-simple"},"_links":{"self":[{"href":"https:\/\/stylingagenten.com\/sv\/wp-json\/wp\/v2\/product\/48718","targetHints":{"allow":["GET"]}}],"collection":[{"href":"https:\/\/stylingagenten.com\/sv\/wp-json\/wp\/v2\/product"}],"about":[{"href":"https:\/\/stylingagenten.com\/sv\/wp-json\/wp\/v2\/types\/product"}],"replies":[{"embeddable":true,"href":"https:\/\/stylingagenten.com\/sv\/wp-json\/wp\/v2\/comments?post=48718"}],"version-history":[{"count":0,"href":"https:\/\/stylingagenten.com\/sv\/wp-json\/wp\/v2\/product\/48718\/revisions"}],"wp:featuredmedia":[{"embeddable":true,"href":"https:\/\/stylingagenten.com\/sv\/wp-json\/wp\/v2\/media\/48717"}],"wp:attachment":[{"href":"https:\/\/stylingagenten.com\/sv\/wp-json\/wp\/v2\/media?parent=48718"}],"wp:term":[{"taxonomy":"product_brand","embeddable":true,"href":"https:\/\/stylingagenten.com\/sv\/wp-json\/wp\/v2\/product_brand?post=48718"},{"taxonomy":"product_cat","embeddable":true,"href":"https:\/\/stylingagenten.com\/sv\/wp-json\/wp\/v2\/product_cat?post=48718"},{"taxonomy":"product_tag","embeddable":true,"href":"https:\/\/stylingagenten.com\/sv\/wp-json\/wp\/v2\/product_tag?post=48718"},{"taxonomy":"berocket_brand","embeddable":true,"href":"https:\/\/stylingagenten.com\/sv\/wp-json\/wp\/v2\/berocket_brand?post=48718"}],"curies":[{"name":"wp","href":"https:\/\/api.w.org\/{rel}","templated":true}]}}