{"id":48716,"date":"2025-02-25T15:51:23","date_gmt":"2025-02-25T15:51:23","guid":{"rendered":"https:\/\/staging2.stylingagenten.com\/sv\/produkt\/sachajuan-body-wash-ginger-flower-500ml\/"},"modified":"2026-03-11T22:04:50","modified_gmt":"2026-03-11T22:04:50","slug":"sachajuan-body-wash-ginger-flower-500ml","status":"publish","type":"product","link":"https:\/\/stylingagenten.com\/sv\/produkt\/sachajuan-body-wash-ginger-flower-500ml\/","title":{"rendered":"SACHAJUAN Body Wash Ginger Flower 500ml"},"content":{"rendered":"<p>SACHAJUAN Body Wash Ginger Flower \u00e4r en skonsam kroppsreng\u00f6ring framtagen med Earth Silk Technology som verkar lugnande och \u00e5terfuktande mot huden. Din hud l\u00e4mnas ren, \u00e5terfuktad och med en blommig doft av bergamott och citron.<\/p>\n<p>500ml<\/p>\n","protected":false},"excerpt":{"rendered":"<p>SACHAJUAN Body Wash Ginger Flower \u00e4r en skonsam kroppsreng\u00f6ring framtagen med Earth Silk Technology som verkar lugnande och \u00e5terfuktande mot huden. Din hud l\u00e4mnas ren, \u00e5terfuktad och med en blommig doft av bergamott och citron. 500ml<\/p>\n","protected":false},"featured_media":48715,"comment_status":"open","ping_status":"closed","template":"","meta":{"_trash_the_other_posts":false},"product_brand":[],"product_cat":[560],"product_tag":[],"berocket_brand":[1409],"class_list":{"0":"post-48716","1":"product","2":"type-product","3":"status-publish","4":"has-post-thumbnail","6":"product_cat-duschgel","7":"pa_brand-sachajuan","8":"berocket_brand-sachajuan","10":"first","11":"instock","12":"sale","13":"taxable","14":"shipping-taxable","15":"purchasable","16":"product-type-simple"},"_links":{"self":[{"href":"https:\/\/stylingagenten.com\/sv\/wp-json\/wp\/v2\/product\/48716","targetHints":{"allow":["GET"]}}],"collection":[{"href":"https:\/\/stylingagenten.com\/sv\/wp-json\/wp\/v2\/product"}],"about":[{"href":"https:\/\/stylingagenten.com\/sv\/wp-json\/wp\/v2\/types\/product"}],"replies":[{"embeddable":true,"href":"https:\/\/stylingagenten.com\/sv\/wp-json\/wp\/v2\/comments?post=48716"}],"version-history":[{"count":0,"href":"https:\/\/stylingagenten.com\/sv\/wp-json\/wp\/v2\/product\/48716\/revisions"}],"wp:featuredmedia":[{"embeddable":true,"href":"https:\/\/stylingagenten.com\/sv\/wp-json\/wp\/v2\/media\/48715"}],"wp:attachment":[{"href":"https:\/\/stylingagenten.com\/sv\/wp-json\/wp\/v2\/media?parent=48716"}],"wp:term":[{"taxonomy":"product_brand","embeddable":true,"href":"https:\/\/stylingagenten.com\/sv\/wp-json\/wp\/v2\/product_brand?post=48716"},{"taxonomy":"product_cat","embeddable":true,"href":"https:\/\/stylingagenten.com\/sv\/wp-json\/wp\/v2\/product_cat?post=48716"},{"taxonomy":"product_tag","embeddable":true,"href":"https:\/\/stylingagenten.com\/sv\/wp-json\/wp\/v2\/product_tag?post=48716"},{"taxonomy":"berocket_brand","embeddable":true,"href":"https:\/\/stylingagenten.com\/sv\/wp-json\/wp\/v2\/berocket_brand?post=48716"}],"curies":[{"name":"wp","href":"https:\/\/api.w.org\/{rel}","templated":true}]}}