{"id":48712,"date":"2025-02-25T15:51:22","date_gmt":"2025-02-25T15:51:22","guid":{"rendered":"https:\/\/staging2.stylingagenten.com\/sv\/produkt\/sachajuan-moisturizing-conditioner-100ml\/"},"modified":"2026-03-11T21:53:11","modified_gmt":"2026-03-11T21:53:11","slug":"sachajuan-moisturizing-conditioner-100ml","status":"publish","type":"product","link":"https:\/\/stylingagenten.com\/sv\/produkt\/sachajuan-moisturizing-conditioner-100ml\/","title":{"rendered":"SACHAJUAN Moisturizing Conditioner 100ml"},"content":{"rendered":"<p>SACHAJUAN Moisturizing Conditioner \u00e4r ett extra \u00e5terfuktande balsam f\u00f6r behandlade (skadade) h\u00e5r och h\u00e5r som blekts eller slingats. Inneh\u00e5ller Ocean Silk Technology och Arganolja som reparerar, tar bort frissighet och hj\u00e4lper h\u00e5ret att bli friskt och f\u00f6ljsamt.<\/p>\n<p>100ml<\/p>\n","protected":false},"excerpt":{"rendered":"<p>SACHAJUAN Moisturizing Conditioner \u00e4r ett extra \u00e5terfuktande balsam f\u00f6r behandlade (skadade) h\u00e5r och h\u00e5r som blekts eller slingats. Inneh\u00e5ller Ocean Silk Technology och Arganolja som reparerar, tar bort frissighet och hj\u00e4lper h\u00e5ret att bli friskt och f\u00f6ljsamt. 100ml<\/p>\n","protected":false},"featured_media":48709,"comment_status":"open","ping_status":"closed","template":"","meta":{"_trash_the_other_posts":false},"product_brand":[],"product_cat":[587],"product_tag":[4107],"berocket_brand":[1409],"class_list":{"0":"post-48712","1":"product","2":"type-product","3":"status-publish","4":"has-post-thumbnail","6":"product_cat-balsam","7":"product_tag-sachajuan-moisturizing-conditioner","8":"pa_brand-sachajuan","9":"pa_variant-100ml","10":"berocket_brand-sachajuan","12":"first","13":"instock","14":"sale","15":"taxable","16":"shipping-taxable","17":"purchasable","18":"product-type-simple"},"_links":{"self":[{"href":"https:\/\/stylingagenten.com\/sv\/wp-json\/wp\/v2\/product\/48712","targetHints":{"allow":["GET"]}}],"collection":[{"href":"https:\/\/stylingagenten.com\/sv\/wp-json\/wp\/v2\/product"}],"about":[{"href":"https:\/\/stylingagenten.com\/sv\/wp-json\/wp\/v2\/types\/product"}],"replies":[{"embeddable":true,"href":"https:\/\/stylingagenten.com\/sv\/wp-json\/wp\/v2\/comments?post=48712"}],"version-history":[{"count":0,"href":"https:\/\/stylingagenten.com\/sv\/wp-json\/wp\/v2\/product\/48712\/revisions"}],"wp:featuredmedia":[{"embeddable":true,"href":"https:\/\/stylingagenten.com\/sv\/wp-json\/wp\/v2\/media\/48709"}],"wp:attachment":[{"href":"https:\/\/stylingagenten.com\/sv\/wp-json\/wp\/v2\/media?parent=48712"}],"wp:term":[{"taxonomy":"product_brand","embeddable":true,"href":"https:\/\/stylingagenten.com\/sv\/wp-json\/wp\/v2\/product_brand?post=48712"},{"taxonomy":"product_cat","embeddable":true,"href":"https:\/\/stylingagenten.com\/sv\/wp-json\/wp\/v2\/product_cat?post=48712"},{"taxonomy":"product_tag","embeddable":true,"href":"https:\/\/stylingagenten.com\/sv\/wp-json\/wp\/v2\/product_tag?post=48712"},{"taxonomy":"berocket_brand","embeddable":true,"href":"https:\/\/stylingagenten.com\/sv\/wp-json\/wp\/v2\/berocket_brand?post=48712"}],"curies":[{"name":"wp","href":"https:\/\/api.w.org\/{rel}","templated":true}]}}