{"id":48702,"date":"2025-02-25T15:51:19","date_gmt":"2025-02-25T15:51:19","guid":{"rendered":"https:\/\/staging2.stylingagenten.com\/sv\/produkt\/paul-mitchell-platinum-plus-shampoo-1000ml\/"},"modified":"2026-04-08T15:28:55","modified_gmt":"2026-04-08T15:28:55","slug":"paul-mitchell-platinum-plus-shampoo-1000ml","status":"publish","type":"product","link":"https:\/\/stylingagenten.com\/sv\/produkt\/paul-mitchell-platinum-plus-shampoo-1000ml\/","title":{"rendered":"Paul Mitchell Platinum Plus Shampoo 1000ml"},"content":{"rendered":"<p>Paul Mitchell Platinum Plus Shampoo ger en djup violett ton till medium till m\u00f6rkblonda och slingade h\u00e5r.<br \/>\n<br \/>F\u00f6r medium till m\u00f6rkblonda och slingade h\u00e5r.<br \/>\n<br \/>\u2022H\u00f6gkoncentrerad pigmenterat violett shampoo som snabbt ger ett resultatf\u00f6r att korrigera gula toner.<br \/>\n<br \/>\u2022Inneh\u00e5ller en sammans\u00e4ttning av  avocado, Yangu, Camellia och Abyssinian olja f\u00f6r att ge glans. H\u00e5ret k\u00e4nns mjukt, \u00e5terfuktat och f\u00e5r enh\u00e4rlig glans.<\/p>\n<p>1000ml<\/p>\n","protected":false},"excerpt":{"rendered":"<p>Paul Mitchell Platinum Plus Shampoo ger en djup violett ton till medium till m\u00f6rkblonda och slingade h\u00e5r. F\u00f6r medium till m\u00f6rkblonda och slingade h\u00e5r. \u2022H\u00f6gkoncentrerad pigmenterat violett shampoo som snabbt ger ett resultatf\u00f6r att korrigera gula toner. \u2022Inneh\u00e5ller en sammans\u00e4ttning av avocado, Yangu, Camellia och Abyssinian olja f\u00f6r att ge glans. H\u00e5ret k\u00e4nns mjukt, \u00e5terfuktat [&hellip;]<\/p>\n","protected":false},"featured_media":48694,"comment_status":"open","ping_status":"closed","template":"","meta":{"_trash_the_other_posts":false},"product_brand":[],"product_cat":[563],"product_tag":[3924],"berocket_brand":[1053],"class_list":{"0":"post-48702","1":"product","2":"type-product","3":"status-publish","4":"has-post-thumbnail","6":"product_cat-schampo","7":"product_tag-paul-mitchell-platinum-plus-shampoo","8":"pa_brand-paul-mitchell","9":"pa_variant-1000ml","10":"berocket_brand-paul-mitchell","12":"first","13":"instock","14":"sale","15":"taxable","16":"shipping-taxable","17":"purchasable","18":"product-type-simple"},"_links":{"self":[{"href":"https:\/\/stylingagenten.com\/sv\/wp-json\/wp\/v2\/product\/48702","targetHints":{"allow":["GET"]}}],"collection":[{"href":"https:\/\/stylingagenten.com\/sv\/wp-json\/wp\/v2\/product"}],"about":[{"href":"https:\/\/stylingagenten.com\/sv\/wp-json\/wp\/v2\/types\/product"}],"replies":[{"embeddable":true,"href":"https:\/\/stylingagenten.com\/sv\/wp-json\/wp\/v2\/comments?post=48702"}],"version-history":[{"count":0,"href":"https:\/\/stylingagenten.com\/sv\/wp-json\/wp\/v2\/product\/48702\/revisions"}],"wp:featuredmedia":[{"embeddable":true,"href":"https:\/\/stylingagenten.com\/sv\/wp-json\/wp\/v2\/media\/48694"}],"wp:attachment":[{"href":"https:\/\/stylingagenten.com\/sv\/wp-json\/wp\/v2\/media?parent=48702"}],"wp:term":[{"taxonomy":"product_brand","embeddable":true,"href":"https:\/\/stylingagenten.com\/sv\/wp-json\/wp\/v2\/product_brand?post=48702"},{"taxonomy":"product_cat","embeddable":true,"href":"https:\/\/stylingagenten.com\/sv\/wp-json\/wp\/v2\/product_cat?post=48702"},{"taxonomy":"product_tag","embeddable":true,"href":"https:\/\/stylingagenten.com\/sv\/wp-json\/wp\/v2\/product_tag?post=48702"},{"taxonomy":"berocket_brand","embeddable":true,"href":"https:\/\/stylingagenten.com\/sv\/wp-json\/wp\/v2\/berocket_brand?post=48702"}],"curies":[{"name":"wp","href":"https:\/\/api.w.org\/{rel}","templated":true}]}}