{"id":48701,"date":"2025-02-25T15:51:19","date_gmt":"2025-02-25T15:51:19","guid":{"rendered":"https:\/\/staging2.stylingagenten.com\/sv\/produkt\/sachajuan-ocean-mist-50ml\/"},"modified":"2026-03-11T21:51:11","modified_gmt":"2026-03-11T21:51:11","slug":"sachajuan-ocean-mist-50ml","status":"publish","type":"product","link":"https:\/\/stylingagenten.com\/sv\/produkt\/sachajuan-ocean-mist-50ml\/","title":{"rendered":"SACHAJUAN Ocean Mist 50ml"},"content":{"rendered":"<p>SACHAJUAN ger h\u00e5ret en h\u00e4rlig sommark\u00e4nsla. H\u00e5ret f\u00e5r en naturlig struktur och volym som om du varit p\u00e5 stranden, solat och badat hela dagen. Applicera i fuktigt eller torrt h\u00e5r.<\/p>\n<p>50ml<\/p>\n","protected":false},"excerpt":{"rendered":"<p>SACHAJUAN ger h\u00e5ret en h\u00e4rlig sommark\u00e4nsla. H\u00e5ret f\u00e5r en naturlig struktur och volym som om du varit p\u00e5 stranden, solat och badat hela dagen. Applicera i fuktigt eller torrt h\u00e5r. 50ml<\/p>\n","protected":false},"featured_media":48698,"comment_status":"open","ping_status":"closed","template":"","meta":{"_trash_the_other_posts":false},"product_brand":[],"product_cat":[603],"product_tag":[4111],"berocket_brand":[1409],"class_list":{"0":"post-48701","1":"product","2":"type-product","3":"status-publish","4":"has-post-thumbnail","6":"product_cat-saltvattenspray","7":"product_tag-sachajuan-ocean-mist","8":"pa_brand-sachajuan","9":"pa_variant-50ml","10":"berocket_brand-sachajuan","12":"first","13":"instock","14":"sale","15":"taxable","16":"shipping-taxable","17":"purchasable","18":"product-type-simple"},"_links":{"self":[{"href":"https:\/\/stylingagenten.com\/sv\/wp-json\/wp\/v2\/product\/48701","targetHints":{"allow":["GET"]}}],"collection":[{"href":"https:\/\/stylingagenten.com\/sv\/wp-json\/wp\/v2\/product"}],"about":[{"href":"https:\/\/stylingagenten.com\/sv\/wp-json\/wp\/v2\/types\/product"}],"replies":[{"embeddable":true,"href":"https:\/\/stylingagenten.com\/sv\/wp-json\/wp\/v2\/comments?post=48701"}],"version-history":[{"count":0,"href":"https:\/\/stylingagenten.com\/sv\/wp-json\/wp\/v2\/product\/48701\/revisions"}],"wp:featuredmedia":[{"embeddable":true,"href":"https:\/\/stylingagenten.com\/sv\/wp-json\/wp\/v2\/media\/48698"}],"wp:attachment":[{"href":"https:\/\/stylingagenten.com\/sv\/wp-json\/wp\/v2\/media?parent=48701"}],"wp:term":[{"taxonomy":"product_brand","embeddable":true,"href":"https:\/\/stylingagenten.com\/sv\/wp-json\/wp\/v2\/product_brand?post=48701"},{"taxonomy":"product_cat","embeddable":true,"href":"https:\/\/stylingagenten.com\/sv\/wp-json\/wp\/v2\/product_cat?post=48701"},{"taxonomy":"product_tag","embeddable":true,"href":"https:\/\/stylingagenten.com\/sv\/wp-json\/wp\/v2\/product_tag?post=48701"},{"taxonomy":"berocket_brand","embeddable":true,"href":"https:\/\/stylingagenten.com\/sv\/wp-json\/wp\/v2\/berocket_brand?post=48701"}],"curies":[{"name":"wp","href":"https:\/\/api.w.org\/{rel}","templated":true}]}}