{"id":48584,"date":"2025-02-25T15:50:59","date_gmt":"2025-02-25T15:50:59","guid":{"rendered":"https:\/\/staging2.stylingagenten.com\/sv\/produkt\/bondi-sands-liquid-gold-tanning-oil-150ml\/"},"modified":"2026-04-14T20:18:23","modified_gmt":"2026-04-14T20:18:23","slug":"bondi-sands-liquid-gold-tanning-oil-150ml","status":"publish","type":"product","link":"https:\/\/stylingagenten.com\/sv\/produkt\/bondi-sands-liquid-gold-tanning-oil-150ml\/","title":{"rendered":"Bondi Sands Liquid Gold Tanning Oil 150ml"},"content":{"rendered":"<p>Sol, strand och hav &#8211; upplev k\u00e4nslan av den australiensiska dr\u00f6mmen. Bondi Sands Liquid Gold Dry Oil ger din hud ett gyllene skimmer och torkar p\u00e5 ett par sekunder.<\/p>\n<p>Steg 1: F\u00f6r en j\u00e4mn gyllene ton, g\u00f6r huden ren och mjuk med Bondi Sands exfolieringshandske.<\/p>\n<p>Steg 2: Sm\u00f6rj in h\u00e4nder, kn\u00e4n och andra torra omr\u00e5den med en l\u00e4tt fuktkr\u00e4m innan appliceringen.<\/p>\n<p>Steg 3: Applicera Liquid Gold direkt p\u00e5 huden. Anv\u00e4nd Bondi Sands appliceringshandske och arbeta in oljan p\u00e5 ben, armar och kropp med l\u00e5nga svepande r\u00f6relser. Anv\u00e4nd det som \u00e4r kvar i handsken f\u00f6r ansikte, armb\u00e5gar och kn\u00e4n.<\/p>\n<p>Steg 4: Du beh\u00f6ver inte duscha efter\u00e5t \u2013 bara att kl\u00e4 p\u00e5 dig s\u00e5 \u00e4r du redo!<\/p>\n","protected":false},"excerpt":{"rendered":"<p>Sol, strand och hav &#8211; upplev k\u00e4nslan av den australiensiska dr\u00f6mmen. Bondi Sands Liquid Gold Dry Oil ger din hud ett gyllene skimmer och torkar p\u00e5 ett par sekunder. Steg 1: F\u00f6r en j\u00e4mn gyllene ton, g\u00f6r huden ren och mjuk med Bondi Sands exfolieringshandske. Steg 2: Sm\u00f6rj in h\u00e4nder, kn\u00e4n och andra torra omr\u00e5den [&hellip;]<\/p>\n","protected":false},"featured_media":48575,"comment_status":"open","ping_status":"closed","template":"","meta":{"_trash_the_other_posts":false},"product_brand":[],"product_cat":[561],"product_tag":[],"berocket_brand":[1376],"class_list":{"0":"post-48584","1":"product","2":"type-product","3":"status-publish","4":"has-post-thumbnail","6":"product_cat-brun-utan-sol","7":"pa_brand-bondi-sands","8":"berocket_brand-bondi-sands","10":"first","11":"instock","12":"sale","13":"taxable","14":"shipping-taxable","15":"purchasable","16":"product-type-simple"},"_links":{"self":[{"href":"https:\/\/stylingagenten.com\/sv\/wp-json\/wp\/v2\/product\/48584","targetHints":{"allow":["GET"]}}],"collection":[{"href":"https:\/\/stylingagenten.com\/sv\/wp-json\/wp\/v2\/product"}],"about":[{"href":"https:\/\/stylingagenten.com\/sv\/wp-json\/wp\/v2\/types\/product"}],"replies":[{"embeddable":true,"href":"https:\/\/stylingagenten.com\/sv\/wp-json\/wp\/v2\/comments?post=48584"}],"version-history":[{"count":0,"href":"https:\/\/stylingagenten.com\/sv\/wp-json\/wp\/v2\/product\/48584\/revisions"}],"wp:featuredmedia":[{"embeddable":true,"href":"https:\/\/stylingagenten.com\/sv\/wp-json\/wp\/v2\/media\/48575"}],"wp:attachment":[{"href":"https:\/\/stylingagenten.com\/sv\/wp-json\/wp\/v2\/media?parent=48584"}],"wp:term":[{"taxonomy":"product_brand","embeddable":true,"href":"https:\/\/stylingagenten.com\/sv\/wp-json\/wp\/v2\/product_brand?post=48584"},{"taxonomy":"product_cat","embeddable":true,"href":"https:\/\/stylingagenten.com\/sv\/wp-json\/wp\/v2\/product_cat?post=48584"},{"taxonomy":"product_tag","embeddable":true,"href":"https:\/\/stylingagenten.com\/sv\/wp-json\/wp\/v2\/product_tag?post=48584"},{"taxonomy":"berocket_brand","embeddable":true,"href":"https:\/\/stylingagenten.com\/sv\/wp-json\/wp\/v2\/berocket_brand?post=48584"}],"curies":[{"name":"wp","href":"https:\/\/api.w.org\/{rel}","templated":true}]}}