{"id":48580,"date":"2025-02-25T15:50:59","date_gmt":"2025-02-25T15:50:59","guid":{"rendered":"https:\/\/staging2.stylingagenten.com\/sv\/produkt\/samba-paradise-woman-edt-100ml\/"},"modified":"2026-04-13T20:28:37","modified_gmt":"2026-04-13T20:28:37","slug":"samba-paradise-woman-edt-100ml","status":"publish","type":"product","link":"https:\/\/stylingagenten.com\/sv\/produkt\/samba-paradise-woman-edt-100ml\/","title":{"rendered":"Samba Paradise Woman Edt 100ml"},"content":{"rendered":"<p>F\u00f6rdjupa dig i essensen av Samba Paradise Woman Edt som f\u00e5ngar de pulserande rytmerna och f\u00e4rgerna i en tropisk vind! Doften \u00f6ppnar med en explosion av exotisk friskhet och lovar att f\u00f6ra dig till en v\u00e4rld d\u00e4r livets dans \u00e4r evig. <\/p>\n<p>Toppnoter: Yuzu, Citronskal, Mandarin<br \/>\n<br \/>Hj\u00e4rtnoter: Svartpeppar, Osmanthus<br \/>\n<br \/>Basnoter: Cedertr\u00e4<\/p>\n<p>100 ml<\/p>\n","protected":false},"excerpt":{"rendered":"<p>F\u00f6rdjupa dig i essensen av Samba Paradise Woman Edt som f\u00e5ngar de pulserande rytmerna och f\u00e4rgerna i en tropisk vind! Doften \u00f6ppnar med en explosion av exotisk friskhet och lovar att f\u00f6ra dig till en v\u00e4rld d\u00e4r livets dans \u00e4r evig. Toppnoter: Yuzu, Citronskal, Mandarin Hj\u00e4rtnoter: Svartpeppar, Osmanthus Basnoter: Cedertr\u00e4 100 ml<\/p>\n","protected":false},"featured_media":48570,"comment_status":"open","ping_status":"closed","template":"","meta":{"_trash_the_other_posts":false},"product_brand":[],"product_cat":[707,735,999],"product_tag":[],"berocket_brand":[1381],"class_list":{"0":"post-48580","1":"product","2":"type-product","3":"status-publish","4":"has-post-thumbnail","6":"product_cat-eau-de-toilette-dam","7":"product_cat-kampanj","8":"product_cat-kampanj-for-henne","9":"pa_brand-samba","10":"berocket_brand-samba","12":"first","13":"instock","14":"sale","15":"taxable","16":"shipping-taxable","17":"purchasable","18":"product-type-simple"},"_links":{"self":[{"href":"https:\/\/stylingagenten.com\/sv\/wp-json\/wp\/v2\/product\/48580","targetHints":{"allow":["GET"]}}],"collection":[{"href":"https:\/\/stylingagenten.com\/sv\/wp-json\/wp\/v2\/product"}],"about":[{"href":"https:\/\/stylingagenten.com\/sv\/wp-json\/wp\/v2\/types\/product"}],"replies":[{"embeddable":true,"href":"https:\/\/stylingagenten.com\/sv\/wp-json\/wp\/v2\/comments?post=48580"}],"version-history":[{"count":0,"href":"https:\/\/stylingagenten.com\/sv\/wp-json\/wp\/v2\/product\/48580\/revisions"}],"wp:featuredmedia":[{"embeddable":true,"href":"https:\/\/stylingagenten.com\/sv\/wp-json\/wp\/v2\/media\/48570"}],"wp:attachment":[{"href":"https:\/\/stylingagenten.com\/sv\/wp-json\/wp\/v2\/media?parent=48580"}],"wp:term":[{"taxonomy":"product_brand","embeddable":true,"href":"https:\/\/stylingagenten.com\/sv\/wp-json\/wp\/v2\/product_brand?post=48580"},{"taxonomy":"product_cat","embeddable":true,"href":"https:\/\/stylingagenten.com\/sv\/wp-json\/wp\/v2\/product_cat?post=48580"},{"taxonomy":"product_tag","embeddable":true,"href":"https:\/\/stylingagenten.com\/sv\/wp-json\/wp\/v2\/product_tag?post=48580"},{"taxonomy":"berocket_brand","embeddable":true,"href":"https:\/\/stylingagenten.com\/sv\/wp-json\/wp\/v2\/berocket_brand?post=48580"}],"curies":[{"name":"wp","href":"https:\/\/api.w.org\/{rel}","templated":true}]}}