{"id":48554,"date":"2025-02-25T15:50:53","date_gmt":"2025-02-25T15:50:53","guid":{"rendered":"https:\/\/staging2.stylingagenten.com\/sv\/produkt\/malibu-dry-oil-spray-spf20-100ml\/"},"modified":"2026-04-01T14:38:29","modified_gmt":"2026-04-01T14:38:29","slug":"malibu-dry-oil-spray-spf20-100ml","status":"publish","type":"product","link":"https:\/\/stylingagenten.com\/sv\/produkt\/malibu-dry-oil-spray-spf20-100ml\/","title":{"rendered":"Malibu Dry Oil Spray SPF20 100ml"},"content":{"rendered":"<p>Malibu Dry Oil Spray SPF 20 ger mellan h\u00f6gt skydd mot UVA- och UVB-str\u00e5lar. Det \u00e4r en fotostabil olja som kliniskt har visat sig vara sn\u00e4ll mot de flesta hudtyper. Vidare \u00e4r det vitaminberikat, vattent\u00e5lig, torr i strukturen och l\u00e4tt att applicera \u00f6ver hela kroppen.<\/p>\n<p>100ml<\/p>\n","protected":false},"excerpt":{"rendered":"<p>Malibu Dry Oil Spray SPF 20 ger mellan h\u00f6gt skydd mot UVA- och UVB-str\u00e5lar. Det \u00e4r en fotostabil olja som kliniskt har visat sig vara sn\u00e4ll mot de flesta hudtyper. Vidare \u00e4r det vitaminberikat, vattent\u00e5lig, torr i strukturen och l\u00e4tt att applicera \u00f6ver hela kroppen. 100ml<\/p>\n","protected":false},"featured_media":48553,"comment_status":"open","ping_status":"closed","template":"","meta":{"_trash_the_other_posts":false},"product_brand":[],"product_cat":[573],"product_tag":[3469],"berocket_brand":[1241],"class_list":{"0":"post-48554","1":"product","2":"type-product","3":"status-publish","4":"has-post-thumbnail","6":"product_cat-solskydd","7":"product_tag-malibu-dry-oil-spray-spf20","8":"pa_brand-malibu","9":"pa_variant-100ml","10":"berocket_brand-malibu","12":"first","13":"instock","14":"sale","15":"taxable","16":"shipping-taxable","17":"purchasable","18":"product-type-simple"},"_links":{"self":[{"href":"https:\/\/stylingagenten.com\/sv\/wp-json\/wp\/v2\/product\/48554","targetHints":{"allow":["GET"]}}],"collection":[{"href":"https:\/\/stylingagenten.com\/sv\/wp-json\/wp\/v2\/product"}],"about":[{"href":"https:\/\/stylingagenten.com\/sv\/wp-json\/wp\/v2\/types\/product"}],"replies":[{"embeddable":true,"href":"https:\/\/stylingagenten.com\/sv\/wp-json\/wp\/v2\/comments?post=48554"}],"version-history":[{"count":0,"href":"https:\/\/stylingagenten.com\/sv\/wp-json\/wp\/v2\/product\/48554\/revisions"}],"wp:featuredmedia":[{"embeddable":true,"href":"https:\/\/stylingagenten.com\/sv\/wp-json\/wp\/v2\/media\/48553"}],"wp:attachment":[{"href":"https:\/\/stylingagenten.com\/sv\/wp-json\/wp\/v2\/media?parent=48554"}],"wp:term":[{"taxonomy":"product_brand","embeddable":true,"href":"https:\/\/stylingagenten.com\/sv\/wp-json\/wp\/v2\/product_brand?post=48554"},{"taxonomy":"product_cat","embeddable":true,"href":"https:\/\/stylingagenten.com\/sv\/wp-json\/wp\/v2\/product_cat?post=48554"},{"taxonomy":"product_tag","embeddable":true,"href":"https:\/\/stylingagenten.com\/sv\/wp-json\/wp\/v2\/product_tag?post=48554"},{"taxonomy":"berocket_brand","embeddable":true,"href":"https:\/\/stylingagenten.com\/sv\/wp-json\/wp\/v2\/berocket_brand?post=48554"}],"curies":[{"name":"wp","href":"https:\/\/api.w.org\/{rel}","templated":true}]}}