{"id":48549,"date":"2025-02-25T15:50:52","date_gmt":"2025-02-25T15:50:52","guid":{"rendered":"https:\/\/staging2.stylingagenten.com\/sv\/produkt\/malibu-sun-lotion-spf20-100ml\/"},"modified":"2026-04-07T19:08:23","modified_gmt":"2026-04-07T19:08:23","slug":"malibu-sun-lotion-spf20-100ml","status":"publish","type":"product","link":"https:\/\/stylingagenten.com\/sv\/produkt\/malibu-sun-lotion-spf20-100ml\/","title":{"rendered":"Malibu Sun Lotion SPF20 100ml"},"content":{"rendered":"<p>Malibu Sun Lotion SPF20 ger medium h\u00f6gt skydd mot UVA- och UVB-str\u00e5lar. Det \u00e4r en fotostabil lotion som kliniskt har visat sig vara sn\u00e4ll mot de flesta hudtyper. Vidare \u00e4r det vitaminberikat och vattent\u00e5lig. Solskyddet \u00e4r l\u00e4tt att applicera och \u00e4r perfekt f\u00f6r stranden och semestern.<\/p>\n<p>100ml<\/p>\n","protected":false},"excerpt":{"rendered":"<p>Malibu Sun Lotion SPF20 ger medium h\u00f6gt skydd mot UVA- och UVB-str\u00e5lar. Det \u00e4r en fotostabil lotion som kliniskt har visat sig vara sn\u00e4ll mot de flesta hudtyper. Vidare \u00e4r det vitaminberikat och vattent\u00e5lig. Solskyddet \u00e4r l\u00e4tt att applicera och \u00e4r perfekt f\u00f6r stranden och semestern. 100ml<\/p>\n","protected":false},"featured_media":48546,"comment_status":"open","ping_status":"closed","template":"","meta":{"_trash_the_other_posts":false},"product_brand":[],"product_cat":[573],"product_tag":[3477],"berocket_brand":[1241],"class_list":{"0":"post-48549","1":"product","2":"type-product","3":"status-publish","4":"has-post-thumbnail","6":"product_cat-solskydd","7":"product_tag-malibu-sun-lotion-spf20","8":"pa_brand-malibu","9":"pa_variant-100ml","10":"berocket_brand-malibu","12":"first","13":"instock","14":"sale","15":"taxable","16":"shipping-taxable","17":"purchasable","18":"product-type-simple"},"_links":{"self":[{"href":"https:\/\/stylingagenten.com\/sv\/wp-json\/wp\/v2\/product\/48549","targetHints":{"allow":["GET"]}}],"collection":[{"href":"https:\/\/stylingagenten.com\/sv\/wp-json\/wp\/v2\/product"}],"about":[{"href":"https:\/\/stylingagenten.com\/sv\/wp-json\/wp\/v2\/types\/product"}],"replies":[{"embeddable":true,"href":"https:\/\/stylingagenten.com\/sv\/wp-json\/wp\/v2\/comments?post=48549"}],"version-history":[{"count":0,"href":"https:\/\/stylingagenten.com\/sv\/wp-json\/wp\/v2\/product\/48549\/revisions"}],"wp:featuredmedia":[{"embeddable":true,"href":"https:\/\/stylingagenten.com\/sv\/wp-json\/wp\/v2\/media\/48546"}],"wp:attachment":[{"href":"https:\/\/stylingagenten.com\/sv\/wp-json\/wp\/v2\/media?parent=48549"}],"wp:term":[{"taxonomy":"product_brand","embeddable":true,"href":"https:\/\/stylingagenten.com\/sv\/wp-json\/wp\/v2\/product_brand?post=48549"},{"taxonomy":"product_cat","embeddable":true,"href":"https:\/\/stylingagenten.com\/sv\/wp-json\/wp\/v2\/product_cat?post=48549"},{"taxonomy":"product_tag","embeddable":true,"href":"https:\/\/stylingagenten.com\/sv\/wp-json\/wp\/v2\/product_tag?post=48549"},{"taxonomy":"berocket_brand","embeddable":true,"href":"https:\/\/stylingagenten.com\/sv\/wp-json\/wp\/v2\/berocket_brand?post=48549"}],"curies":[{"name":"wp","href":"https:\/\/api.w.org\/{rel}","templated":true}]}}