{"id":48541,"date":"2025-02-25T15:50:50","date_gmt":"2025-02-25T15:50:50","guid":{"rendered":"https:\/\/staging2.stylingagenten.com\/sv\/produkt\/malibu-sun-lotion-spf50-100ml\/"},"modified":"2026-03-13T18:56:23","modified_gmt":"2026-03-13T18:56:23","slug":"malibu-sun-lotion-spf50-100ml","status":"publish","type":"product","link":"https:\/\/stylingagenten.com\/sv\/produkt\/malibu-sun-lotion-spf50-100ml\/","title":{"rendered":"Malibu Sun Lotion SPF50 100ml"},"content":{"rendered":"<p>Malibu SPF50 Lotion ger h\u00f6gt skydd mot UVA- och UVB-str\u00e5lar. Det \u00e4r en fotostabil lotion som kliniskt har visat sig vara sn\u00e4ll mot de flesta hudtyper. Solskyddet \u00e4r vattent\u00e5ligt samt berikat med vitamin E och aloe vera.<br \/>\n<br \/>Solskyddet \u00e4r l\u00e4tt att applicera och \u00e4r perfekt f\u00f6r stranden och semestern.<\/p>\n<p>100ml<\/p>\n","protected":false},"excerpt":{"rendered":"<p>Malibu SPF50 Lotion ger h\u00f6gt skydd mot UVA- och UVB-str\u00e5lar. Det \u00e4r en fotostabil lotion som kliniskt har visat sig vara sn\u00e4ll mot de flesta hudtyper. Solskyddet \u00e4r vattent\u00e5ligt samt berikat med vitamin E och aloe vera. Solskyddet \u00e4r l\u00e4tt att applicera och \u00e4r perfekt f\u00f6r stranden och semestern. 100ml<\/p>\n","protected":false},"featured_media":48540,"comment_status":"open","ping_status":"closed","template":"","meta":{"_trash_the_other_posts":false},"product_brand":[],"product_cat":[573],"product_tag":[3479],"berocket_brand":[1241],"class_list":{"0":"post-48541","1":"product","2":"type-product","3":"status-publish","4":"has-post-thumbnail","6":"product_cat-solskydd","7":"product_tag-malibu-sun-lotion-spf50","8":"pa_brand-malibu","9":"pa_variant-100ml","10":"berocket_brand-malibu","12":"first","13":"instock","14":"sale","15":"taxable","16":"shipping-taxable","17":"purchasable","18":"product-type-simple"},"_links":{"self":[{"href":"https:\/\/stylingagenten.com\/sv\/wp-json\/wp\/v2\/product\/48541","targetHints":{"allow":["GET"]}}],"collection":[{"href":"https:\/\/stylingagenten.com\/sv\/wp-json\/wp\/v2\/product"}],"about":[{"href":"https:\/\/stylingagenten.com\/sv\/wp-json\/wp\/v2\/types\/product"}],"replies":[{"embeddable":true,"href":"https:\/\/stylingagenten.com\/sv\/wp-json\/wp\/v2\/comments?post=48541"}],"version-history":[{"count":0,"href":"https:\/\/stylingagenten.com\/sv\/wp-json\/wp\/v2\/product\/48541\/revisions"}],"wp:featuredmedia":[{"embeddable":true,"href":"https:\/\/stylingagenten.com\/sv\/wp-json\/wp\/v2\/media\/48540"}],"wp:attachment":[{"href":"https:\/\/stylingagenten.com\/sv\/wp-json\/wp\/v2\/media?parent=48541"}],"wp:term":[{"taxonomy":"product_brand","embeddable":true,"href":"https:\/\/stylingagenten.com\/sv\/wp-json\/wp\/v2\/product_brand?post=48541"},{"taxonomy":"product_cat","embeddable":true,"href":"https:\/\/stylingagenten.com\/sv\/wp-json\/wp\/v2\/product_cat?post=48541"},{"taxonomy":"product_tag","embeddable":true,"href":"https:\/\/stylingagenten.com\/sv\/wp-json\/wp\/v2\/product_tag?post=48541"},{"taxonomy":"berocket_brand","embeddable":true,"href":"https:\/\/stylingagenten.com\/sv\/wp-json\/wp\/v2\/berocket_brand?post=48541"}],"curies":[{"name":"wp","href":"https:\/\/api.w.org\/{rel}","templated":true}]}}