{"id":48528,"date":"2025-02-25T15:50:47","date_gmt":"2025-02-25T15:50:47","guid":{"rendered":"https:\/\/staging2.stylingagenten.com\/sv\/produkt\/burberry-mr-burberry-edt-100ml\/"},"modified":"2026-03-25T09:48:49","modified_gmt":"2026-03-25T09:48:49","slug":"burberry-mr-burberry-edt-100ml","status":"publish","type":"product","link":"https:\/\/stylingagenten.com\/sv\/produkt\/burberry-mr-burberry-edt-100ml\/","title":{"rendered":"Burberry Mr Burberry Edt 100ml"},"content":{"rendered":"<p>Burberry Mr. Burberry \u00e4r en maskulin och sofistikerad doft som representerar en man med kontraster.<\/p>\n<p>Doftnoter: grapefrukt, dragon, kardemumma, bj\u00f6rkl\u00f6v, muskotn\u00f6ts olja, cedertr\u00e4, vetiver, guaictr\u00e4 &amp; sandeltr\u00e4.<\/p>\n<p>100ml<\/p>\n","protected":false},"excerpt":{"rendered":"<p>Burberry Mr. Burberry \u00e4r en maskulin och sofistikerad doft som representerar en man med kontraster. Doftnoter: grapefrukt, dragon, kardemumma, bj\u00f6rkl\u00f6v, muskotn\u00f6ts olja, cedertr\u00e4, vetiver, guaictr\u00e4 &amp; sandeltr\u00e4. 100ml<\/p>\n","protected":false},"featured_media":48521,"comment_status":"open","ping_status":"closed","template":"","meta":{"_trash_the_other_posts":false},"product_brand":[],"product_cat":[709,735,1000,1006],"product_tag":[],"berocket_brand":[1017],"class_list":{"0":"post-48528","1":"product","2":"type-product","3":"status-publish","4":"has-post-thumbnail","6":"product_cat-eau-de-toilette-herr","7":"product_cat-kampanj","8":"product_cat-kampanj-for-honom","9":"product_cat-kampanjpris","10":"pa_brand-burberry","11":"berocket_brand-burberry","13":"first","14":"instock","15":"sale","16":"taxable","17":"shipping-taxable","18":"purchasable","19":"product-type-simple"},"_links":{"self":[{"href":"https:\/\/stylingagenten.com\/sv\/wp-json\/wp\/v2\/product\/48528","targetHints":{"allow":["GET"]}}],"collection":[{"href":"https:\/\/stylingagenten.com\/sv\/wp-json\/wp\/v2\/product"}],"about":[{"href":"https:\/\/stylingagenten.com\/sv\/wp-json\/wp\/v2\/types\/product"}],"replies":[{"embeddable":true,"href":"https:\/\/stylingagenten.com\/sv\/wp-json\/wp\/v2\/comments?post=48528"}],"version-history":[{"count":0,"href":"https:\/\/stylingagenten.com\/sv\/wp-json\/wp\/v2\/product\/48528\/revisions"}],"wp:featuredmedia":[{"embeddable":true,"href":"https:\/\/stylingagenten.com\/sv\/wp-json\/wp\/v2\/media\/48521"}],"wp:attachment":[{"href":"https:\/\/stylingagenten.com\/sv\/wp-json\/wp\/v2\/media?parent=48528"}],"wp:term":[{"taxonomy":"product_brand","embeddable":true,"href":"https:\/\/stylingagenten.com\/sv\/wp-json\/wp\/v2\/product_brand?post=48528"},{"taxonomy":"product_cat","embeddable":true,"href":"https:\/\/stylingagenten.com\/sv\/wp-json\/wp\/v2\/product_cat?post=48528"},{"taxonomy":"product_tag","embeddable":true,"href":"https:\/\/stylingagenten.com\/sv\/wp-json\/wp\/v2\/product_tag?post=48528"},{"taxonomy":"berocket_brand","embeddable":true,"href":"https:\/\/stylingagenten.com\/sv\/wp-json\/wp\/v2\/berocket_brand?post=48528"}],"curies":[{"name":"wp","href":"https:\/\/api.w.org\/{rel}","templated":true}]}}