{"id":48519,"date":"2025-02-25T15:50:45","date_gmt":"2025-02-25T15:50:45","guid":{"rendered":"https:\/\/staging2.stylingagenten.com\/sv\/produkt\/versace-crystal-noir-edp-90ml\/"},"modified":"2026-04-06T11:18:40","modified_gmt":"2026-04-06T11:18:40","slug":"versace-crystal-noir-edp-90ml","status":"publish","type":"product","link":"https:\/\/stylingagenten.com\/sv\/produkt\/versace-crystal-noir-edp-90ml\/","title":{"rendered":"Versace Crystal Noir Edp 90ml"},"content":{"rendered":"<p>Versace Crystal Noir Parfum \u00e4r en doft som \u00e4r skapad f\u00f6r kvinnan med obestridlig n\u00e4rvaro, sj\u00e4lvf\u00f6rtroende och en svaghet f\u00f6r haute couture. Denna \u00f6verd\u00e5diga doft speglar en lyxig aftonkl\u00e4nning \u2013 ett sensoriskt m\u00e4sterverk inspirerat av Versaces kreativitet och moderna lyx. F\u00f6rdjupa dig i en essens d\u00e4r m\u00f6rk och mystisk attraktion m\u00f6ter v\u00e5gad fyllighet. Doften \u00f6ppnar med str\u00e5lande citrusfrukter som p\u00e5minner om Mellan\u00f6sterns solnedg\u00e5ngar, dessa blandas med exotiska kryddor som ger en v\u00e5gad touch. Hj\u00e4rtat avsl\u00f6jar en f\u00f6rtrollande blommig symfoni, kompletterad med beroendeframkallande noter f\u00f6r en omslutande s\u00f6tma. Slutligen utvecklas den tr\u00e4iga och orientaliska basen som avrundar doften med djup och intensitet.<\/p>\n<p>Topp: Gul mandarin, ros\u00e9peppar, svarta vinb\u00e4r<br \/>\n<br \/>Hj\u00e4rta: Tuberos, liljekonvalj, karamell<br \/>\n<br \/>Bas: Sandeltr\u00e4, akigalatr\u00e4, amber, vaniljorkid\u00e9<\/p>\n<p>90ml<\/p>\n","protected":false},"excerpt":{"rendered":"<p>Versace Crystal Noir Parfum \u00e4r en doft som \u00e4r skapad f\u00f6r kvinnan med obestridlig n\u00e4rvaro, sj\u00e4lvf\u00f6rtroende och en svaghet f\u00f6r haute couture. Denna \u00f6verd\u00e5diga doft speglar en lyxig aftonkl\u00e4nning \u2013 ett sensoriskt m\u00e4sterverk inspirerat av Versaces kreativitet och moderna lyx. F\u00f6rdjupa dig i en essens d\u00e4r m\u00f6rk och mystisk attraktion m\u00f6ter v\u00e5gad fyllighet. Doften \u00f6ppnar [&hellip;]<\/p>\n","protected":false},"featured_media":48517,"comment_status":"open","ping_status":"closed","template":"","meta":{"_trash_the_other_posts":false},"product_brand":[],"product_cat":[706,735,999,1006],"product_tag":[4209],"berocket_brand":[1083],"class_list":{"0":"post-48519","1":"product","2":"type-product","3":"status-publish","4":"has-post-thumbnail","6":"product_cat-eau-de-parfum-dam","7":"product_cat-kampanj","8":"product_cat-kampanj-for-henne","9":"product_cat-kampanjpris","10":"product_tag-versace-crystal-noir-edp","11":"pa_brand-versace","12":"pa_variant-90ml","13":"berocket_brand-versace","15":"first","16":"instock","17":"sale","18":"taxable","19":"shipping-taxable","20":"purchasable","21":"product-type-simple"},"_links":{"self":[{"href":"https:\/\/stylingagenten.com\/sv\/wp-json\/wp\/v2\/product\/48519","targetHints":{"allow":["GET"]}}],"collection":[{"href":"https:\/\/stylingagenten.com\/sv\/wp-json\/wp\/v2\/product"}],"about":[{"href":"https:\/\/stylingagenten.com\/sv\/wp-json\/wp\/v2\/types\/product"}],"replies":[{"embeddable":true,"href":"https:\/\/stylingagenten.com\/sv\/wp-json\/wp\/v2\/comments?post=48519"}],"version-history":[{"count":0,"href":"https:\/\/stylingagenten.com\/sv\/wp-json\/wp\/v2\/product\/48519\/revisions"}],"wp:featuredmedia":[{"embeddable":true,"href":"https:\/\/stylingagenten.com\/sv\/wp-json\/wp\/v2\/media\/48517"}],"wp:attachment":[{"href":"https:\/\/stylingagenten.com\/sv\/wp-json\/wp\/v2\/media?parent=48519"}],"wp:term":[{"taxonomy":"product_brand","embeddable":true,"href":"https:\/\/stylingagenten.com\/sv\/wp-json\/wp\/v2\/product_brand?post=48519"},{"taxonomy":"product_cat","embeddable":true,"href":"https:\/\/stylingagenten.com\/sv\/wp-json\/wp\/v2\/product_cat?post=48519"},{"taxonomy":"product_tag","embeddable":true,"href":"https:\/\/stylingagenten.com\/sv\/wp-json\/wp\/v2\/product_tag?post=48519"},{"taxonomy":"berocket_brand","embeddable":true,"href":"https:\/\/stylingagenten.com\/sv\/wp-json\/wp\/v2\/berocket_brand?post=48519"}],"curies":[{"name":"wp","href":"https:\/\/api.w.org\/{rel}","templated":true}]}}