{"id":48514,"date":"2025-02-25T15:50:44","date_gmt":"2025-02-25T15:50:44","guid":{"rendered":"https:\/\/staging2.stylingagenten.com\/sv\/produkt\/malibu-kids-lotion-spf50-100ml\/"},"modified":"2026-04-08T12:58:30","modified_gmt":"2026-04-08T12:58:30","slug":"malibu-kids-lotion-spf50-100ml","status":"publish","type":"product","link":"https:\/\/stylingagenten.com\/sv\/produkt\/malibu-kids-lotion-spf50-100ml\/","title":{"rendered":"Malibu Kids Lotion SPF50 100ml"},"content":{"rendered":"<p>Malibu Kids SPF50 Protective Lotion ger ett h\u00f6gt skydd mot UVA- och UVB-str\u00e5lar och \u00e4r speciellt framtagen f\u00f6r att utst\u00e5 alla barns strandaktiviteter. Det \u00e4r en fotostabil lotion som kliniskt har visat sig vara sn\u00e4ll mot de flesta hudtyper. Vidare \u00e4r det vitaminberikat, inneh\u00e5ller Aloe Vera och \u00e4r vattent\u00e5lig. Solskyddet \u00e4r l\u00e4tt att applicera och \u00e4r perfekt f\u00f6r stranden och semestern.<\/p>\n<p>100ml<\/p>\n","protected":false},"excerpt":{"rendered":"<p>Malibu Kids SPF50 Protective Lotion ger ett h\u00f6gt skydd mot UVA- och UVB-str\u00e5lar och \u00e4r speciellt framtagen f\u00f6r att utst\u00e5 alla barns strandaktiviteter. Det \u00e4r en fotostabil lotion som kliniskt har visat sig vara sn\u00e4ll mot de flesta hudtyper. Vidare \u00e4r det vitaminberikat, inneh\u00e5ller Aloe Vera och \u00e4r vattent\u00e5lig. Solskyddet \u00e4r l\u00e4tt att applicera och [&hellip;]<\/p>\n","protected":false},"featured_media":48513,"comment_status":"open","ping_status":"closed","template":"","meta":{"_trash_the_other_posts":false},"product_brand":[],"product_cat":[573,1011],"product_tag":[],"berocket_brand":[1241],"class_list":{"0":"post-48514","1":"product","2":"type-product","3":"status-publish","4":"has-post-thumbnail","6":"product_cat-solskydd","7":"product_cat-solskydd-for-barn","8":"pa_brand-malibu","9":"berocket_brand-malibu","11":"first","12":"instock","13":"sale","14":"taxable","15":"shipping-taxable","16":"purchasable","17":"product-type-simple"},"_links":{"self":[{"href":"https:\/\/stylingagenten.com\/sv\/wp-json\/wp\/v2\/product\/48514","targetHints":{"allow":["GET"]}}],"collection":[{"href":"https:\/\/stylingagenten.com\/sv\/wp-json\/wp\/v2\/product"}],"about":[{"href":"https:\/\/stylingagenten.com\/sv\/wp-json\/wp\/v2\/types\/product"}],"replies":[{"embeddable":true,"href":"https:\/\/stylingagenten.com\/sv\/wp-json\/wp\/v2\/comments?post=48514"}],"version-history":[{"count":0,"href":"https:\/\/stylingagenten.com\/sv\/wp-json\/wp\/v2\/product\/48514\/revisions"}],"wp:featuredmedia":[{"embeddable":true,"href":"https:\/\/stylingagenten.com\/sv\/wp-json\/wp\/v2\/media\/48513"}],"wp:attachment":[{"href":"https:\/\/stylingagenten.com\/sv\/wp-json\/wp\/v2\/media?parent=48514"}],"wp:term":[{"taxonomy":"product_brand","embeddable":true,"href":"https:\/\/stylingagenten.com\/sv\/wp-json\/wp\/v2\/product_brand?post=48514"},{"taxonomy":"product_cat","embeddable":true,"href":"https:\/\/stylingagenten.com\/sv\/wp-json\/wp\/v2\/product_cat?post=48514"},{"taxonomy":"product_tag","embeddable":true,"href":"https:\/\/stylingagenten.com\/sv\/wp-json\/wp\/v2\/product_tag?post=48514"},{"taxonomy":"berocket_brand","embeddable":true,"href":"https:\/\/stylingagenten.com\/sv\/wp-json\/wp\/v2\/berocket_brand?post=48514"}],"curies":[{"name":"wp","href":"https:\/\/api.w.org\/{rel}","templated":true}]}}