{"id":48508,"date":"2025-02-25T15:50:41","date_gmt":"2025-02-25T15:50:41","guid":{"rendered":"https:\/\/staging2.stylingagenten.com\/sv\/produkt\/elizabeth-arden-white-tea-edp-50ml\/"},"modified":"2026-03-22T08:07:25","modified_gmt":"2026-03-22T08:07:25","slug":"elizabeth-arden-white-tea-edp-50ml","status":"publish","type":"product","link":"https:\/\/stylingagenten.com\/sv\/produkt\/elizabeth-arden-white-tea-edp-50ml\/","title":{"rendered":"Elizabeth Arden White Tea Edp 50ml"},"content":{"rendered":"<p>Elizabeth Arden White Tea hyllar gl\u00e4djen till livet. Uppt\u00e4ck det enkla n\u00f6jet i att ta ett \u00f6gonblick f\u00f6r dig sj\u00e4lv och njuta av den personliga reflektion som f\u00f6ljer med det. Andas djupt, l\u00e5t lugnet omfamna dig och njut av stunden. White Tea bjuder in dig att ta del av den sk\u00f6nhet som omger dig varje dag.<\/p>\n<p>Fr\u00e5n skaparna av den ursprungliga White Tea Eau de Toilette introducerar Elizabeth Arden den nya doften White Tea Eau de Parfum. En krispig floraldoft vars mjuka v\u00e4rme dr\u00f6jer sig kvar p\u00e5 huden likt en omfamning. Framtagen med en sensorisk innovation i form av VivaScentz\u2122-teknologi v\u00e4cker denna eau de parfum en djupare k\u00e4nsla av v\u00e4lbefinnande hos b\u00e4raren.<\/p>\n<p>Toppnoter: Italiensk mandarin, Havsbris Ackord, Salvia<br \/>\n<br \/>Hj\u00e4rtnoter: Vitt Te ackord, Mate Absolue, Rosvatten, Jasmineblad<br \/>\n<br \/>Basnoter: Tonkab\u00f6na absolute (etiskt producerad), Musk, Ambertr\u00e4<\/p>\n<p>50ml<\/p>\n","protected":false},"excerpt":{"rendered":"<p>Elizabeth Arden White Tea hyllar gl\u00e4djen till livet. Uppt\u00e4ck det enkla n\u00f6jet i att ta ett \u00f6gonblick f\u00f6r dig sj\u00e4lv och njuta av den personliga reflektion som f\u00f6ljer med det. Andas djupt, l\u00e5t lugnet omfamna dig och njut av stunden. White Tea bjuder in dig att ta del av den sk\u00f6nhet som omger dig varje [&hellip;]<\/p>\n","protected":false},"featured_media":48502,"comment_status":"open","ping_status":"closed","template":"","meta":{"_trash_the_other_posts":false},"product_brand":[],"product_cat":[706,735,999],"product_tag":[2907],"berocket_brand":[1303],"class_list":{"0":"post-48508","1":"product","2":"type-product","3":"status-publish","4":"has-post-thumbnail","6":"product_cat-eau-de-parfum-dam","7":"product_cat-kampanj","8":"product_cat-kampanj-for-henne","9":"product_tag-elizabeth-arden-white-tea-edp","10":"pa_brand-elizabeth-arden","11":"pa_variant-50ml","12":"berocket_brand-elizabeth-arden","14":"first","15":"outofstock","16":"sale","17":"taxable","18":"shipping-taxable","19":"purchasable","20":"product-type-simple"},"_links":{"self":[{"href":"https:\/\/stylingagenten.com\/sv\/wp-json\/wp\/v2\/product\/48508","targetHints":{"allow":["GET"]}}],"collection":[{"href":"https:\/\/stylingagenten.com\/sv\/wp-json\/wp\/v2\/product"}],"about":[{"href":"https:\/\/stylingagenten.com\/sv\/wp-json\/wp\/v2\/types\/product"}],"replies":[{"embeddable":true,"href":"https:\/\/stylingagenten.com\/sv\/wp-json\/wp\/v2\/comments?post=48508"}],"version-history":[{"count":0,"href":"https:\/\/stylingagenten.com\/sv\/wp-json\/wp\/v2\/product\/48508\/revisions"}],"wp:featuredmedia":[{"embeddable":true,"href":"https:\/\/stylingagenten.com\/sv\/wp-json\/wp\/v2\/media\/48502"}],"wp:attachment":[{"href":"https:\/\/stylingagenten.com\/sv\/wp-json\/wp\/v2\/media?parent=48508"}],"wp:term":[{"taxonomy":"product_brand","embeddable":true,"href":"https:\/\/stylingagenten.com\/sv\/wp-json\/wp\/v2\/product_brand?post=48508"},{"taxonomy":"product_cat","embeddable":true,"href":"https:\/\/stylingagenten.com\/sv\/wp-json\/wp\/v2\/product_cat?post=48508"},{"taxonomy":"product_tag","embeddable":true,"href":"https:\/\/stylingagenten.com\/sv\/wp-json\/wp\/v2\/product_tag?post=48508"},{"taxonomy":"berocket_brand","embeddable":true,"href":"https:\/\/stylingagenten.com\/sv\/wp-json\/wp\/v2\/berocket_brand?post=48508"}],"curies":[{"name":"wp","href":"https:\/\/api.w.org\/{rel}","templated":true}]}}