{"id":48497,"date":"2025-02-25T15:50:39","date_gmt":"2025-02-25T15:50:39","guid":{"rendered":"https:\/\/staging2.stylingagenten.com\/sv\/produkt\/fcuk-friction-her-body-mist-250ml\/"},"modified":"2026-04-05T20:08:24","modified_gmt":"2026-04-05T20:08:24","slug":"fcuk-friction-her-body-mist-250ml","status":"publish","type":"product","link":"https:\/\/stylingagenten.com\/sv\/produkt\/fcuk-friction-her-body-mist-250ml\/","title":{"rendered":"FCUK Friction Her Body Mist 250ml"},"content":{"rendered":"<p>FCUK Friction Fragrance Mist \u00f6ppnar med en lockande fruktighet, med l\u00e4ckra toner av rosa kaprifol och \u00e4ppelblom. Hj\u00e4rtat i doften avsl\u00f6jar en lockande kombination av jasmin och sensuell barrigtonia-blomma, som l\u00e4gger till en touch av blommig sofistikering. N\u00e4r dimman l\u00e4gger sig fullbordar en varm och omslutande bas av b\u00e4rnsten, vanilj och kokos luktresan och l\u00e4mnar ett kvardr\u00f6jande sp\u00e5r av oemotst\u00e5ndlig lockelse.<\/p>\n<p>250ml<\/p>\n","protected":false},"excerpt":{"rendered":"<p>FCUK Friction Fragrance Mist \u00f6ppnar med en lockande fruktighet, med l\u00e4ckra toner av rosa kaprifol och \u00e4ppelblom. Hj\u00e4rtat i doften avsl\u00f6jar en lockande kombination av jasmin och sensuell barrigtonia-blomma, som l\u00e4gger till en touch av blommig sofistikering. N\u00e4r dimman l\u00e4gger sig fullbordar en varm och omslutande bas av b\u00e4rnsten, vanilj och kokos luktresan och l\u00e4mnar [&hellip;]<\/p>\n","protected":false},"featured_media":48496,"comment_status":"open","ping_status":"closed","template":"","meta":{"_trash_the_other_posts":false},"product_brand":[],"product_cat":[585,735,999],"product_tag":[],"berocket_brand":[1313],"class_list":{"0":"post-48497","1":"product","2":"type-product","3":"status-publish","4":"has-post-thumbnail","6":"product_cat-bodymist-dam","7":"product_cat-kampanj","8":"product_cat-kampanj-for-henne","9":"pa_brand-fcuk","10":"berocket_brand-fcuk","12":"first","13":"instock","14":"sale","15":"taxable","16":"shipping-taxable","17":"purchasable","18":"product-type-simple"},"_links":{"self":[{"href":"https:\/\/stylingagenten.com\/sv\/wp-json\/wp\/v2\/product\/48497","targetHints":{"allow":["GET"]}}],"collection":[{"href":"https:\/\/stylingagenten.com\/sv\/wp-json\/wp\/v2\/product"}],"about":[{"href":"https:\/\/stylingagenten.com\/sv\/wp-json\/wp\/v2\/types\/product"}],"replies":[{"embeddable":true,"href":"https:\/\/stylingagenten.com\/sv\/wp-json\/wp\/v2\/comments?post=48497"}],"version-history":[{"count":0,"href":"https:\/\/stylingagenten.com\/sv\/wp-json\/wp\/v2\/product\/48497\/revisions"}],"wp:featuredmedia":[{"embeddable":true,"href":"https:\/\/stylingagenten.com\/sv\/wp-json\/wp\/v2\/media\/48496"}],"wp:attachment":[{"href":"https:\/\/stylingagenten.com\/sv\/wp-json\/wp\/v2\/media?parent=48497"}],"wp:term":[{"taxonomy":"product_brand","embeddable":true,"href":"https:\/\/stylingagenten.com\/sv\/wp-json\/wp\/v2\/product_brand?post=48497"},{"taxonomy":"product_cat","embeddable":true,"href":"https:\/\/stylingagenten.com\/sv\/wp-json\/wp\/v2\/product_cat?post=48497"},{"taxonomy":"product_tag","embeddable":true,"href":"https:\/\/stylingagenten.com\/sv\/wp-json\/wp\/v2\/product_tag?post=48497"},{"taxonomy":"berocket_brand","embeddable":true,"href":"https:\/\/stylingagenten.com\/sv\/wp-json\/wp\/v2\/berocket_brand?post=48497"}],"curies":[{"name":"wp","href":"https:\/\/api.w.org\/{rel}","templated":true}]}}