{"id":48485,"date":"2025-02-25T15:50:37","date_gmt":"2025-02-25T15:50:37","guid":{"rendered":"https:\/\/staging2.stylingagenten.com\/sv\/produkt\/elizabeth-arden-white-tea-mandarin-blossom-edt-30ml\/"},"modified":"2025-11-18T15:58:33","modified_gmt":"2025-11-18T15:58:33","slug":"elizabeth-arden-white-tea-mandarin-blossom-edt-30ml","status":"publish","type":"product","link":"https:\/\/stylingagenten.com\/sv\/produkt\/elizabeth-arden-white-tea-mandarin-blossom-edt-30ml\/","title":{"rendered":"Elizabeth Arden White Tea Mandarin Blossom Edt 30ml"},"content":{"rendered":"<p>Elizabeth Arden White Tea Mandarin Blossom EdT skapar k\u00e4nslan av lycka och energi genom toppnoten som \u00f6ppnar med mandarin och bergamott och som sedan omsluts av ett hj\u00e4rta av apelsinblommor, jasmin och vitt te. Basnoter av musk och cedertr\u00e4 ger ett varmt och friskt djup.<\/p>\n<p>30ml<\/p>\n","protected":false},"excerpt":{"rendered":"<p>Elizabeth Arden White Tea Mandarin Blossom EdT skapar k\u00e4nslan av lycka och energi genom toppnoten som \u00f6ppnar med mandarin och bergamott och som sedan omsluts av ett hj\u00e4rta av apelsinblommor, jasmin och vitt te. Basnoter av musk och cedertr\u00e4 ger ett varmt och friskt djup. 30ml<\/p>\n","protected":false},"featured_media":48483,"comment_status":"open","ping_status":"closed","template":"","meta":{"_trash_the_other_posts":false},"product_brand":[],"product_cat":[707,735,999,1006],"product_tag":[2909],"berocket_brand":[1303],"class_list":{"0":"post-48485","1":"product","2":"type-product","3":"status-publish","4":"has-post-thumbnail","6":"product_cat-eau-de-toilette-dam","7":"product_cat-kampanj","8":"product_cat-kampanj-for-henne","9":"product_cat-kampanjpris","10":"product_tag-elizabeth-arden-white-tea-mandarin-blossom-edt","11":"pa_brand-elizabeth-arden","12":"pa_variant-30ml","13":"berocket_brand-elizabeth-arden","15":"first","16":"outofstock","17":"sale","18":"taxable","19":"shipping-taxable","20":"purchasable","21":"product-type-simple"},"_links":{"self":[{"href":"https:\/\/stylingagenten.com\/sv\/wp-json\/wp\/v2\/product\/48485","targetHints":{"allow":["GET"]}}],"collection":[{"href":"https:\/\/stylingagenten.com\/sv\/wp-json\/wp\/v2\/product"}],"about":[{"href":"https:\/\/stylingagenten.com\/sv\/wp-json\/wp\/v2\/types\/product"}],"replies":[{"embeddable":true,"href":"https:\/\/stylingagenten.com\/sv\/wp-json\/wp\/v2\/comments?post=48485"}],"version-history":[{"count":0,"href":"https:\/\/stylingagenten.com\/sv\/wp-json\/wp\/v2\/product\/48485\/revisions"}],"wp:featuredmedia":[{"embeddable":true,"href":"https:\/\/stylingagenten.com\/sv\/wp-json\/wp\/v2\/media\/48483"}],"wp:attachment":[{"href":"https:\/\/stylingagenten.com\/sv\/wp-json\/wp\/v2\/media?parent=48485"}],"wp:term":[{"taxonomy":"product_brand","embeddable":true,"href":"https:\/\/stylingagenten.com\/sv\/wp-json\/wp\/v2\/product_brand?post=48485"},{"taxonomy":"product_cat","embeddable":true,"href":"https:\/\/stylingagenten.com\/sv\/wp-json\/wp\/v2\/product_cat?post=48485"},{"taxonomy":"product_tag","embeddable":true,"href":"https:\/\/stylingagenten.com\/sv\/wp-json\/wp\/v2\/product_tag?post=48485"},{"taxonomy":"berocket_brand","embeddable":true,"href":"https:\/\/stylingagenten.com\/sv\/wp-json\/wp\/v2\/berocket_brand?post=48485"}],"curies":[{"name":"wp","href":"https:\/\/api.w.org\/{rel}","templated":true}]}}