{"id":48388,"date":"2025-02-25T15:50:19","date_gmt":"2025-02-25T15:50:19","guid":{"rendered":"https:\/\/staging2.stylingagenten.com\/sv\/produkt\/dkny-nectar-love-edp-100ml\/"},"modified":"2026-03-02T09:18:46","modified_gmt":"2026-03-02T09:18:46","slug":"dkny-nectar-love-edp-100ml","status":"publish","type":"product","link":"https:\/\/stylingagenten.com\/sv\/produkt\/dkny-nectar-love-edp-100ml\/","title":{"rendered":"DKNY Nectar Love Edp 100ml"},"content":{"rendered":"<p>Denna vackra doft fr\u00e5n Donna Karen \u00e4r inspirerad av biets oemotst\u00e5ndliga attraktion till blomman. Den har en fantastisk fruktig blommig doft. Spr\u00e4ngfylld av en s\u00f6tma och fr\u00e4sch\u00f6r som \u00e4r helt oemotst\u00e5ndlig.<\/p>\n<p>Inneh\u00e5ller toner fr\u00e5n mandarin, druva och nektarin blandat med s\u00f6ta djupa toner fr\u00e5n neroliextrakt och honung. Doften avrundas s\u00e5 fint med basnoten av cedertr\u00e4, vanilj och mysk.<\/p>\n<p>100ml<\/p>\n","protected":false},"excerpt":{"rendered":"<p>Denna vackra doft fr\u00e5n Donna Karen \u00e4r inspirerad av biets oemotst\u00e5ndliga attraktion till blomman. Den har en fantastisk fruktig blommig doft. Spr\u00e4ngfylld av en s\u00f6tma och fr\u00e4sch\u00f6r som \u00e4r helt oemotst\u00e5ndlig. Inneh\u00e5ller toner fr\u00e5n mandarin, druva och nektarin blandat med s\u00f6ta djupa toner fr\u00e5n neroliextrakt och honung. Doften avrundas s\u00e5 fint med basnoten av cedertr\u00e4, [&hellip;]<\/p>\n","protected":false},"featured_media":48384,"comment_status":"open","ping_status":"closed","template":"","meta":{"_trash_the_other_posts":false},"product_brand":[],"product_cat":[706,735,999,1006],"product_tag":[2857],"berocket_brand":[1291],"class_list":{"0":"post-48388","1":"product","2":"type-product","3":"status-publish","4":"has-post-thumbnail","6":"product_cat-eau-de-parfum-dam","7":"product_cat-kampanj","8":"product_cat-kampanj-for-henne","9":"product_cat-kampanjpris","10":"product_tag-dkny-nectar-love-edp","11":"pa_brand-dkny","12":"pa_variant-100ml","13":"berocket_brand-dkny","15":"first","16":"outofstock","17":"sale","18":"taxable","19":"shipping-taxable","20":"purchasable","21":"product-type-simple"},"_links":{"self":[{"href":"https:\/\/stylingagenten.com\/sv\/wp-json\/wp\/v2\/product\/48388","targetHints":{"allow":["GET"]}}],"collection":[{"href":"https:\/\/stylingagenten.com\/sv\/wp-json\/wp\/v2\/product"}],"about":[{"href":"https:\/\/stylingagenten.com\/sv\/wp-json\/wp\/v2\/types\/product"}],"replies":[{"embeddable":true,"href":"https:\/\/stylingagenten.com\/sv\/wp-json\/wp\/v2\/comments?post=48388"}],"version-history":[{"count":0,"href":"https:\/\/stylingagenten.com\/sv\/wp-json\/wp\/v2\/product\/48388\/revisions"}],"wp:featuredmedia":[{"embeddable":true,"href":"https:\/\/stylingagenten.com\/sv\/wp-json\/wp\/v2\/media\/48384"}],"wp:attachment":[{"href":"https:\/\/stylingagenten.com\/sv\/wp-json\/wp\/v2\/media?parent=48388"}],"wp:term":[{"taxonomy":"product_brand","embeddable":true,"href":"https:\/\/stylingagenten.com\/sv\/wp-json\/wp\/v2\/product_brand?post=48388"},{"taxonomy":"product_cat","embeddable":true,"href":"https:\/\/stylingagenten.com\/sv\/wp-json\/wp\/v2\/product_cat?post=48388"},{"taxonomy":"product_tag","embeddable":true,"href":"https:\/\/stylingagenten.com\/sv\/wp-json\/wp\/v2\/product_tag?post=48388"},{"taxonomy":"berocket_brand","embeddable":true,"href":"https:\/\/stylingagenten.com\/sv\/wp-json\/wp\/v2\/berocket_brand?post=48388"}],"curies":[{"name":"wp","href":"https:\/\/api.w.org\/{rel}","templated":true}]}}