{"id":48381,"date":"2025-02-25T15:50:16","date_gmt":"2025-02-25T15:50:16","guid":{"rendered":"https:\/\/staging2.stylingagenten.com\/sv\/produkt\/ida-warg-everyday-conditioner-pro-size-500ml\/"},"modified":"2026-03-11T21:58:32","modified_gmt":"2026-03-11T21:58:32","slug":"ida-warg-everyday-conditioner-pro-size-500ml","status":"publish","type":"product","link":"https:\/\/stylingagenten.com\/sv\/produkt\/ida-warg-everyday-conditioner-pro-size-500ml\/","title":{"rendered":"Ida Warg Everyday Conditioner Pro Size 500ml"},"content":{"rendered":"<p>Ida Warg Everyday Conditioner Pro Size \u00e4r ett milt och skonsamt balsam i pumpflaska f\u00f6r dig som tv\u00e4ttar h\u00e5ret ofta. Reng\u00f6r effektivt utan att torka ut h\u00e5r och h\u00e5rbotten. Inneh\u00e5ller mjukg\u00f6rande och \u00e5terfuktande Abyssinianolja och lugnande Aloe Vera som hj\u00e4lper till att h\u00e5lla h\u00e5ret och h\u00e5rbotten i balans.<\/p>\n<p>Doftar rent och fr\u00e4scht med en hint av citrus verbena<br \/>\n<br \/>100% Vegansk &amp; Cruelty-free<br \/>\n<br \/>Fri fr\u00e5n parabener och sulfater<\/p>\n<p>500 ml<\/p>\n","protected":false},"excerpt":{"rendered":"<p>Ida Warg Everyday Conditioner Pro Size \u00e4r ett milt och skonsamt balsam i pumpflaska f\u00f6r dig som tv\u00e4ttar h\u00e5ret ofta. Reng\u00f6r effektivt utan att torka ut h\u00e5r och h\u00e5rbotten. Inneh\u00e5ller mjukg\u00f6rande och \u00e5terfuktande Abyssinianolja och lugnande Aloe Vera som hj\u00e4lper till att h\u00e5lla h\u00e5ret och h\u00e5rbotten i balans. Doftar rent och fr\u00e4scht med en hint [&hellip;]<\/p>\n","protected":false},"featured_media":48372,"comment_status":"open","ping_status":"closed","template":"","meta":{"_trash_the_other_posts":false},"product_brand":[],"product_cat":[587],"product_tag":[3061],"berocket_brand":[1346],"class_list":{"0":"post-48381","1":"product","2":"type-product","3":"status-publish","4":"has-post-thumbnail","6":"product_cat-balsam","7":"product_tag-ida-warg-everyday-conditioner","8":"pa_brand-ida-warg","9":"pa_variant-500ml","10":"berocket_brand-ida-warg","12":"first","13":"instock","14":"sale","15":"taxable","16":"shipping-taxable","17":"purchasable","18":"product-type-simple"},"_links":{"self":[{"href":"https:\/\/stylingagenten.com\/sv\/wp-json\/wp\/v2\/product\/48381","targetHints":{"allow":["GET"]}}],"collection":[{"href":"https:\/\/stylingagenten.com\/sv\/wp-json\/wp\/v2\/product"}],"about":[{"href":"https:\/\/stylingagenten.com\/sv\/wp-json\/wp\/v2\/types\/product"}],"replies":[{"embeddable":true,"href":"https:\/\/stylingagenten.com\/sv\/wp-json\/wp\/v2\/comments?post=48381"}],"version-history":[{"count":0,"href":"https:\/\/stylingagenten.com\/sv\/wp-json\/wp\/v2\/product\/48381\/revisions"}],"wp:featuredmedia":[{"embeddable":true,"href":"https:\/\/stylingagenten.com\/sv\/wp-json\/wp\/v2\/media\/48372"}],"wp:attachment":[{"href":"https:\/\/stylingagenten.com\/sv\/wp-json\/wp\/v2\/media?parent=48381"}],"wp:term":[{"taxonomy":"product_brand","embeddable":true,"href":"https:\/\/stylingagenten.com\/sv\/wp-json\/wp\/v2\/product_brand?post=48381"},{"taxonomy":"product_cat","embeddable":true,"href":"https:\/\/stylingagenten.com\/sv\/wp-json\/wp\/v2\/product_cat?post=48381"},{"taxonomy":"product_tag","embeddable":true,"href":"https:\/\/stylingagenten.com\/sv\/wp-json\/wp\/v2\/product_tag?post=48381"},{"taxonomy":"berocket_brand","embeddable":true,"href":"https:\/\/stylingagenten.com\/sv\/wp-json\/wp\/v2\/berocket_brand?post=48381"}],"curies":[{"name":"wp","href":"https:\/\/api.w.org\/{rel}","templated":true}]}}