{"id":48326,"date":"2025-02-25T15:50:05","date_gmt":"2025-02-25T15:50:05","guid":{"rendered":"https:\/\/staging2.stylingagenten.com\/sv\/produkt\/ida-warg-illuminating-glow-cream-brisa-del-mar-85ml\/"},"modified":"2025-12-18T21:42:56","modified_gmt":"2025-12-18T21:42:56","slug":"ida-warg-illuminating-glow-cream-brisa-del-mar-85ml","status":"publish","type":"product","link":"https:\/\/stylingagenten.com\/sv\/produkt\/ida-warg-illuminating-glow-cream-brisa-del-mar-85ml\/","title":{"rendered":"Ida Warg Illuminating Glow Cream Brisa Del Mar 85ml"},"content":{"rendered":"<p>Ida Warg Illuminating Glow Cream Brisa Del Mar \u00e4r en lystergivande och mjukg\u00f6rande kr\u00e4m som ger dig ett str\u00e5lande glow och l\u00e4mnar din hud k\u00e4nns silkeslen. Berikad med vitamin E och oljor med \u00e5terfuktande och lugnande egenskaper. Champagne\/ljus guldf\u00e4rg.<\/p>\n<p>Doft av vanilj<br \/>\n<br \/>100% Vegansk<br \/>\n<br \/>Cruelty-free<\/p>\n<p>85 ml<\/p>\n","protected":false},"excerpt":{"rendered":"<p>Ida Warg Illuminating Glow Cream Brisa Del Mar \u00e4r en lystergivande och mjukg\u00f6rande kr\u00e4m som ger dig ett str\u00e5lande glow och l\u00e4mnar din hud k\u00e4nns silkeslen. Berikad med vitamin E och oljor med \u00e5terfuktande och lugnande egenskaper. Champagne\/ljus guldf\u00e4rg. Doft av vanilj 100% Vegansk Cruelty-free 85 ml<\/p>\n","protected":false},"featured_media":48319,"comment_status":"open","ping_status":"closed","template":"","meta":{"_trash_the_other_posts":false},"product_brand":[],"product_cat":[659],"product_tag":[],"berocket_brand":[1346],"class_list":{"0":"post-48326","1":"product","2":"type-product","3":"status-publish","4":"has-post-thumbnail","6":"product_cat-bronzer","7":"pa_brand-ida-warg","8":"berocket_brand-ida-warg","10":"first","11":"instock","12":"sale","13":"taxable","14":"shipping-taxable","15":"purchasable","16":"product-type-simple"},"_links":{"self":[{"href":"https:\/\/stylingagenten.com\/sv\/wp-json\/wp\/v2\/product\/48326","targetHints":{"allow":["GET"]}}],"collection":[{"href":"https:\/\/stylingagenten.com\/sv\/wp-json\/wp\/v2\/product"}],"about":[{"href":"https:\/\/stylingagenten.com\/sv\/wp-json\/wp\/v2\/types\/product"}],"replies":[{"embeddable":true,"href":"https:\/\/stylingagenten.com\/sv\/wp-json\/wp\/v2\/comments?post=48326"}],"version-history":[{"count":0,"href":"https:\/\/stylingagenten.com\/sv\/wp-json\/wp\/v2\/product\/48326\/revisions"}],"wp:featuredmedia":[{"embeddable":true,"href":"https:\/\/stylingagenten.com\/sv\/wp-json\/wp\/v2\/media\/48319"}],"wp:attachment":[{"href":"https:\/\/stylingagenten.com\/sv\/wp-json\/wp\/v2\/media?parent=48326"}],"wp:term":[{"taxonomy":"product_brand","embeddable":true,"href":"https:\/\/stylingagenten.com\/sv\/wp-json\/wp\/v2\/product_brand?post=48326"},{"taxonomy":"product_cat","embeddable":true,"href":"https:\/\/stylingagenten.com\/sv\/wp-json\/wp\/v2\/product_cat?post=48326"},{"taxonomy":"product_tag","embeddable":true,"href":"https:\/\/stylingagenten.com\/sv\/wp-json\/wp\/v2\/product_tag?post=48326"},{"taxonomy":"berocket_brand","embeddable":true,"href":"https:\/\/stylingagenten.com\/sv\/wp-json\/wp\/v2\/berocket_brand?post=48326"}],"curies":[{"name":"wp","href":"https:\/\/api.w.org\/{rel}","templated":true}]}}