{"id":48204,"date":"2025-01-29T14:25:22","date_gmt":"2025-01-29T14:25:22","guid":{"rendered":"https:\/\/staging2.stylingagenten.com\/sv\/produkt\/milk_shake-volume-solution-shampoo-300ml\/"},"modified":"2026-04-15T08:49:26","modified_gmt":"2026-04-15T08:49:26","slug":"milk_shake-volume-solution-shampoo-300ml","status":"publish","type":"product","link":"https:\/\/stylingagenten.com\/sv\/produkt\/milk_shake-volume-solution-shampoo-300ml\/","title":{"rendered":"Milk_Shake Volume Solution Shampoo 300ml"},"content":{"rendered":"<p>Ett schampo utvecklat f\u00f6r att ge volym och struktur utan att tynga ner h\u00e5ret. Reng\u00f6r skonsamt med sin specifika formula som inneh\u00e5ller v\u00e4rdefulla sockerderivat som f\u00f6rvandlar h\u00e5ret och ger det fyllighet.<\/p>\n<p>Anv\u00e4ndning:<br \/>F\u00f6rdela j\u00e4mnt \u00f6ver fuktigt h\u00e5r, l\u00f6ddra och sk\u00f6lj ur. Upprepa om det beh\u00f6vs. Forts\u00e4tt med milk_shake volumizing conditioner.<\/p>\n","protected":false},"excerpt":{"rendered":"<p>Ett schampo utvecklat f\u00f6r att ge volym och struktur utan att tynga ner h\u00e5ret. Reng\u00f6r skonsamt med sin specifika formula som inneh\u00e5ller v\u00e4rdefulla sockerderivat som f\u00f6rvandlar h\u00e5ret och ger det fyllighet. Anv\u00e4ndning:F\u00f6rdela j\u00e4mnt \u00f6ver fuktigt h\u00e5r, l\u00f6ddra och sk\u00f6lj ur. Upprepa om det beh\u00f6vs. Forts\u00e4tt med milk_shake volumizing conditioner.<\/p>\n","protected":false},"featured_media":48203,"comment_status":"open","ping_status":"closed","template":"","meta":{"_trash_the_other_posts":false},"product_brand":[],"product_cat":[563],"product_tag":[3698],"berocket_brand":[1085],"class_list":{"0":"post-48204","1":"product","2":"type-product","3":"status-publish","4":"has-post-thumbnail","6":"product_cat-schampo","7":"product_tag-milk_shake-volume-solution-shampoo","8":"pa_brand-milk_shake","9":"pa_variant-300ml","10":"berocket_brand-milk_shake","12":"first","13":"instock","14":"sale","15":"taxable","16":"shipping-taxable","17":"purchasable","18":"product-type-simple"},"_links":{"self":[{"href":"https:\/\/stylingagenten.com\/sv\/wp-json\/wp\/v2\/product\/48204","targetHints":{"allow":["GET"]}}],"collection":[{"href":"https:\/\/stylingagenten.com\/sv\/wp-json\/wp\/v2\/product"}],"about":[{"href":"https:\/\/stylingagenten.com\/sv\/wp-json\/wp\/v2\/types\/product"}],"replies":[{"embeddable":true,"href":"https:\/\/stylingagenten.com\/sv\/wp-json\/wp\/v2\/comments?post=48204"}],"version-history":[{"count":0,"href":"https:\/\/stylingagenten.com\/sv\/wp-json\/wp\/v2\/product\/48204\/revisions"}],"wp:featuredmedia":[{"embeddable":true,"href":"https:\/\/stylingagenten.com\/sv\/wp-json\/wp\/v2\/media\/48203"}],"wp:attachment":[{"href":"https:\/\/stylingagenten.com\/sv\/wp-json\/wp\/v2\/media?parent=48204"}],"wp:term":[{"taxonomy":"product_brand","embeddable":true,"href":"https:\/\/stylingagenten.com\/sv\/wp-json\/wp\/v2\/product_brand?post=48204"},{"taxonomy":"product_cat","embeddable":true,"href":"https:\/\/stylingagenten.com\/sv\/wp-json\/wp\/v2\/product_cat?post=48204"},{"taxonomy":"product_tag","embeddable":true,"href":"https:\/\/stylingagenten.com\/sv\/wp-json\/wp\/v2\/product_tag?post=48204"},{"taxonomy":"berocket_brand","embeddable":true,"href":"https:\/\/stylingagenten.com\/sv\/wp-json\/wp\/v2\/berocket_brand?post=48204"}],"curies":[{"name":"wp","href":"https:\/\/api.w.org\/{rel}","templated":true}]}}