{"id":48196,"date":"2025-01-29T14:04:24","date_gmt":"2025-01-29T14:04:24","guid":{"rendered":"https:\/\/staging2.stylingagenten.com\/sv\/produkt\/milk_shake-leave-in-conditioner-flower-fragrance-350ml\/"},"modified":"2026-04-13T07:10:35","modified_gmt":"2026-04-13T07:10:35","slug":"milk_shake-leave-in-conditioner-flower-fragrance-350ml","status":"publish","type":"product","link":"https:\/\/stylingagenten.com\/sv\/produkt\/milk_shake-leave-in-conditioner-flower-fragrance-350ml\/","title":{"rendered":"Milk_Shake Leave-In Conditioner Flower Fragrance 350ml"},"content":{"rendered":"<p>Milk_Shake Leave-In Conditioner Flower Fragrance Leave-In \u00e4r en blomdoftande balsamspray f\u00f6r alla h\u00e5rtyper. V\u00e5rdar torrt och skadat h\u00e5r s\u00e5 att det blir mer l\u00e4tthanterligt. Balanserar fuktniv\u00e5n och g\u00f6r h\u00e5ret skinande blankt. Helt vegansk.<\/p>\n<p>350ml<\/p>\n","protected":false},"excerpt":{"rendered":"<p>Milk_Shake Leave-In Conditioner Flower Fragrance Leave-In \u00e4r en blomdoftande balsamspray f\u00f6r alla h\u00e5rtyper. V\u00e5rdar torrt och skadat h\u00e5r s\u00e5 att det blir mer l\u00e4tthanterligt. Balanserar fuktniv\u00e5n och g\u00f6r h\u00e5ret skinande blankt. Helt vegansk. 350ml<\/p>\n","protected":false},"featured_media":48195,"comment_status":"open","ping_status":"closed","template":"","meta":{"_trash_the_other_posts":false},"product_brand":[],"product_cat":[615],"product_tag":[],"berocket_brand":[1085],"class_list":{"0":"post-48196","1":"product","2":"type-product","3":"status-publish","4":"has-post-thumbnail","6":"product_cat-harserum","7":"pa_brand-milk_shake","8":"berocket_brand-milk_shake","10":"first","11":"instock","12":"sale","13":"taxable","14":"shipping-taxable","15":"purchasable","16":"product-type-simple"},"_links":{"self":[{"href":"https:\/\/stylingagenten.com\/sv\/wp-json\/wp\/v2\/product\/48196","targetHints":{"allow":["GET"]}}],"collection":[{"href":"https:\/\/stylingagenten.com\/sv\/wp-json\/wp\/v2\/product"}],"about":[{"href":"https:\/\/stylingagenten.com\/sv\/wp-json\/wp\/v2\/types\/product"}],"replies":[{"embeddable":true,"href":"https:\/\/stylingagenten.com\/sv\/wp-json\/wp\/v2\/comments?post=48196"}],"version-history":[{"count":0,"href":"https:\/\/stylingagenten.com\/sv\/wp-json\/wp\/v2\/product\/48196\/revisions"}],"wp:featuredmedia":[{"embeddable":true,"href":"https:\/\/stylingagenten.com\/sv\/wp-json\/wp\/v2\/media\/48195"}],"wp:attachment":[{"href":"https:\/\/stylingagenten.com\/sv\/wp-json\/wp\/v2\/media?parent=48196"}],"wp:term":[{"taxonomy":"product_brand","embeddable":true,"href":"https:\/\/stylingagenten.com\/sv\/wp-json\/wp\/v2\/product_brand?post=48196"},{"taxonomy":"product_cat","embeddable":true,"href":"https:\/\/stylingagenten.com\/sv\/wp-json\/wp\/v2\/product_cat?post=48196"},{"taxonomy":"product_tag","embeddable":true,"href":"https:\/\/stylingagenten.com\/sv\/wp-json\/wp\/v2\/product_tag?post=48196"},{"taxonomy":"berocket_brand","embeddable":true,"href":"https:\/\/stylingagenten.com\/sv\/wp-json\/wp\/v2\/berocket_brand?post=48196"}],"curies":[{"name":"wp","href":"https:\/\/api.w.org\/{rel}","templated":true}]}}