{"id":48192,"date":"2025-01-29T14:02:21","date_gmt":"2025-01-29T14:02:21","guid":{"rendered":"https:\/\/staging2.stylingagenten.com\/sv\/produkt\/milk_shake-curl-passion-shampoo-300ml\/"},"modified":"2026-04-14T07:18:27","modified_gmt":"2026-04-14T07:18:27","slug":"milk_shake-curl-passion-shampoo-300ml","status":"publish","type":"product","link":"https:\/\/stylingagenten.com\/sv\/produkt\/milk_shake-curl-passion-shampoo-300ml\/","title":{"rendered":"Milk_Shake Curl Passion Shampoo 300ml"},"content":{"rendered":"<p>Schampo f\u00f6r lockigt h\u00e5r. Reng\u00f6r och v\u00e5rdar alla h\u00e5rtyper varsamt och djupt, vilket ger mjukhet och hanterbarhet. Hj\u00e4lper till att g\u00f6ra lockar sp\u00e4nstiga, flexibla och l\u00e5ngvariga. Inneh\u00e5ller ekologiska pracaxi- och babassuoljor, mj\u00f6lkproteiner, fruktextrakt, Integrity 41\u00ae och quinoaproteiner. <\/p>\n<p>Anv\u00e4ndning:<br \/>F\u00f6rdela j\u00e4mnt \u00f6ver fuktigt h\u00e5r, l\u00f6ddra och sk\u00f6lj sedan ur. Upprepa om det beh\u00f6vs. Forts\u00e4tt med milk_shake\u00ae curl passion balsam.<\/p>\n","protected":false},"excerpt":{"rendered":"<p>Schampo f\u00f6r lockigt h\u00e5r. Reng\u00f6r och v\u00e5rdar alla h\u00e5rtyper varsamt och djupt, vilket ger mjukhet och hanterbarhet. Hj\u00e4lper till att g\u00f6ra lockar sp\u00e4nstiga, flexibla och l\u00e5ngvariga. Inneh\u00e5ller ekologiska pracaxi- och babassuoljor, mj\u00f6lkproteiner, fruktextrakt, Integrity 41\u00ae och quinoaproteiner. Anv\u00e4ndning:F\u00f6rdela j\u00e4mnt \u00f6ver fuktigt h\u00e5r, l\u00f6ddra och sk\u00f6lj sedan ur. Upprepa om det beh\u00f6vs. Forts\u00e4tt med milk_shake\u00ae curl [&hellip;]<\/p>\n","protected":false},"featured_media":48191,"comment_status":"open","ping_status":"closed","template":"","meta":{"_trash_the_other_posts":false},"product_brand":[],"product_cat":[563],"product_tag":[3689],"berocket_brand":[1085],"class_list":{"0":"post-48192","1":"product","2":"type-product","3":"status-publish","4":"has-post-thumbnail","6":"product_cat-schampo","7":"product_tag-milk_shake-curl-passion-shampoo","8":"pa_brand-milk_shake","9":"pa_variant-300ml","10":"berocket_brand-milk_shake","12":"first","13":"instock","14":"sale","15":"taxable","16":"shipping-taxable","17":"purchasable","18":"product-type-simple"},"_links":{"self":[{"href":"https:\/\/stylingagenten.com\/sv\/wp-json\/wp\/v2\/product\/48192","targetHints":{"allow":["GET"]}}],"collection":[{"href":"https:\/\/stylingagenten.com\/sv\/wp-json\/wp\/v2\/product"}],"about":[{"href":"https:\/\/stylingagenten.com\/sv\/wp-json\/wp\/v2\/types\/product"}],"replies":[{"embeddable":true,"href":"https:\/\/stylingagenten.com\/sv\/wp-json\/wp\/v2\/comments?post=48192"}],"version-history":[{"count":0,"href":"https:\/\/stylingagenten.com\/sv\/wp-json\/wp\/v2\/product\/48192\/revisions"}],"wp:featuredmedia":[{"embeddable":true,"href":"https:\/\/stylingagenten.com\/sv\/wp-json\/wp\/v2\/media\/48191"}],"wp:attachment":[{"href":"https:\/\/stylingagenten.com\/sv\/wp-json\/wp\/v2\/media?parent=48192"}],"wp:term":[{"taxonomy":"product_brand","embeddable":true,"href":"https:\/\/stylingagenten.com\/sv\/wp-json\/wp\/v2\/product_brand?post=48192"},{"taxonomy":"product_cat","embeddable":true,"href":"https:\/\/stylingagenten.com\/sv\/wp-json\/wp\/v2\/product_cat?post=48192"},{"taxonomy":"product_tag","embeddable":true,"href":"https:\/\/stylingagenten.com\/sv\/wp-json\/wp\/v2\/product_tag?post=48192"},{"taxonomy":"berocket_brand","embeddable":true,"href":"https:\/\/stylingagenten.com\/sv\/wp-json\/wp\/v2\/berocket_brand?post=48192"}],"curies":[{"name":"wp","href":"https:\/\/api.w.org\/{rel}","templated":true}]}}