{"id":47929,"date":"2025-01-27T21:06:43","date_gmt":"2025-01-27T21:06:43","guid":{"rendered":"https:\/\/staging2.stylingagenten.com\/sv\/produkt\/beauty-uk-no-08-small-flat-blending-shading-brush\/"},"modified":"2026-03-24T16:37:43","modified_gmt":"2026-03-24T16:37:43","slug":"beauty-uk-no-08-small-flat-blending-shading-brush","status":"publish","type":"product","link":"https:\/\/stylingagenten.com\/sv\/produkt\/beauty-uk-no-08-small-flat-blending-shading-brush\/","title":{"rendered":"Beauty UK No. 08 Small Flat Blending\/Shading Brush"},"content":{"rendered":"<p>Anv\u00e4nds f\u00f6r att till\u00e4mpa och blanda ihop en eller flera \u00f6gonskuggor som anv\u00e4nder svepande drag \u00f6ver \u00f6gonlocket.<\/p>\n<p>Professionellt utformad och tillverkad tolvdelad samling av makeup-m\u00e5sten. V\u00e5ra borstar \u00e4r eleganta, funktionella och lovar att leverera ett professionellt resultat; fr\u00e5n rouge till brons, kontur att skulptera, definiera f\u00f6r att markera och precision f\u00f6r att blanda. Pl\u00e5geri-fri, Vegan och g\u00f6rs med h\u00f6gsta kvalitet syntetiskt h\u00e5r, vi har allt under kontroll! <\/p>\n","protected":false},"excerpt":{"rendered":"<p>Anv\u00e4nds f\u00f6r att till\u00e4mpa och blanda ihop en eller flera \u00f6gonskuggor som anv\u00e4nder svepande drag \u00f6ver \u00f6gonlocket. Professionellt utformad och tillverkad tolvdelad samling av makeup-m\u00e5sten. V\u00e5ra borstar \u00e4r eleganta, funktionella och lovar att leverera ett professionellt resultat; fr\u00e5n rouge till brons, kontur att skulptera, definiera f\u00f6r att markera och precision f\u00f6r att blanda. Pl\u00e5geri-fri, Vegan [&hellip;]<\/p>\n","protected":false},"featured_media":47927,"comment_status":"open","ping_status":"closed","template":"","meta":{"_trash_the_other_posts":false},"product_brand":[],"product_cat":[1005,676],"product_tag":[2519],"berocket_brand":[1059],"class_list":{"0":"post-47929","1":"product","2":"type-product","3":"status-publish","4":"has-post-thumbnail","6":"product_cat-outlet","7":"product_cat-sminkborstar-ogon","8":"product_tag-beauty-uk-brush","9":"pa_brand-beautyuk","10":"pa_variant-no-08-small-flat-blending-shading","11":"berocket_brand-beautyuk","13":"first","14":"outofstock","15":"sale","16":"taxable","17":"shipping-taxable","18":"purchasable","19":"product-type-simple"},"_links":{"self":[{"href":"https:\/\/stylingagenten.com\/sv\/wp-json\/wp\/v2\/product\/47929","targetHints":{"allow":["GET"]}}],"collection":[{"href":"https:\/\/stylingagenten.com\/sv\/wp-json\/wp\/v2\/product"}],"about":[{"href":"https:\/\/stylingagenten.com\/sv\/wp-json\/wp\/v2\/types\/product"}],"replies":[{"embeddable":true,"href":"https:\/\/stylingagenten.com\/sv\/wp-json\/wp\/v2\/comments?post=47929"}],"version-history":[{"count":0,"href":"https:\/\/stylingagenten.com\/sv\/wp-json\/wp\/v2\/product\/47929\/revisions"}],"wp:featuredmedia":[{"embeddable":true,"href":"https:\/\/stylingagenten.com\/sv\/wp-json\/wp\/v2\/media\/47927"}],"wp:attachment":[{"href":"https:\/\/stylingagenten.com\/sv\/wp-json\/wp\/v2\/media?parent=47929"}],"wp:term":[{"taxonomy":"product_brand","embeddable":true,"href":"https:\/\/stylingagenten.com\/sv\/wp-json\/wp\/v2\/product_brand?post=47929"},{"taxonomy":"product_cat","embeddable":true,"href":"https:\/\/stylingagenten.com\/sv\/wp-json\/wp\/v2\/product_cat?post=47929"},{"taxonomy":"product_tag","embeddable":true,"href":"https:\/\/stylingagenten.com\/sv\/wp-json\/wp\/v2\/product_tag?post=47929"},{"taxonomy":"berocket_brand","embeddable":true,"href":"https:\/\/stylingagenten.com\/sv\/wp-json\/wp\/v2\/berocket_brand?post=47929"}],"curies":[{"name":"wp","href":"https:\/\/api.w.org\/{rel}","templated":true}]}}