{"id":47907,"date":"2025-01-27T21:06:40","date_gmt":"2025-01-27T21:06:40","guid":{"rendered":"https:\/\/staging2.stylingagenten.com\/sv\/produkt\/beauty-uk-no-06-flat-contour-blending-brush\/"},"modified":"2026-04-06T14:48:34","modified_gmt":"2026-04-06T14:48:34","slug":"beauty-uk-no-06-flat-contour-blending-brush","status":"publish","type":"product","link":"https:\/\/stylingagenten.com\/sv\/produkt\/beauty-uk-no-06-flat-contour-blending-brush\/","title":{"rendered":"Beauty UK No. 06 Flat Contour\/Blending Brush"},"content":{"rendered":"<p>Applicera produkten p\u00e5 sidorna av borsten f\u00f6r en naturlig blandning av f\u00e4rg eller anv\u00e4nd toppen av borsten f\u00f6r fylligare t\u00e4ckning. Sammansm\u00e4lt genom att dra fram och tillbaks f\u00f6r att sprida h\u00e5rda linjer f\u00f6r en felfri formad hy.<\/p>\n<p>Professionellt utformad och tillverkad tolvdelad samling av makeup-m\u00e5sten. V\u00e5ra borstar \u00e4r eleganta, funktionella och lovar att leverera ett professionellt resultat; fr\u00e5n rouge till brons, kontur att skulptera, definiera f\u00f6r att markera och precision f\u00f6r att blanda. Pl\u00e5geri-fri, Vegan och g\u00f6rs med h\u00f6gsta kvalitet syntetiskt h\u00e5r, vi har allt under kontroll! <\/p>\n","protected":false},"excerpt":{"rendered":"<p>Applicera produkten p\u00e5 sidorna av borsten f\u00f6r en naturlig blandning av f\u00e4rg eller anv\u00e4nd toppen av borsten f\u00f6r fylligare t\u00e4ckning. Sammansm\u00e4lt genom att dra fram och tillbaks f\u00f6r att sprida h\u00e5rda linjer f\u00f6r en felfri formad hy. Professionellt utformad och tillverkad tolvdelad samling av makeup-m\u00e5sten. V\u00e5ra borstar \u00e4r eleganta, funktionella och lovar att leverera ett [&hellip;]<\/p>\n","protected":false},"featured_media":47904,"comment_status":"open","ping_status":"closed","template":"","meta":{"_trash_the_other_posts":false},"product_brand":[],"product_cat":[726],"product_tag":[2519],"berocket_brand":[1059],"class_list":{"0":"post-47907","1":"product","2":"type-product","3":"status-publish","4":"has-post-thumbnail","6":"product_cat-bronzerborste","7":"product_tag-beauty-uk-brush","8":"pa_brand-beautyuk","9":"pa_variant-no-06-flat-contour-blending","10":"berocket_brand-beautyuk","12":"first","13":"outofstock","14":"sale","15":"taxable","16":"shipping-taxable","17":"purchasable","18":"product-type-simple"},"_links":{"self":[{"href":"https:\/\/stylingagenten.com\/sv\/wp-json\/wp\/v2\/product\/47907","targetHints":{"allow":["GET"]}}],"collection":[{"href":"https:\/\/stylingagenten.com\/sv\/wp-json\/wp\/v2\/product"}],"about":[{"href":"https:\/\/stylingagenten.com\/sv\/wp-json\/wp\/v2\/types\/product"}],"replies":[{"embeddable":true,"href":"https:\/\/stylingagenten.com\/sv\/wp-json\/wp\/v2\/comments?post=47907"}],"version-history":[{"count":0,"href":"https:\/\/stylingagenten.com\/sv\/wp-json\/wp\/v2\/product\/47907\/revisions"}],"wp:featuredmedia":[{"embeddable":true,"href":"https:\/\/stylingagenten.com\/sv\/wp-json\/wp\/v2\/media\/47904"}],"wp:attachment":[{"href":"https:\/\/stylingagenten.com\/sv\/wp-json\/wp\/v2\/media?parent=47907"}],"wp:term":[{"taxonomy":"product_brand","embeddable":true,"href":"https:\/\/stylingagenten.com\/sv\/wp-json\/wp\/v2\/product_brand?post=47907"},{"taxonomy":"product_cat","embeddable":true,"href":"https:\/\/stylingagenten.com\/sv\/wp-json\/wp\/v2\/product_cat?post=47907"},{"taxonomy":"product_tag","embeddable":true,"href":"https:\/\/stylingagenten.com\/sv\/wp-json\/wp\/v2\/product_tag?post=47907"},{"taxonomy":"berocket_brand","embeddable":true,"href":"https:\/\/stylingagenten.com\/sv\/wp-json\/wp\/v2\/berocket_brand?post=47907"}],"curies":[{"name":"wp","href":"https:\/\/api.w.org\/{rel}","templated":true}]}}