{"id":47901,"date":"2025-01-27T21:06:39","date_gmt":"2025-01-27T21:06:39","guid":{"rendered":"https:\/\/staging2.stylingagenten.com\/sv\/produkt\/beauty-uk-no-09-small-flat-blending-shading-brush-2\/"},"modified":"2026-02-24T10:46:42","modified_gmt":"2026-02-24T10:46:42","slug":"beauty-uk-no-09-small-flat-blending-shading-brush-2","status":"publish","type":"product","link":"https:\/\/stylingagenten.com\/sv\/produkt\/beauty-uk-no-09-small-flat-blending-shading-brush-2\/","title":{"rendered":"Beauty UK No. 09 Small Flat Blending\/Shading Brush 2"},"content":{"rendered":"<p>Anv\u00e4nd f\u00f6r att till\u00e4mpa och blanda ihop en eller flera \u00f6gonskuggor med svepande drag \u00f6ver \u00f6gonlocket.<\/p>\n<p>Professionellt utformad och tillverkad tolvdelad samling av makeup-m\u00e5sten. V\u00e5ra borstar \u00e4r eleganta, funktionella och lovar att leverera ett professionellt resultat; fr\u00e5n rouge till brons, kontur att skulptera, definiera f\u00f6r att markera och precision f\u00f6r att blanda. Pl\u00e5geri-fri, Vegan och g\u00f6rs med h\u00f6gsta kvalitet syntetiskt h\u00e5r, vi har allt under kontroll! <\/p>\n","protected":false},"excerpt":{"rendered":"<p>Anv\u00e4nd f\u00f6r att till\u00e4mpa och blanda ihop en eller flera \u00f6gonskuggor med svepande drag \u00f6ver \u00f6gonlocket. Professionellt utformad och tillverkad tolvdelad samling av makeup-m\u00e5sten. V\u00e5ra borstar \u00e4r eleganta, funktionella och lovar att leverera ett professionellt resultat; fr\u00e5n rouge till brons, kontur att skulptera, definiera f\u00f6r att markera och precision f\u00f6r att blanda. Pl\u00e5geri-fri, Vegan och [&hellip;]<\/p>\n","protected":false},"featured_media":47899,"comment_status":"open","ping_status":"closed","template":"","meta":{"_trash_the_other_posts":false},"product_brand":[],"product_cat":[676],"product_tag":[2519],"berocket_brand":[1059],"class_list":{"0":"post-47901","1":"product","2":"type-product","3":"status-publish","4":"has-post-thumbnail","6":"product_cat-sminkborstar-ogon","7":"product_tag-beauty-uk-brush","8":"pa_brand-beautyuk","9":"pa_variant-no-09-small-flat-blending-shading","10":"berocket_brand-beautyuk","12":"first","13":"instock","14":"sale","15":"taxable","16":"shipping-taxable","17":"purchasable","18":"product-type-simple"},"_links":{"self":[{"href":"https:\/\/stylingagenten.com\/sv\/wp-json\/wp\/v2\/product\/47901","targetHints":{"allow":["GET"]}}],"collection":[{"href":"https:\/\/stylingagenten.com\/sv\/wp-json\/wp\/v2\/product"}],"about":[{"href":"https:\/\/stylingagenten.com\/sv\/wp-json\/wp\/v2\/types\/product"}],"replies":[{"embeddable":true,"href":"https:\/\/stylingagenten.com\/sv\/wp-json\/wp\/v2\/comments?post=47901"}],"version-history":[{"count":0,"href":"https:\/\/stylingagenten.com\/sv\/wp-json\/wp\/v2\/product\/47901\/revisions"}],"wp:featuredmedia":[{"embeddable":true,"href":"https:\/\/stylingagenten.com\/sv\/wp-json\/wp\/v2\/media\/47899"}],"wp:attachment":[{"href":"https:\/\/stylingagenten.com\/sv\/wp-json\/wp\/v2\/media?parent=47901"}],"wp:term":[{"taxonomy":"product_brand","embeddable":true,"href":"https:\/\/stylingagenten.com\/sv\/wp-json\/wp\/v2\/product_brand?post=47901"},{"taxonomy":"product_cat","embeddable":true,"href":"https:\/\/stylingagenten.com\/sv\/wp-json\/wp\/v2\/product_cat?post=47901"},{"taxonomy":"product_tag","embeddable":true,"href":"https:\/\/stylingagenten.com\/sv\/wp-json\/wp\/v2\/product_tag?post=47901"},{"taxonomy":"berocket_brand","embeddable":true,"href":"https:\/\/stylingagenten.com\/sv\/wp-json\/wp\/v2\/berocket_brand?post=47901"}],"curies":[{"name":"wp","href":"https:\/\/api.w.org\/{rel}","templated":true}]}}