{"id":47897,"date":"2025-01-27T21:06:38","date_gmt":"2025-01-27T21:06:38","guid":{"rendered":"https:\/\/staging2.stylingagenten.com\/sv\/produkt\/beauty-uk-no-10-short-shading-brush\/"},"modified":"2026-01-27T12:16:50","modified_gmt":"2026-01-27T12:16:50","slug":"beauty-uk-no-10-short-shading-brush","status":"publish","type":"product","link":"https:\/\/stylingagenten.com\/sv\/produkt\/beauty-uk-no-10-short-shading-brush\/","title":{"rendered":"Beauty UK No. 10 Short Shading Brush"},"content":{"rendered":"<p>Tryck en ren pensel \u00f6ver den h\u00e5rda kanten av en liner och applicera p\u00e5 fransraden, smet ut och svep f\u00f6r att sammansm\u00e4lta.<\/p>\n<p>Professionellt utformad och tillverkad tolvdelad samling av makeup-m\u00e5sten. V\u00e5ra borstar \u00e4r eleganta, funktionella och lovar att leverera ett professionellt resultat; fr\u00e5n rouge till brons, kontur att skulptera, definiera f\u00f6r att markera och precision f\u00f6r att blanda. Pl\u00e5geri-fri, Vegan och g\u00f6rs med h\u00f6gsta kvalitet syntetiskt h\u00e5r, vi har allt under kontroll! <\/p>\n","protected":false},"excerpt":{"rendered":"<p>Tryck en ren pensel \u00f6ver den h\u00e5rda kanten av en liner och applicera p\u00e5 fransraden, smet ut och svep f\u00f6r att sammansm\u00e4lta. Professionellt utformad och tillverkad tolvdelad samling av makeup-m\u00e5sten. V\u00e5ra borstar \u00e4r eleganta, funktionella och lovar att leverera ett professionellt resultat; fr\u00e5n rouge till brons, kontur att skulptera, definiera f\u00f6r att markera och precision [&hellip;]<\/p>\n","protected":false},"featured_media":47896,"comment_status":"open","ping_status":"closed","template":"","meta":{"_trash_the_other_posts":false},"product_brand":[],"product_cat":[676],"product_tag":[2519],"berocket_brand":[1059],"class_list":{"0":"post-47897","1":"product","2":"type-product","3":"status-publish","4":"has-post-thumbnail","6":"product_cat-sminkborstar-ogon","7":"product_tag-beauty-uk-brush","8":"pa_brand-beautyuk","9":"pa_variant-no-10-short-shading","10":"berocket_brand-beautyuk","12":"first","13":"instock","14":"sale","15":"taxable","16":"shipping-taxable","17":"purchasable","18":"product-type-simple"},"_links":{"self":[{"href":"https:\/\/stylingagenten.com\/sv\/wp-json\/wp\/v2\/product\/47897","targetHints":{"allow":["GET"]}}],"collection":[{"href":"https:\/\/stylingagenten.com\/sv\/wp-json\/wp\/v2\/product"}],"about":[{"href":"https:\/\/stylingagenten.com\/sv\/wp-json\/wp\/v2\/types\/product"}],"replies":[{"embeddable":true,"href":"https:\/\/stylingagenten.com\/sv\/wp-json\/wp\/v2\/comments?post=47897"}],"version-history":[{"count":0,"href":"https:\/\/stylingagenten.com\/sv\/wp-json\/wp\/v2\/product\/47897\/revisions"}],"wp:featuredmedia":[{"embeddable":true,"href":"https:\/\/stylingagenten.com\/sv\/wp-json\/wp\/v2\/media\/47896"}],"wp:attachment":[{"href":"https:\/\/stylingagenten.com\/sv\/wp-json\/wp\/v2\/media?parent=47897"}],"wp:term":[{"taxonomy":"product_brand","embeddable":true,"href":"https:\/\/stylingagenten.com\/sv\/wp-json\/wp\/v2\/product_brand?post=47897"},{"taxonomy":"product_cat","embeddable":true,"href":"https:\/\/stylingagenten.com\/sv\/wp-json\/wp\/v2\/product_cat?post=47897"},{"taxonomy":"product_tag","embeddable":true,"href":"https:\/\/stylingagenten.com\/sv\/wp-json\/wp\/v2\/product_tag?post=47897"},{"taxonomy":"berocket_brand","embeddable":true,"href":"https:\/\/stylingagenten.com\/sv\/wp-json\/wp\/v2\/berocket_brand?post=47897"}],"curies":[{"name":"wp","href":"https:\/\/api.w.org\/{rel}","templated":true}]}}