{"id":47393,"date":"2025-01-27T21:05:01","date_gmt":"2025-01-27T21:05:01","guid":{"rendered":"https:\/\/staging2.stylingagenten.com\/sv\/produkt\/2-pack-calvin-klein-obsession-for-men-deostick-75ml\/"},"modified":"2026-04-10T08:08:46","modified_gmt":"2026-04-10T08:08:46","slug":"2-pack-calvin-klein-obsession-for-men-deostick-75ml","status":"publish","type":"product","link":"https:\/\/stylingagenten.com\/sv\/produkt\/2-pack-calvin-klein-obsession-for-men-deostick-75ml\/","title":{"rendered":"2-pack Calvin Klein Obsession For Men Deostick 75ml"},"content":{"rendered":"<p>Calvin Klein Obsession For Men \u00e4r en kraftfull, kryddig och varm doft som utstr\u00e5lar manlighet och passion. Obsession For Men \u00e4r den f\u00f6rsta herrdoften fr\u00e5n Calvin Klein.<\/p>\n<p><strong>Doftnoter:<\/strong> mandarin, myrra, lavendel, muskot, kryddnejlika, koriande, kl\u00f6ver sandeltr\u00e4, patchouli, vetiver &amp; ambra.<\/p>\n","protected":false},"excerpt":{"rendered":"<p>Calvin Klein Obsession For Men \u00e4r en kraftfull, kryddig och varm doft som utstr\u00e5lar manlighet och passion. Obsession For Men \u00e4r den f\u00f6rsta herrdoften fr\u00e5n Calvin Klein. Doftnoter: mandarin, myrra, lavendel, muskot, kryddnejlika, koriande, kl\u00f6ver sandeltr\u00e4, patchouli, vetiver &amp; ambra.<\/p>\n","protected":false},"featured_media":47392,"comment_status":"open","ping_status":"closed","template":"","meta":{"_trash_the_other_posts":false},"product_brand":[],"product_cat":[670,735,1000],"product_tag":[],"berocket_brand":[1014],"class_list":{"0":"post-47393","1":"product","2":"type-product","3":"status-publish","4":"has-post-thumbnail","6":"product_cat-flerpack-deodorant","7":"product_cat-kampanj","8":"product_cat-kampanj-for-honom","9":"pa_brand-calvin-klein","10":"berocket_brand-calvin-klein","12":"first","13":"instock","14":"sale","15":"taxable","16":"shipping-taxable","17":"purchasable","18":"product-type-simple"},"_links":{"self":[{"href":"https:\/\/stylingagenten.com\/sv\/wp-json\/wp\/v2\/product\/47393","targetHints":{"allow":["GET"]}}],"collection":[{"href":"https:\/\/stylingagenten.com\/sv\/wp-json\/wp\/v2\/product"}],"about":[{"href":"https:\/\/stylingagenten.com\/sv\/wp-json\/wp\/v2\/types\/product"}],"replies":[{"embeddable":true,"href":"https:\/\/stylingagenten.com\/sv\/wp-json\/wp\/v2\/comments?post=47393"}],"version-history":[{"count":0,"href":"https:\/\/stylingagenten.com\/sv\/wp-json\/wp\/v2\/product\/47393\/revisions"}],"wp:featuredmedia":[{"embeddable":true,"href":"https:\/\/stylingagenten.com\/sv\/wp-json\/wp\/v2\/media\/47392"}],"wp:attachment":[{"href":"https:\/\/stylingagenten.com\/sv\/wp-json\/wp\/v2\/media?parent=47393"}],"wp:term":[{"taxonomy":"product_brand","embeddable":true,"href":"https:\/\/stylingagenten.com\/sv\/wp-json\/wp\/v2\/product_brand?post=47393"},{"taxonomy":"product_cat","embeddable":true,"href":"https:\/\/stylingagenten.com\/sv\/wp-json\/wp\/v2\/product_cat?post=47393"},{"taxonomy":"product_tag","embeddable":true,"href":"https:\/\/stylingagenten.com\/sv\/wp-json\/wp\/v2\/product_tag?post=47393"},{"taxonomy":"berocket_brand","embeddable":true,"href":"https:\/\/stylingagenten.com\/sv\/wp-json\/wp\/v2\/berocket_brand?post=47393"}],"curies":[{"name":"wp","href":"https:\/\/api.w.org\/{rel}","templated":true}]}}