{"id":45410,"date":"2025-01-27T20:54:12","date_gmt":"2025-01-27T20:54:12","guid":{"rendered":"https:\/\/staging2.stylingagenten.com\/sv\/produkt\/paul-mitchell-double-hitter-2in1-1000ml\/"},"modified":"2026-04-14T10:28:26","modified_gmt":"2026-04-14T10:28:26","slug":"paul-mitchell-double-hitter-2in1-1000ml","status":"publish","type":"product","link":"https:\/\/stylingagenten.com\/sv\/produkt\/paul-mitchell-double-hitter-2in1-1000ml\/","title":{"rendered":"Paul Mitchell Double Hitter 2in1 1000ml"},"content":{"rendered":"<p id=\"isPasted\">Tv\u00e4tta och konditionera i ett enkelt steg. Detta f\u00e4rgs\u00e4kra, 2-i-1 schampo och balsam \u00e4r speciellt framtaget f\u00f6r m\u00e4n och skapar ett rej\u00e4lt l\u00f6dder och l\u00e4mnar h\u00e5ret fylligt och friskt. Konditionerande ingredienser ger en mjuk, l\u00e4tt finish. Sk\u00f6ljs rent med en fr\u00e4sch doft.<\/p>\n<p>OBS: F\u00f6rpackningen f\u00e5r en makeover, s\u00e5 produkten du f\u00e5r kan skilja sig fr\u00e5n bilderna som visas.<\/p>\n","protected":false},"excerpt":{"rendered":"<p>Tv\u00e4tta och konditionera i ett enkelt steg. Detta f\u00e4rgs\u00e4kra, 2-i-1 schampo och balsam \u00e4r speciellt framtaget f\u00f6r m\u00e4n och skapar ett rej\u00e4lt l\u00f6dder och l\u00e4mnar h\u00e5ret fylligt och friskt. Konditionerande ingredienser ger en mjuk, l\u00e4tt finish. Sk\u00f6ljs rent med en fr\u00e4sch doft. OBS: F\u00f6rpackningen f\u00e5r en makeover, s\u00e5 produkten du f\u00e5r kan skilja sig fr\u00e5n [&hellip;]<\/p>\n","protected":false},"featured_media":4456768818,"comment_status":"open","ping_status":"closed","template":"","meta":{"_trash_the_other_posts":false},"product_brand":[],"product_cat":[563],"product_tag":[],"berocket_brand":[1053],"class_list":{"0":"post-45410","1":"product","2":"type-product","3":"status-publish","4":"has-post-thumbnail","6":"product_cat-schampo","7":"pa_brand-paul-mitchell","8":"berocket_brand-paul-mitchell","10":"first","11":"instock","12":"sale","13":"taxable","14":"shipping-taxable","15":"purchasable","16":"product-type-simple"},"_links":{"self":[{"href":"https:\/\/stylingagenten.com\/sv\/wp-json\/wp\/v2\/product\/45410","targetHints":{"allow":["GET"]}}],"collection":[{"href":"https:\/\/stylingagenten.com\/sv\/wp-json\/wp\/v2\/product"}],"about":[{"href":"https:\/\/stylingagenten.com\/sv\/wp-json\/wp\/v2\/types\/product"}],"replies":[{"embeddable":true,"href":"https:\/\/stylingagenten.com\/sv\/wp-json\/wp\/v2\/comments?post=45410"}],"version-history":[{"count":1,"href":"https:\/\/stylingagenten.com\/sv\/wp-json\/wp\/v2\/product\/45410\/revisions"}],"predecessor-version":[{"id":4456793168,"href":"https:\/\/stylingagenten.com\/sv\/wp-json\/wp\/v2\/product\/45410\/revisions\/4456793168"}],"wp:featuredmedia":[{"embeddable":true,"href":"https:\/\/stylingagenten.com\/sv\/wp-json\/wp\/v2\/media\/4456768818"}],"wp:attachment":[{"href":"https:\/\/stylingagenten.com\/sv\/wp-json\/wp\/v2\/media?parent=45410"}],"wp:term":[{"taxonomy":"product_brand","embeddable":true,"href":"https:\/\/stylingagenten.com\/sv\/wp-json\/wp\/v2\/product_brand?post=45410"},{"taxonomy":"product_cat","embeddable":true,"href":"https:\/\/stylingagenten.com\/sv\/wp-json\/wp\/v2\/product_cat?post=45410"},{"taxonomy":"product_tag","embeddable":true,"href":"https:\/\/stylingagenten.com\/sv\/wp-json\/wp\/v2\/product_tag?post=45410"},{"taxonomy":"berocket_brand","embeddable":true,"href":"https:\/\/stylingagenten.com\/sv\/wp-json\/wp\/v2\/berocket_brand?post=45410"}],"curies":[{"name":"wp","href":"https:\/\/api.w.org\/{rel}","templated":true}]}}