{"id":4456792626,"date":"2026-04-09T07:35:24","date_gmt":"2026-04-09T07:35:24","guid":{"rendered":"https:\/\/stylingagenten.com\/sv\/produkt\/filorga-time-filler-intensive-5xp-serum-30ml\/"},"modified":"2026-04-09T07:35:24","modified_gmt":"2026-04-09T07:35:24","slug":"filorga-time-filler-intensive-5xp-serum-30ml","status":"publish","type":"product","link":"https:\/\/stylingagenten.com\/sv\/produkt\/filorga-time-filler-intensive-5xp-serum-30ml\/","title":{"rendered":"Filorga Time-Filler Intensive 5XP Serum 30ml"},"content":{"rendered":"<p>Filorga Time-Filler Intensive 5XP Serum \u00e4r ett anti-aging-serum som arbetar f\u00f6r att sl\u00e4ta ut fem typer av rynkor och fina linjer. Formulan inneh\u00e5ller FILORGAs 5XP-komplex som \u00e4r inspirerat av estetiska behandlingar, och dess avslappnande effekt fr\u00e4mjar omedelbar och l\u00e5ngvarig korrigering av uttryckslinjer, djupa rynkor, ytliga rynkor, torrhetslinjer och halsrynkor. Den silkeslena texturen glider l\u00e4tt \u00f6ver huden och ger en uppfriskande k\u00e4nsla. Kliniska studier har p\u00e5visat imponerande resultat: 97% rapporterade en omedelbart utj\u00e4mnande effekt och att huden s\u00e5g sl\u00e4tare ut efter f\u00f6rsta appliceringen. Efter 7 dagars anv\u00e4ndning upplevde 94% att ansiktsdragen s\u00e5g mjukare ut, och efter 28 dagar upplevde 82% att deras rynkor var mindre framtr\u00e4dande.*<\/p>\n<p>\u2022 Sl\u00e4tar ut fem typer av rynkor och fina linjer<br \/>\u2022 Ger b\u00e5de omedelbara och l\u00e5ngvariga resultat<br \/>\u2022 Passar alla hudtyper<\/p>\n<p>Aktiva ingredienser i Time-Filler Intensive 5XP:<br \/>5XP-komplexet inneh\u00e5ller en neuropeptid (4%) som efterliknar botulinumtoxinets effekter f\u00f6r att blockera muskelsammandragningar \u2013 f\u00f6r att leverera en kraftfull anti-aging-effekt. Hyaluronsyra \u00e5terfuktar huden, medan en blandning av omedelbart utsl\u00e4tande ingredienser hj\u00e4lper till att f\u00f6rb\u00e4ttra hudens struktur och utseende.<\/p>\n<p>*Klinisk studie \u2013 30 personer \u2013 efter 1, 7 och 28 dagar, n\u00e4r Time-Filler Intensive 5XP har applicerats p\u00e5 ansikte och hals tv\u00e5 g\u00e5nger dagligen.<\/p>\n<p>30ml<\/p>\n","protected":false},"excerpt":{"rendered":"<p>Filorga Time-Filler Intensive 5XP Serum \u00e4r ett anti-aging-serum som arbetar f\u00f6r att sl\u00e4ta ut fem typer av rynkor och fina linjer. Formulan inneh\u00e5ller FILORGAs 5XP-komplex som \u00e4r inspirerat av estetiska behandlingar, och dess avslappnande effekt fr\u00e4mjar omedelbar och l\u00e5ngvarig korrigering av uttryckslinjer, djupa rynkor, ytliga rynkor, torrhetslinjer och halsrynkor. Den silkeslena texturen glider l\u00e4tt \u00f6ver [&hellip;]<\/p>\n","protected":false},"featured_media":4456792623,"comment_status":"open","ping_status":"closed","template":"","meta":{"_trash_the_other_posts":false},"product_brand":[],"product_cat":[614],"product_tag":[],"berocket_brand":[],"class_list":{"0":"post-4456792626","1":"product","2":"type-product","3":"status-publish","4":"has-post-thumbnail","6":"product_cat-serum","7":"pa_brand-filorga","9":"first","10":"instock","11":"sale","12":"taxable","13":"shipping-taxable","14":"purchasable","15":"product-type-simple"},"_links":{"self":[{"href":"https:\/\/stylingagenten.com\/sv\/wp-json\/wp\/v2\/product\/4456792626","targetHints":{"allow":["GET"]}}],"collection":[{"href":"https:\/\/stylingagenten.com\/sv\/wp-json\/wp\/v2\/product"}],"about":[{"href":"https:\/\/stylingagenten.com\/sv\/wp-json\/wp\/v2\/types\/product"}],"replies":[{"embeddable":true,"href":"https:\/\/stylingagenten.com\/sv\/wp-json\/wp\/v2\/comments?post=4456792626"}],"version-history":[{"count":0,"href":"https:\/\/stylingagenten.com\/sv\/wp-json\/wp\/v2\/product\/4456792626\/revisions"}],"wp:featuredmedia":[{"embeddable":true,"href":"https:\/\/stylingagenten.com\/sv\/wp-json\/wp\/v2\/media\/4456792623"}],"wp:attachment":[{"href":"https:\/\/stylingagenten.com\/sv\/wp-json\/wp\/v2\/media?parent=4456792626"}],"wp:term":[{"taxonomy":"product_brand","embeddable":true,"href":"https:\/\/stylingagenten.com\/sv\/wp-json\/wp\/v2\/product_brand?post=4456792626"},{"taxonomy":"product_cat","embeddable":true,"href":"https:\/\/stylingagenten.com\/sv\/wp-json\/wp\/v2\/product_cat?post=4456792626"},{"taxonomy":"product_tag","embeddable":true,"href":"https:\/\/stylingagenten.com\/sv\/wp-json\/wp\/v2\/product_tag?post=4456792626"},{"taxonomy":"berocket_brand","embeddable":true,"href":"https:\/\/stylingagenten.com\/sv\/wp-json\/wp\/v2\/berocket_brand?post=4456792626"}],"curies":[{"name":"wp","href":"https:\/\/api.w.org\/{rel}","templated":true}]}}