{"id":4456777123,"date":"2026-01-23T12:09:24","date_gmt":"2026-01-23T12:09:24","guid":{"rendered":"https:\/\/stylingagenten.com\/sv\/produkt\/joico-curls-like-us-smooth-bounce-curl-hydrating-foam-200ml\/"},"modified":"2026-04-14T14:48:24","modified_gmt":"2026-04-14T14:48:24","slug":"joico-curls-like-us-smooth-bounce-curl-hydrating-foam-200ml","status":"publish","type":"product","link":"https:\/\/stylingagenten.com\/sv\/produkt\/joico-curls-like-us-smooth-bounce-curl-hydrating-foam-200ml\/","title":{"rendered":"Joico Curls Like Us Smooth &amp; Bounce Curl Hydrating Foam 200ml"},"content":{"rendered":"<p>Joico Curls Like Us Smooth &amp; Bounce Curl Hydrating Foam \u00e4r den perfekta l\u00f6sningen f\u00f6r dig som vill framh\u00e4va dina lockars naturliga form och textur. Denna l\u00e4tta mousse ger en idealisk balans mellan definition och r\u00f6rlighet, samtidigt som den skapar ett effektivt skydd mot luftfuktighet och friss i upp till tre dagar. Berikad med n\u00e4rande moringa-olja och hydrolyserade proteiner, blir denna mousse en ov\u00e4rderlig del av din h\u00e5rv\u00e5rdsrutin som b\u00e5de v\u00e5rdar och stylar dina lockar.<\/p>\n<p>200ml<\/p>\n","protected":false},"excerpt":{"rendered":"<p>Joico Curls Like Us Smooth &amp; Bounce Curl Hydrating Foam \u00e4r den perfekta l\u00f6sningen f\u00f6r dig som vill framh\u00e4va dina lockars naturliga form och textur. Denna l\u00e4tta mousse ger en idealisk balans mellan definition och r\u00f6rlighet, samtidigt som den skapar ett effektivt skydd mot luftfuktighet och friss i upp till tre dagar. Berikad med n\u00e4rande [&hellip;]<\/p>\n","protected":false},"featured_media":4456777122,"comment_status":"open","ping_status":"closed","template":"","meta":{"_trash_the_other_posts":false},"product_brand":[],"product_cat":[546],"product_tag":[],"berocket_brand":[1372],"class_list":{"0":"post-4456777123","1":"product","2":"type-product","3":"status-publish","4":"has-post-thumbnail","6":"product_cat-harstyling","7":"pa_brand-joico","8":"berocket_brand-joico","10":"first","11":"outofstock","12":"sale","13":"taxable","14":"shipping-taxable","15":"purchasable","16":"product-type-simple"},"_links":{"self":[{"href":"https:\/\/stylingagenten.com\/sv\/wp-json\/wp\/v2\/product\/4456777123","targetHints":{"allow":["GET"]}}],"collection":[{"href":"https:\/\/stylingagenten.com\/sv\/wp-json\/wp\/v2\/product"}],"about":[{"href":"https:\/\/stylingagenten.com\/sv\/wp-json\/wp\/v2\/types\/product"}],"replies":[{"embeddable":true,"href":"https:\/\/stylingagenten.com\/sv\/wp-json\/wp\/v2\/comments?post=4456777123"}],"version-history":[{"count":0,"href":"https:\/\/stylingagenten.com\/sv\/wp-json\/wp\/v2\/product\/4456777123\/revisions"}],"wp:featuredmedia":[{"embeddable":true,"href":"https:\/\/stylingagenten.com\/sv\/wp-json\/wp\/v2\/media\/4456777122"}],"wp:attachment":[{"href":"https:\/\/stylingagenten.com\/sv\/wp-json\/wp\/v2\/media?parent=4456777123"}],"wp:term":[{"taxonomy":"product_brand","embeddable":true,"href":"https:\/\/stylingagenten.com\/sv\/wp-json\/wp\/v2\/product_brand?post=4456777123"},{"taxonomy":"product_cat","embeddable":true,"href":"https:\/\/stylingagenten.com\/sv\/wp-json\/wp\/v2\/product_cat?post=4456777123"},{"taxonomy":"product_tag","embeddable":true,"href":"https:\/\/stylingagenten.com\/sv\/wp-json\/wp\/v2\/product_tag?post=4456777123"},{"taxonomy":"berocket_brand","embeddable":true,"href":"https:\/\/stylingagenten.com\/sv\/wp-json\/wp\/v2\/berocket_brand?post=4456777123"}],"curies":[{"name":"wp","href":"https:\/\/api.w.org\/{rel}","templated":true}]}}