{"id":4456777113,"date":"2026-01-23T12:08:25","date_gmt":"2026-01-23T12:08:25","guid":{"rendered":"https:\/\/stylingagenten.com\/sv\/produkt\/joico-curls-like-us-hydrate-define-curl-creme-styler-200ml\/"},"modified":"2026-04-05T18:48:43","modified_gmt":"2026-04-05T18:48:43","slug":"joico-curls-like-us-hydrate-define-curl-creme-styler-200ml","status":"publish","type":"product","link":"https:\/\/stylingagenten.com\/sv\/produkt\/joico-curls-like-us-hydrate-define-curl-creme-styler-200ml\/","title":{"rendered":"Joico Curls Like Us Hydrate &amp; Define Curl Cr\u00e8me Styler 200ml"},"content":{"rendered":"<p>Joico Curls Like Us Hydrate &amp; Define Curl Cr\u00e8me Styler \u00e4r den perfekta lockkr\u00e4men f\u00f6r dig som vill ha mjukt definierade lockar utan friss. Denna innovativa stylingkr\u00e4m kombinerar \u00e5terfuktning med v\u00e4rmeskydd och ger dina lockar elasticitet och motst\u00e5ndskraft mot slitage. Med sin l\u00e4tta formula formar den f\u00f6rsiktigt b\u00e5de lockar och v\u00e5gor till vackra, v\u00e4ldefinierade former som h\u00e5ller hela dagen.<\/p>\n<p>200ml<\/p>\n","protected":false},"excerpt":{"rendered":"<p>Joico Curls Like Us Hydrate &amp; Define Curl Cr\u00e8me Styler \u00e4r den perfekta lockkr\u00e4men f\u00f6r dig som vill ha mjukt definierade lockar utan friss. Denna innovativa stylingkr\u00e4m kombinerar \u00e5terfuktning med v\u00e4rmeskydd och ger dina lockar elasticitet och motst\u00e5ndskraft mot slitage. Med sin l\u00e4tta formula formar den f\u00f6rsiktigt b\u00e5de lockar och v\u00e5gor till vackra, v\u00e4ldefinierade former [&hellip;]<\/p>\n","protected":false},"featured_media":4456777112,"comment_status":"open","ping_status":"closed","template":"","meta":{"_trash_the_other_posts":false},"product_brand":[],"product_cat":[546],"product_tag":[],"berocket_brand":[1372],"class_list":{"0":"post-4456777113","1":"product","2":"type-product","3":"status-publish","4":"has-post-thumbnail","6":"product_cat-harstyling","7":"pa_brand-joico","8":"berocket_brand-joico","10":"first","11":"instock","12":"sale","13":"taxable","14":"shipping-taxable","15":"purchasable","16":"product-type-simple"},"_links":{"self":[{"href":"https:\/\/stylingagenten.com\/sv\/wp-json\/wp\/v2\/product\/4456777113","targetHints":{"allow":["GET"]}}],"collection":[{"href":"https:\/\/stylingagenten.com\/sv\/wp-json\/wp\/v2\/product"}],"about":[{"href":"https:\/\/stylingagenten.com\/sv\/wp-json\/wp\/v2\/types\/product"}],"replies":[{"embeddable":true,"href":"https:\/\/stylingagenten.com\/sv\/wp-json\/wp\/v2\/comments?post=4456777113"}],"version-history":[{"count":0,"href":"https:\/\/stylingagenten.com\/sv\/wp-json\/wp\/v2\/product\/4456777113\/revisions"}],"wp:featuredmedia":[{"embeddable":true,"href":"https:\/\/stylingagenten.com\/sv\/wp-json\/wp\/v2\/media\/4456777112"}],"wp:attachment":[{"href":"https:\/\/stylingagenten.com\/sv\/wp-json\/wp\/v2\/media?parent=4456777113"}],"wp:term":[{"taxonomy":"product_brand","embeddable":true,"href":"https:\/\/stylingagenten.com\/sv\/wp-json\/wp\/v2\/product_brand?post=4456777113"},{"taxonomy":"product_cat","embeddable":true,"href":"https:\/\/stylingagenten.com\/sv\/wp-json\/wp\/v2\/product_cat?post=4456777113"},{"taxonomy":"product_tag","embeddable":true,"href":"https:\/\/stylingagenten.com\/sv\/wp-json\/wp\/v2\/product_tag?post=4456777113"},{"taxonomy":"berocket_brand","embeddable":true,"href":"https:\/\/stylingagenten.com\/sv\/wp-json\/wp\/v2\/berocket_brand?post=4456777113"}],"curies":[{"name":"wp","href":"https:\/\/api.w.org\/{rel}","templated":true}]}}