{"id":4456776651,"date":"2026-01-21T14:46:24","date_gmt":"2026-01-21T14:46:24","guid":{"rendered":"https:\/\/stylingagenten.com\/sv\/produkt\/le-couvent-parfums-remarquables-sperone-edp-50ml\/"},"modified":"2026-03-26T21:32:29","modified_gmt":"2026-03-26T21:32:29","slug":"le-couvent-parfums-remarquables-sperone-edp-50ml","status":"publish","type":"product","link":"https:\/\/stylingagenten.com\/sv\/produkt\/le-couvent-parfums-remarquables-sperone-edp-50ml\/","title":{"rendered":"Le Couvent Parfums Remarquables &#8211; Sperone Edp 50ml"},"content":{"rendered":"<p>Le Couvent Parfums Remarquables &#8211; Sperone Edp \u00e4r en sensuell, varm och kraftfull parfym med tydliga inslag av tr\u00e4, blommor och amber. Doften \u00e4r inspirerad av en varm sommarkv\u00e4ll p\u00e5 en paradisstrand p\u00e5 \u00f6n Korsika.<br \/>P\u00e5 Korsikas sydligaste spets, inte l\u00e5ngt fr\u00e5n Bonifacio, d\u00f6ljer sig Sperone \u2013en fantastiskt vacker paradisstrand med vit sand, turkost hav och torr, v\u00e4ldoftande luft. I kv\u00e4llens fr\u00e5nlandsvindar uppn\u00e5r doften av labdanum cistus-buskar och immortelle-blommor sin fulla potential och utstr\u00e5lar varma, sensuella aromer. Det enda som \u00e5terst\u00e5r \u00e4r det lugnande ljudet av v\u00e5gor som sl\u00e5r mot klipporna.<br \/>Sperone EdP inneh\u00e5ller ingredienser av 89 % naturligt ursprung, \u00e4r 100 % vegansk och tillverkas i Grasse, Frankrike.<\/p>\n<p>Topp: Bergamott- och timjanessenser<br \/>Hj\u00e4rta: Immortelle-blomma Absolut, svartpeppar<br \/>Bas: Labdanum Absolut, cedertr\u00e4<\/p>\n<p>50ml<\/p>\n","protected":false},"excerpt":{"rendered":"<p>Le Couvent Parfums Remarquables &#8211; Sperone Edp \u00e4r en sensuell, varm och kraftfull parfym med tydliga inslag av tr\u00e4, blommor och amber. Doften \u00e4r inspirerad av en varm sommarkv\u00e4ll p\u00e5 en paradisstrand p\u00e5 \u00f6n Korsika.P\u00e5 Korsikas sydligaste spets, inte l\u00e5ngt fr\u00e5n Bonifacio, d\u00f6ljer sig Sperone \u2013en fantastiskt vacker paradisstrand med vit sand, turkost hav och [&hellip;]<\/p>\n","protected":false},"featured_media":4456776647,"comment_status":"open","ping_status":"closed","template":"","meta":{"_trash_the_other_posts":false},"product_brand":[],"product_cat":[729,735,1000],"product_tag":[],"berocket_brand":[10051],"class_list":{"0":"post-4456776651","1":"product","2":"type-product","3":"status-publish","4":"has-post-thumbnail","6":"product_cat-eau-de-parfum-unisex","7":"product_cat-kampanj","8":"product_cat-kampanj-for-honom","9":"pa_brand-le-couvent","10":"berocket_brand-le-couvent","12":"first","13":"instock","14":"sale","15":"taxable","16":"shipping-taxable","17":"purchasable","18":"product-type-simple"},"_links":{"self":[{"href":"https:\/\/stylingagenten.com\/sv\/wp-json\/wp\/v2\/product\/4456776651","targetHints":{"allow":["GET"]}}],"collection":[{"href":"https:\/\/stylingagenten.com\/sv\/wp-json\/wp\/v2\/product"}],"about":[{"href":"https:\/\/stylingagenten.com\/sv\/wp-json\/wp\/v2\/types\/product"}],"replies":[{"embeddable":true,"href":"https:\/\/stylingagenten.com\/sv\/wp-json\/wp\/v2\/comments?post=4456776651"}],"version-history":[{"count":0,"href":"https:\/\/stylingagenten.com\/sv\/wp-json\/wp\/v2\/product\/4456776651\/revisions"}],"wp:featuredmedia":[{"embeddable":true,"href":"https:\/\/stylingagenten.com\/sv\/wp-json\/wp\/v2\/media\/4456776647"}],"wp:attachment":[{"href":"https:\/\/stylingagenten.com\/sv\/wp-json\/wp\/v2\/media?parent=4456776651"}],"wp:term":[{"taxonomy":"product_brand","embeddable":true,"href":"https:\/\/stylingagenten.com\/sv\/wp-json\/wp\/v2\/product_brand?post=4456776651"},{"taxonomy":"product_cat","embeddable":true,"href":"https:\/\/stylingagenten.com\/sv\/wp-json\/wp\/v2\/product_cat?post=4456776651"},{"taxonomy":"product_tag","embeddable":true,"href":"https:\/\/stylingagenten.com\/sv\/wp-json\/wp\/v2\/product_tag?post=4456776651"},{"taxonomy":"berocket_brand","embeddable":true,"href":"https:\/\/stylingagenten.com\/sv\/wp-json\/wp\/v2\/berocket_brand?post=4456776651"}],"curies":[{"name":"wp","href":"https:\/\/api.w.org\/{rel}","templated":true}]}}