{"id":4456776636,"date":"2026-01-21T14:45:45","date_gmt":"2026-01-21T14:45:45","guid":{"rendered":"https:\/\/stylingagenten.com\/sv\/produkt\/le-couvent-parfums-remarquables-santa-cruz-edp-100ml\/"},"modified":"2026-03-26T21:32:39","modified_gmt":"2026-03-26T21:32:39","slug":"le-couvent-parfums-remarquables-santa-cruz-edp-100ml","status":"publish","type":"product","link":"https:\/\/stylingagenten.com\/sv\/produkt\/le-couvent-parfums-remarquables-santa-cruz-edp-100ml\/","title":{"rendered":"Le Couvent Parfums Remarquables &#8211; Santa Cruz Edp 100ml"},"content":{"rendered":"<p>Le Couvent Parfums Remarquables &#8211; Santa Cruz Edp har ett doftsp\u00e5r av aromatisk citrus, en solparentes av bergamott uppv\u00e4rmd av solen och blandad med friskheten fr\u00e5n eukalyptusblad. En unik skapelse som utvecklats i den franska parfymkonstens hj\u00e4rta, baserat p\u00e5 \u00e4dla, fj\u00e4rran essenser som inspirerats av botanisten Louis Feuill\u00e9es resor. 100% veganskt<\/p>\n<p>Toppnoter: Bergamott,Grapefrukt<br \/>Hj\u00e4rtnoter: Eukalyptys<br \/>Basnoter: Cedertr\u00e4<\/p>\n<p>100ml<\/p>\n","protected":false},"excerpt":{"rendered":"<p>Le Couvent Parfums Remarquables &#8211; Santa Cruz Edp har ett doftsp\u00e5r av aromatisk citrus, en solparentes av bergamott uppv\u00e4rmd av solen och blandad med friskheten fr\u00e5n eukalyptusblad. En unik skapelse som utvecklats i den franska parfymkonstens hj\u00e4rta, baserat p\u00e5 \u00e4dla, fj\u00e4rran essenser som inspirerats av botanisten Louis Feuill\u00e9es resor. 100% veganskt Toppnoter: Bergamott,GrapefruktHj\u00e4rtnoter: EukalyptysBasnoter: Cedertr\u00e4 [&hellip;]<\/p>\n","protected":false},"featured_media":4456776632,"comment_status":"open","ping_status":"closed","template":"","meta":{"_trash_the_other_posts":false},"product_brand":[],"product_cat":[729,735,1000],"product_tag":[],"berocket_brand":[10051],"class_list":{"0":"post-4456776636","1":"product","2":"type-product","3":"status-publish","4":"has-post-thumbnail","6":"product_cat-eau-de-parfum-unisex","7":"product_cat-kampanj","8":"product_cat-kampanj-for-honom","9":"pa_brand-le-couvent","10":"berocket_brand-le-couvent","12":"first","13":"instock","14":"sale","15":"taxable","16":"shipping-taxable","17":"purchasable","18":"product-type-simple"},"_links":{"self":[{"href":"https:\/\/stylingagenten.com\/sv\/wp-json\/wp\/v2\/product\/4456776636","targetHints":{"allow":["GET"]}}],"collection":[{"href":"https:\/\/stylingagenten.com\/sv\/wp-json\/wp\/v2\/product"}],"about":[{"href":"https:\/\/stylingagenten.com\/sv\/wp-json\/wp\/v2\/types\/product"}],"replies":[{"embeddable":true,"href":"https:\/\/stylingagenten.com\/sv\/wp-json\/wp\/v2\/comments?post=4456776636"}],"version-history":[{"count":0,"href":"https:\/\/stylingagenten.com\/sv\/wp-json\/wp\/v2\/product\/4456776636\/revisions"}],"wp:featuredmedia":[{"embeddable":true,"href":"https:\/\/stylingagenten.com\/sv\/wp-json\/wp\/v2\/media\/4456776632"}],"wp:attachment":[{"href":"https:\/\/stylingagenten.com\/sv\/wp-json\/wp\/v2\/media?parent=4456776636"}],"wp:term":[{"taxonomy":"product_brand","embeddable":true,"href":"https:\/\/stylingagenten.com\/sv\/wp-json\/wp\/v2\/product_brand?post=4456776636"},{"taxonomy":"product_cat","embeddable":true,"href":"https:\/\/stylingagenten.com\/sv\/wp-json\/wp\/v2\/product_cat?post=4456776636"},{"taxonomy":"product_tag","embeddable":true,"href":"https:\/\/stylingagenten.com\/sv\/wp-json\/wp\/v2\/product_tag?post=4456776636"},{"taxonomy":"berocket_brand","embeddable":true,"href":"https:\/\/stylingagenten.com\/sv\/wp-json\/wp\/v2\/berocket_brand?post=4456776636"}],"curies":[{"name":"wp","href":"https:\/\/api.w.org\/{rel}","templated":true}]}}