{"id":4456776587,"date":"2026-01-21T14:40:34","date_gmt":"2026-01-21T14:40:34","guid":{"rendered":"https:\/\/stylingagenten.com\/sv\/produkt\/le-couvent-cologne-botanique-aqua-mahana-edt-50ml\/"},"modified":"2026-03-26T21:32:15","modified_gmt":"2026-03-26T21:32:15","slug":"le-couvent-cologne-botanique-aqua-mahana-edt-50ml","status":"publish","type":"product","link":"https:\/\/stylingagenten.com\/sv\/produkt\/le-couvent-cologne-botanique-aqua-mahana-edt-50ml\/","title":{"rendered":"Le Couvent Cologne Botanique &#8211; Aqua Mahana Edt 50ml"},"content":{"rendered":"<p>Le Couvent Cologne Botanique &#8211; Aqua Mahana Edt \u00e4r en unisexparfy. En h\u00e4rlig, varm doft med naturliga och exotiska ingredienser som f\u00f6r tankarna till en tropisk \u00f6 i stilla havet. <\/p>\n<p>Toppnoter: Essens fr\u00e5n havssalt. <br \/>Hj\u00e4rtnoter: Ylang Ylang, koncentrat fr\u00e5n Solrik Frangipani. <br \/>Basnoter: Essens fr\u00e5n svart vanilj och cedertr\u00e4.<\/p>\n<p>50ml<\/p>\n","protected":false},"excerpt":{"rendered":"<p>Le Couvent Cologne Botanique &#8211; Aqua Mahana Edt \u00e4r en unisexparfy. En h\u00e4rlig, varm doft med naturliga och exotiska ingredienser som f\u00f6r tankarna till en tropisk \u00f6 i stilla havet. Toppnoter: Essens fr\u00e5n havssalt. Hj\u00e4rtnoter: Ylang Ylang, koncentrat fr\u00e5n Solrik Frangipani. Basnoter: Essens fr\u00e5n svart vanilj och cedertr\u00e4. 50ml<\/p>\n","protected":false},"featured_media":4456776584,"comment_status":"open","ping_status":"closed","template":"","meta":{"_trash_the_other_posts":false},"product_brand":[],"product_cat":[730,735,999],"product_tag":[],"berocket_brand":[10051],"class_list":{"0":"post-4456776587","1":"product","2":"type-product","3":"status-publish","4":"has-post-thumbnail","6":"product_cat-eau-de-toilette-unisex","7":"product_cat-kampanj","8":"product_cat-kampanj-for-henne","9":"pa_brand-le-couvent","10":"berocket_brand-le-couvent","12":"first","13":"instock","14":"sale","15":"taxable","16":"shipping-taxable","17":"purchasable","18":"product-type-simple"},"_links":{"self":[{"href":"https:\/\/stylingagenten.com\/sv\/wp-json\/wp\/v2\/product\/4456776587","targetHints":{"allow":["GET"]}}],"collection":[{"href":"https:\/\/stylingagenten.com\/sv\/wp-json\/wp\/v2\/product"}],"about":[{"href":"https:\/\/stylingagenten.com\/sv\/wp-json\/wp\/v2\/types\/product"}],"replies":[{"embeddable":true,"href":"https:\/\/stylingagenten.com\/sv\/wp-json\/wp\/v2\/comments?post=4456776587"}],"version-history":[{"count":0,"href":"https:\/\/stylingagenten.com\/sv\/wp-json\/wp\/v2\/product\/4456776587\/revisions"}],"wp:featuredmedia":[{"embeddable":true,"href":"https:\/\/stylingagenten.com\/sv\/wp-json\/wp\/v2\/media\/4456776584"}],"wp:attachment":[{"href":"https:\/\/stylingagenten.com\/sv\/wp-json\/wp\/v2\/media?parent=4456776587"}],"wp:term":[{"taxonomy":"product_brand","embeddable":true,"href":"https:\/\/stylingagenten.com\/sv\/wp-json\/wp\/v2\/product_brand?post=4456776587"},{"taxonomy":"product_cat","embeddable":true,"href":"https:\/\/stylingagenten.com\/sv\/wp-json\/wp\/v2\/product_cat?post=4456776587"},{"taxonomy":"product_tag","embeddable":true,"href":"https:\/\/stylingagenten.com\/sv\/wp-json\/wp\/v2\/product_tag?post=4456776587"},{"taxonomy":"berocket_brand","embeddable":true,"href":"https:\/\/stylingagenten.com\/sv\/wp-json\/wp\/v2\/berocket_brand?post=4456776587"}],"curies":[{"name":"wp","href":"https:\/\/api.w.org\/{rel}","templated":true}]}}