{"id":4456761005,"date":"2025-11-03T11:16:26","date_gmt":"2025-11-03T11:16:26","guid":{"rendered":"https:\/\/stylingagenten.com\/sv\/produkt\/maybelline-lash-sensational-sky-high-mascara-blue-mist\/"},"modified":"2026-04-13T05:08:27","modified_gmt":"2026-04-13T05:08:27","slug":"maybelline-lash-sensational-sky-high-mascara-blue-mist","status":"publish","type":"product","link":"https:\/\/stylingagenten.com\/sv\/produkt\/maybelline-lash-sensational-sky-high-mascara-blue-mist\/","title":{"rendered":"Maybelline Lash Sensational Sky High Mascara Blue Mist"},"content":{"rendered":"<p>Maybelline New York Lash Sensational Sky High Mascara Blue Mist ger dig o\u00e4ndligt l\u00e5nga, fylliga och fj\u00e4derl\u00e4tta fransar i en ljuvligt bl\u00e5 nyans.<\/p>\n<p>&#8211; O\u00e4ndlig l\u00e4ngd och volym<br \/>&#8211; Berikad med bambuextrakt och fibrer<br \/>&#8211; B\u00f6jlig Flex Tower mascaraborste ger volym och f\u00f6rl\u00e4nger varje frans fr\u00e5n rot till topp<br \/>&#8211; Passar k\u00e4nsliga \u00f6gon och kontaktlinsb\u00e4rare.<\/p>\n","protected":false},"excerpt":{"rendered":"<p>Maybelline New York Lash Sensational Sky High Mascara Blue Mist ger dig o\u00e4ndligt l\u00e5nga, fylliga och fj\u00e4derl\u00e4tta fransar i en ljuvligt bl\u00e5 nyans. &#8211; O\u00e4ndlig l\u00e4ngd och volym&#8211; Berikad med bambuextrakt och fibrer&#8211; B\u00f6jlig Flex Tower mascaraborste ger volym och f\u00f6rl\u00e4nger varje frans fr\u00e5n rot till topp&#8211; Passar k\u00e4nsliga \u00f6gon och kontaktlinsb\u00e4rare.<\/p>\n","protected":false},"featured_media":4456760998,"comment_status":"open","ping_status":"closed","template":"","meta":{"_trash_the_other_posts":false},"product_brand":[],"product_cat":[618],"product_tag":[],"berocket_brand":[1016],"class_list":{"0":"post-4456761005","1":"product","2":"type-product","3":"status-publish","4":"has-post-thumbnail","6":"product_cat-mascara","7":"pa_brand-maybelline","8":"berocket_brand-maybelline","10":"first","11":"instock","12":"sale","13":"taxable","14":"shipping-taxable","15":"purchasable","16":"product-type-simple"},"_links":{"self":[{"href":"https:\/\/stylingagenten.com\/sv\/wp-json\/wp\/v2\/product\/4456761005","targetHints":{"allow":["GET"]}}],"collection":[{"href":"https:\/\/stylingagenten.com\/sv\/wp-json\/wp\/v2\/product"}],"about":[{"href":"https:\/\/stylingagenten.com\/sv\/wp-json\/wp\/v2\/types\/product"}],"replies":[{"embeddable":true,"href":"https:\/\/stylingagenten.com\/sv\/wp-json\/wp\/v2\/comments?post=4456761005"}],"version-history":[{"count":0,"href":"https:\/\/stylingagenten.com\/sv\/wp-json\/wp\/v2\/product\/4456761005\/revisions"}],"wp:featuredmedia":[{"embeddable":true,"href":"https:\/\/stylingagenten.com\/sv\/wp-json\/wp\/v2\/media\/4456760998"}],"wp:attachment":[{"href":"https:\/\/stylingagenten.com\/sv\/wp-json\/wp\/v2\/media?parent=4456761005"}],"wp:term":[{"taxonomy":"product_brand","embeddable":true,"href":"https:\/\/stylingagenten.com\/sv\/wp-json\/wp\/v2\/product_brand?post=4456761005"},{"taxonomy":"product_cat","embeddable":true,"href":"https:\/\/stylingagenten.com\/sv\/wp-json\/wp\/v2\/product_cat?post=4456761005"},{"taxonomy":"product_tag","embeddable":true,"href":"https:\/\/stylingagenten.com\/sv\/wp-json\/wp\/v2\/product_tag?post=4456761005"},{"taxonomy":"berocket_brand","embeddable":true,"href":"https:\/\/stylingagenten.com\/sv\/wp-json\/wp\/v2\/berocket_brand?post=4456761005"}],"curies":[{"name":"wp","href":"https:\/\/api.w.org\/{rel}","templated":true}]}}