{"id":444355,"date":"2025-10-22T12:55:08","date_gmt":"2025-10-22T12:55:08","guid":{"rendered":"https:\/\/stylingagenten.com\/sv\/produkt\/oribe-invisible-defence-universal-protectant-spray-175ml\/"},"modified":"2026-04-08T15:32:40","modified_gmt":"2026-04-08T15:32:40","slug":"oribe-invisible-defence-universal-protectant-spray-175ml","status":"publish","type":"product","link":"https:\/\/stylingagenten.com\/sv\/produkt\/oribe-invisible-defence-universal-protectant-spray-175ml\/","title":{"rendered":"Oribe Invisible Defence Universal Protectant Spray 175ml"},"content":{"rendered":"<p>Oribe Invisible Defence Universal Spray ger ditt dagliga tillskott av universellt skydd. Denna viktl\u00f6sa mist skyddar h\u00e5ret mot v\u00e4rmeskador upp till 230 \u00b0C, UV-str\u00e5lar och f\u00f6roreningar, samtidigt som den tillf\u00f6r fukt. S\u00e4g farv\u00e4l till torrt h\u00e5r, f\u00e4rgblekning och frissighet.<\/p>\n<p>175ml<\/p>\n","protected":false},"excerpt":{"rendered":"<p>Oribe Invisible Defence Universal Spray ger ditt dagliga tillskott av universellt skydd. Denna viktl\u00f6sa mist skyddar h\u00e5ret mot v\u00e4rmeskador upp till 230 \u00b0C, UV-str\u00e5lar och f\u00f6roreningar, samtidigt som den tillf\u00f6r fukt. S\u00e4g farv\u00e4l till torrt h\u00e5r, f\u00e4rgblekning och frissighet. 175ml<\/p>\n","protected":false},"featured_media":444354,"comment_status":"open","ping_status":"closed","template":"","meta":{"_trash_the_other_posts":false},"product_brand":[],"product_cat":[624],"product_tag":[],"berocket_brand":[10040],"class_list":{"0":"post-444355","1":"product","2":"type-product","3":"status-publish","4":"has-post-thumbnail","6":"product_cat-varmeskydd","7":"pa_brand-oribe","8":"berocket_brand-oribe","10":"first","11":"instock","12":"sale","13":"taxable","14":"shipping-taxable","15":"purchasable","16":"product-type-simple"},"_links":{"self":[{"href":"https:\/\/stylingagenten.com\/sv\/wp-json\/wp\/v2\/product\/444355","targetHints":{"allow":["GET"]}}],"collection":[{"href":"https:\/\/stylingagenten.com\/sv\/wp-json\/wp\/v2\/product"}],"about":[{"href":"https:\/\/stylingagenten.com\/sv\/wp-json\/wp\/v2\/types\/product"}],"replies":[{"embeddable":true,"href":"https:\/\/stylingagenten.com\/sv\/wp-json\/wp\/v2\/comments?post=444355"}],"version-history":[{"count":0,"href":"https:\/\/stylingagenten.com\/sv\/wp-json\/wp\/v2\/product\/444355\/revisions"}],"wp:featuredmedia":[{"embeddable":true,"href":"https:\/\/stylingagenten.com\/sv\/wp-json\/wp\/v2\/media\/444354"}],"wp:attachment":[{"href":"https:\/\/stylingagenten.com\/sv\/wp-json\/wp\/v2\/media?parent=444355"}],"wp:term":[{"taxonomy":"product_brand","embeddable":true,"href":"https:\/\/stylingagenten.com\/sv\/wp-json\/wp\/v2\/product_brand?post=444355"},{"taxonomy":"product_cat","embeddable":true,"href":"https:\/\/stylingagenten.com\/sv\/wp-json\/wp\/v2\/product_cat?post=444355"},{"taxonomy":"product_tag","embeddable":true,"href":"https:\/\/stylingagenten.com\/sv\/wp-json\/wp\/v2\/product_tag?post=444355"},{"taxonomy":"berocket_brand","embeddable":true,"href":"https:\/\/stylingagenten.com\/sv\/wp-json\/wp\/v2\/berocket_brand?post=444355"}],"curies":[{"name":"wp","href":"https:\/\/api.w.org\/{rel}","templated":true}]}}