{"id":441649,"date":"2025-09-30T11:37:33","date_gmt":"2025-09-30T11:37:33","guid":{"rendered":"https:\/\/stylingagenten.com\/sv\/produkt\/american-crew-firm-hold-styling-gel-100ml\/"},"modified":"2026-04-13T13:38:42","modified_gmt":"2026-04-13T13:38:42","slug":"american-crew-firm-hold-styling-gel-100ml","status":"publish","type":"product","link":"https:\/\/stylingagenten.com\/sv\/produkt\/american-crew-firm-hold-styling-gel-100ml\/","title":{"rendered":"American Crew Firm Hold Styling Gel 100ml"},"content":{"rendered":"<p>American Crew Firming Hold Gel \u00e4r det perfekta valet f\u00f6r dig som vill ha b\u00e5de kraftig stadga och h\u00f6g glans i h\u00e5ret. Denna l\u00e4tta stylinggel \u00e4r berikad med vitamin B5 som hj\u00e4lper h\u00e5ret att se tjockare ut samtidigt som den tillf\u00f6r extra lyster. Den alkoholfria formeln med l\u00e5gt pH skyddar h\u00e5rbotten fr\u00e5n uttorkning och ger dig kontroll \u00f6ver din look hela dagen.<\/p>\n<p>100ml<\/p>\n","protected":false},"excerpt":{"rendered":"<p>American Crew Firming Hold Gel \u00e4r det perfekta valet f\u00f6r dig som vill ha b\u00e5de kraftig stadga och h\u00f6g glans i h\u00e5ret. Denna l\u00e4tta stylinggel \u00e4r berikad med vitamin B5 som hj\u00e4lper h\u00e5ret att se tjockare ut samtidigt som den tillf\u00f6r extra lyster. Den alkoholfria formeln med l\u00e5gt pH skyddar h\u00e5rbotten fr\u00e5n uttorkning och ger [&hellip;]<\/p>\n","protected":false},"featured_media":441648,"comment_status":"open","ping_status":"closed","template":"","meta":{"_trash_the_other_posts":false},"product_brand":[],"product_cat":[701],"product_tag":[],"berocket_brand":[1071],"class_list":{"0":"post-441649","1":"product","2":"type-product","3":"status-publish","4":"has-post-thumbnail","6":"product_cat-hargel","7":"pa_brand-american-crew","8":"berocket_brand-american-crew","10":"first","11":"outofstock","12":"sale","13":"taxable","14":"shipping-taxable","15":"purchasable","16":"product-type-simple"},"_links":{"self":[{"href":"https:\/\/stylingagenten.com\/sv\/wp-json\/wp\/v2\/product\/441649","targetHints":{"allow":["GET"]}}],"collection":[{"href":"https:\/\/stylingagenten.com\/sv\/wp-json\/wp\/v2\/product"}],"about":[{"href":"https:\/\/stylingagenten.com\/sv\/wp-json\/wp\/v2\/types\/product"}],"replies":[{"embeddable":true,"href":"https:\/\/stylingagenten.com\/sv\/wp-json\/wp\/v2\/comments?post=441649"}],"version-history":[{"count":0,"href":"https:\/\/stylingagenten.com\/sv\/wp-json\/wp\/v2\/product\/441649\/revisions"}],"wp:featuredmedia":[{"embeddable":true,"href":"https:\/\/stylingagenten.com\/sv\/wp-json\/wp\/v2\/media\/441648"}],"wp:attachment":[{"href":"https:\/\/stylingagenten.com\/sv\/wp-json\/wp\/v2\/media?parent=441649"}],"wp:term":[{"taxonomy":"product_brand","embeddable":true,"href":"https:\/\/stylingagenten.com\/sv\/wp-json\/wp\/v2\/product_brand?post=441649"},{"taxonomy":"product_cat","embeddable":true,"href":"https:\/\/stylingagenten.com\/sv\/wp-json\/wp\/v2\/product_cat?post=441649"},{"taxonomy":"product_tag","embeddable":true,"href":"https:\/\/stylingagenten.com\/sv\/wp-json\/wp\/v2\/product_tag?post=441649"},{"taxonomy":"berocket_brand","embeddable":true,"href":"https:\/\/stylingagenten.com\/sv\/wp-json\/wp\/v2\/berocket_brand?post=441649"}],"curies":[{"name":"wp","href":"https:\/\/api.w.org\/{rel}","templated":true}]}}