{"id":439438,"date":"2025-09-18T12:54:35","date_gmt":"2025-09-18T12:54:35","guid":{"rendered":"https:\/\/stylingagenten.com\/sv\/produkt\/tom-ford-black-orchid-edp-50ml\/"},"modified":"2026-04-08T15:31:51","modified_gmt":"2026-04-08T15:31:51","slug":"tom-ford-black-orchid-edp-50ml","status":"publish","type":"product","link":"https:\/\/stylingagenten.com\/sv\/produkt\/tom-ford-black-orchid-edp-50ml\/","title":{"rendered":"Tom Ford Black Orchid Edp 50ml"},"content":{"rendered":"<p>Tom Ford Black Orchid Edp \u00e4r en luxu\u00f6s och sensuell doft med rika, m\u00f6rka ackord med svart orkid\u00e9 och kryddor, TOM FORDs Black Orchid \u00e4r b\u00e5de modern och tidl\u00f6s. I en svart glasflaska ger Black Orchid ett of\u00f6rgl\u00f6mligt intryck av en ikonisk stil och v\u00e4rldsomfattande glamour.<\/p>\n<p>Doftnoter: Svart tryffel, bergamott, svart orkid\u00e9, svart plommon, svart gourmandackord, patchouli<\/p>\n<p>50ml<\/p>\n","protected":false},"excerpt":{"rendered":"<p>Tom Ford Black Orchid Edp \u00e4r en luxu\u00f6s och sensuell doft med rika, m\u00f6rka ackord med svart orkid\u00e9 och kryddor, TOM FORDs Black Orchid \u00e4r b\u00e5de modern och tidl\u00f6s. I en svart glasflaska ger Black Orchid ett of\u00f6rgl\u00f6mligt intryck av en ikonisk stil och v\u00e4rldsomfattande glamour. Doftnoter: Svart tryffel, bergamott, svart orkid\u00e9, svart plommon, svart [&hellip;]<\/p>\n","protected":false},"featured_media":439435,"comment_status":"open","ping_status":"closed","template":"","meta":{"_trash_the_other_posts":false},"product_brand":[],"product_cat":[729,735,999],"product_tag":[],"berocket_brand":[1158],"class_list":{"0":"post-439438","1":"product","2":"type-product","3":"status-publish","4":"has-post-thumbnail","6":"product_cat-eau-de-parfum-unisex","7":"product_cat-kampanj","8":"product_cat-kampanj-for-henne","9":"pa_brand-tom-ford","10":"berocket_brand-tom-ford","12":"first","13":"instock","14":"sale","15":"taxable","16":"shipping-taxable","17":"purchasable","18":"product-type-simple"},"_links":{"self":[{"href":"https:\/\/stylingagenten.com\/sv\/wp-json\/wp\/v2\/product\/439438","targetHints":{"allow":["GET"]}}],"collection":[{"href":"https:\/\/stylingagenten.com\/sv\/wp-json\/wp\/v2\/product"}],"about":[{"href":"https:\/\/stylingagenten.com\/sv\/wp-json\/wp\/v2\/types\/product"}],"replies":[{"embeddable":true,"href":"https:\/\/stylingagenten.com\/sv\/wp-json\/wp\/v2\/comments?post=439438"}],"version-history":[{"count":0,"href":"https:\/\/stylingagenten.com\/sv\/wp-json\/wp\/v2\/product\/439438\/revisions"}],"wp:featuredmedia":[{"embeddable":true,"href":"https:\/\/stylingagenten.com\/sv\/wp-json\/wp\/v2\/media\/439435"}],"wp:attachment":[{"href":"https:\/\/stylingagenten.com\/sv\/wp-json\/wp\/v2\/media?parent=439438"}],"wp:term":[{"taxonomy":"product_brand","embeddable":true,"href":"https:\/\/stylingagenten.com\/sv\/wp-json\/wp\/v2\/product_brand?post=439438"},{"taxonomy":"product_cat","embeddable":true,"href":"https:\/\/stylingagenten.com\/sv\/wp-json\/wp\/v2\/product_cat?post=439438"},{"taxonomy":"product_tag","embeddable":true,"href":"https:\/\/stylingagenten.com\/sv\/wp-json\/wp\/v2\/product_tag?post=439438"},{"taxonomy":"berocket_brand","embeddable":true,"href":"https:\/\/stylingagenten.com\/sv\/wp-json\/wp\/v2\/berocket_brand?post=439438"}],"curies":[{"name":"wp","href":"https:\/\/api.w.org\/{rel}","templated":true}]}}