{"id":439376,"date":"2025-09-18T12:48:07","date_gmt":"2025-09-18T12:48:07","guid":{"rendered":"https:\/\/stylingagenten.com\/sv\/produkt\/hugo-boss-hugo-man-shower-gel-200ml\/"},"modified":"2026-03-29T01:28:24","modified_gmt":"2026-03-29T01:28:24","slug":"hugo-boss-hugo-man-shower-gel-200ml","status":"publish","type":"product","link":"https:\/\/stylingagenten.com\/sv\/produkt\/hugo-boss-hugo-man-shower-gel-200ml\/","title":{"rendered":"Hugo Boss Hugo Man Shower Gel 200ml"},"content":{"rendered":"<p>HUGO Man Shower Gel reng\u00f6r och fr\u00e4schar upp med toner av krispigt gr\u00f6nt \u00e4pple, uppiggande \u00f6rter och dofter fr\u00e5n en vild skog. Komplettera din HUGO Man-doftupplevelse och k\u00e4nn dig fr\u00e4sch l\u00e4ngre med doftande kroppsv\u00e5rdsprodukter fr\u00e5n hela HUGO Man-serien.<\/p>\n<p>Toppnoter: Gr\u00f6nt \u00e4pple<br \/>Hj\u00e4rtnoter: Aromatiska noter<br \/>Basnoter: Granbalsam<\/p>\n<p>200ml<\/p>\n","protected":false},"excerpt":{"rendered":"<p>HUGO Man Shower Gel reng\u00f6r och fr\u00e4schar upp med toner av krispigt gr\u00f6nt \u00e4pple, uppiggande \u00f6rter och dofter fr\u00e5n en vild skog. Komplettera din HUGO Man-doftupplevelse och k\u00e4nn dig fr\u00e4sch l\u00e4ngre med doftande kroppsv\u00e5rdsprodukter fr\u00e5n hela HUGO Man-serien. Toppnoter: Gr\u00f6nt \u00e4ppleHj\u00e4rtnoter: Aromatiska noterBasnoter: Granbalsam 200ml<\/p>\n","protected":false},"featured_media":439375,"comment_status":"open","ping_status":"closed","template":"","meta":{"_trash_the_other_posts":false},"product_brand":[],"product_cat":[560],"product_tag":[],"berocket_brand":[1339],"class_list":{"0":"post-439376","1":"product","2":"type-product","3":"status-publish","4":"has-post-thumbnail","6":"product_cat-duschgel","7":"pa_brand-hugo-boss","8":"berocket_brand-hugo-boss","10":"first","11":"outofstock","12":"sale","13":"taxable","14":"shipping-taxable","15":"purchasable","16":"product-type-simple"},"_links":{"self":[{"href":"https:\/\/stylingagenten.com\/sv\/wp-json\/wp\/v2\/product\/439376","targetHints":{"allow":["GET"]}}],"collection":[{"href":"https:\/\/stylingagenten.com\/sv\/wp-json\/wp\/v2\/product"}],"about":[{"href":"https:\/\/stylingagenten.com\/sv\/wp-json\/wp\/v2\/types\/product"}],"replies":[{"embeddable":true,"href":"https:\/\/stylingagenten.com\/sv\/wp-json\/wp\/v2\/comments?post=439376"}],"version-history":[{"count":0,"href":"https:\/\/stylingagenten.com\/sv\/wp-json\/wp\/v2\/product\/439376\/revisions"}],"wp:featuredmedia":[{"embeddable":true,"href":"https:\/\/stylingagenten.com\/sv\/wp-json\/wp\/v2\/media\/439375"}],"wp:attachment":[{"href":"https:\/\/stylingagenten.com\/sv\/wp-json\/wp\/v2\/media?parent=439376"}],"wp:term":[{"taxonomy":"product_brand","embeddable":true,"href":"https:\/\/stylingagenten.com\/sv\/wp-json\/wp\/v2\/product_brand?post=439376"},{"taxonomy":"product_cat","embeddable":true,"href":"https:\/\/stylingagenten.com\/sv\/wp-json\/wp\/v2\/product_cat?post=439376"},{"taxonomy":"product_tag","embeddable":true,"href":"https:\/\/stylingagenten.com\/sv\/wp-json\/wp\/v2\/product_tag?post=439376"},{"taxonomy":"berocket_brand","embeddable":true,"href":"https:\/\/stylingagenten.com\/sv\/wp-json\/wp\/v2\/berocket_brand?post=439376"}],"curies":[{"name":"wp","href":"https:\/\/api.w.org\/{rel}","templated":true}]}}