{"id":439362,"date":"2025-09-18T12:47:45","date_gmt":"2025-09-18T12:47:45","guid":{"rendered":"https:\/\/stylingagenten.com\/sv\/produkt\/david-beckham-amber-breeze-edp-100ml\/"},"modified":"2025-11-18T16:10:30","modified_gmt":"2025-11-18T16:10:30","slug":"david-beckham-amber-breeze-edp-100ml","status":"publish","type":"product","link":"https:\/\/stylingagenten.com\/sv\/produkt\/david-beckham-amber-breeze-edp-100ml\/","title":{"rendered":"David Beckham Amber Breeze Edp 100ml"},"content":{"rendered":"<p>David Beckham presenterar ett nytt kapitel i David Beckham Collection \u2013 en personligt utvald serie av l\u00e5ngvariga eau de parfums. Inspirerad av Davids egna resor och upplevelser \u00e4r Amber Breeze en elegant doft som f\u00e5ngar magiska solnedg\u00e5ngar fulla av l\u00f6ften. Varje doft i David Beckham Collection \u00e4r en noggrant sammansatt blandning av ingredienser som valts f\u00f6r att framkalla en k\u00e4nsla av tid och plats.<\/p>\n<p>Amber Breeze \u00e4r en b\u00e4rnstensdoft med aromatiska inslag, som en vacker solnedg\u00e5ng \u2013 fr\u00e4sch och varm med o\u00e4ndliga m\u00f6jligheter. Doften \u00f6ppnar med en str\u00e5lande mix av frisk bergamott och rosmarin med en kryddig touch av svartpeppar. I hj\u00e4rtat finns en mjuk, \u00f6rtig bukett av lavendel och rosnoter som kombineras med muskatellsalvia f\u00f6r en ren, maskulin elegans. Denna fr\u00e4scha blommighet kontrasteras av en kryddig, tr\u00e4ig bas med jordiga toner av patchouli, vetiver och rostad tonkab\u00f6na som full\u00e4ndar den sofistikerade och sensuella upplevelsen. Perfekt f\u00f6r kv\u00e4llar och speciella tillf\u00e4llen, denna intensiva och l\u00e5ngvariga eau de parfum \u00e4r Davids personliga inbjudan att njuta av kv\u00e4llen och ge sig ut p\u00e5 nya \u00e4ventyr imorgon. Uppt\u00e4ck nya Eau de Parfum Amber Breeze av David Beckham. Ge dig ut och utforska.<\/p>\n<p>100ml<\/p>\n","protected":false},"excerpt":{"rendered":"<p>David Beckham presenterar ett nytt kapitel i David Beckham Collection \u2013 en personligt utvald serie av l\u00e5ngvariga eau de parfums. Inspirerad av Davids egna resor och upplevelser \u00e4r Amber Breeze en elegant doft som f\u00e5ngar magiska solnedg\u00e5ngar fulla av l\u00f6ften. Varje doft i David Beckham Collection \u00e4r en noggrant sammansatt blandning av ingredienser som valts [&hellip;]<\/p>\n","protected":false},"featured_media":439356,"comment_status":"open","ping_status":"closed","template":"","meta":{"_trash_the_other_posts":false},"product_brand":[],"product_cat":[708],"product_tag":[],"berocket_brand":[1281],"class_list":{"0":"post-439362","1":"product","2":"type-product","3":"status-publish","4":"has-post-thumbnail","6":"product_cat-eau-de-parfum-herr","7":"pa_brand-david-beckham","8":"berocket_brand-david-beckham","10":"first","11":"outofstock","12":"sale","13":"taxable","14":"shipping-taxable","15":"purchasable","16":"product-type-simple"},"_links":{"self":[{"href":"https:\/\/stylingagenten.com\/sv\/wp-json\/wp\/v2\/product\/439362","targetHints":{"allow":["GET"]}}],"collection":[{"href":"https:\/\/stylingagenten.com\/sv\/wp-json\/wp\/v2\/product"}],"about":[{"href":"https:\/\/stylingagenten.com\/sv\/wp-json\/wp\/v2\/types\/product"}],"replies":[{"embeddable":true,"href":"https:\/\/stylingagenten.com\/sv\/wp-json\/wp\/v2\/comments?post=439362"}],"version-history":[{"count":0,"href":"https:\/\/stylingagenten.com\/sv\/wp-json\/wp\/v2\/product\/439362\/revisions"}],"wp:featuredmedia":[{"embeddable":true,"href":"https:\/\/stylingagenten.com\/sv\/wp-json\/wp\/v2\/media\/439356"}],"wp:attachment":[{"href":"https:\/\/stylingagenten.com\/sv\/wp-json\/wp\/v2\/media?parent=439362"}],"wp:term":[{"taxonomy":"product_brand","embeddable":true,"href":"https:\/\/stylingagenten.com\/sv\/wp-json\/wp\/v2\/product_brand?post=439362"},{"taxonomy":"product_cat","embeddable":true,"href":"https:\/\/stylingagenten.com\/sv\/wp-json\/wp\/v2\/product_cat?post=439362"},{"taxonomy":"product_tag","embeddable":true,"href":"https:\/\/stylingagenten.com\/sv\/wp-json\/wp\/v2\/product_tag?post=439362"},{"taxonomy":"berocket_brand","embeddable":true,"href":"https:\/\/stylingagenten.com\/sv\/wp-json\/wp\/v2\/berocket_brand?post=439362"}],"curies":[{"name":"wp","href":"https:\/\/api.w.org\/{rel}","templated":true}]}}