{"id":439341,"date":"2025-09-18T12:47:24","date_gmt":"2025-09-18T12:47:24","guid":{"rendered":"https:\/\/stylingagenten.com\/sv\/produkt\/acqua-di-parma-lily-of-the-valley-edp-100ml\/"},"modified":"2026-03-11T22:07:26","modified_gmt":"2026-03-11T22:07:26","slug":"acqua-di-parma-lily-of-the-valley-edp-100ml","status":"publish","type":"product","link":"https:\/\/stylingagenten.com\/sv\/produkt\/acqua-di-parma-lily-of-the-valley-edp-100ml\/","title":{"rendered":"Acqua di Parma Lily of the Valley Edp 100ml"},"content":{"rendered":"<p>Acqua di Parma Lily of the Valley Edp \u00e4r en konstn\u00e4rlig kombination av tv\u00e5 doftsensationer: den livliga och kraftfulla doften av liljekonvalj, f\u00f6rst\u00e4rkt av levande och lysande citrusnoter.<br \/>Doften av denna delikata blomma kombineras med grapefrukt, petit korn, en touch av svarta vinb\u00e4r och italiensk bergamott f\u00f6r att skapa en of\u00f6rgl\u00f6mlig och beroendeframkallande uppt\u00e4ckt.<\/p>\n<p>Toppnoter: Bergamott, Grapefruit, Svarta Vinb\u00e4r<br \/>Hj\u00e4rtnoter: Petitgrain, Liljekonvalj<br \/>Basnoter: Cedertr\u00e4, Musk<\/p>\n<p>100ml<\/p>\n","protected":false},"excerpt":{"rendered":"<p>Acqua di Parma Lily of the Valley Edp \u00e4r en konstn\u00e4rlig kombination av tv\u00e5 doftsensationer: den livliga och kraftfulla doften av liljekonvalj, f\u00f6rst\u00e4rkt av levande och lysande citrusnoter.Doften av denna delikata blomma kombineras med grapefrukt, petit korn, en touch av svarta vinb\u00e4r och italiensk bergamott f\u00f6r att skapa en of\u00f6rgl\u00f6mlig och beroendeframkallande uppt\u00e4ckt. Toppnoter: Bergamott, [&hellip;]<\/p>\n","protected":false},"featured_media":439337,"comment_status":"open","ping_status":"closed","template":"","meta":{"_trash_the_other_posts":false},"product_brand":[],"product_cat":[729,735,1000],"product_tag":[],"berocket_brand":[1161],"class_list":{"0":"post-439341","1":"product","2":"type-product","3":"status-publish","4":"has-post-thumbnail","6":"product_cat-eau-de-parfum-unisex","7":"product_cat-kampanj","8":"product_cat-kampanj-for-honom","9":"pa_brand-acqua-di-parma","10":"berocket_brand-acqua-di-parma","12":"first","13":"instock","14":"sale","15":"taxable","16":"shipping-taxable","17":"purchasable","18":"product-type-simple"},"_links":{"self":[{"href":"https:\/\/stylingagenten.com\/sv\/wp-json\/wp\/v2\/product\/439341","targetHints":{"allow":["GET"]}}],"collection":[{"href":"https:\/\/stylingagenten.com\/sv\/wp-json\/wp\/v2\/product"}],"about":[{"href":"https:\/\/stylingagenten.com\/sv\/wp-json\/wp\/v2\/types\/product"}],"replies":[{"embeddable":true,"href":"https:\/\/stylingagenten.com\/sv\/wp-json\/wp\/v2\/comments?post=439341"}],"version-history":[{"count":0,"href":"https:\/\/stylingagenten.com\/sv\/wp-json\/wp\/v2\/product\/439341\/revisions"}],"wp:featuredmedia":[{"embeddable":true,"href":"https:\/\/stylingagenten.com\/sv\/wp-json\/wp\/v2\/media\/439337"}],"wp:attachment":[{"href":"https:\/\/stylingagenten.com\/sv\/wp-json\/wp\/v2\/media?parent=439341"}],"wp:term":[{"taxonomy":"product_brand","embeddable":true,"href":"https:\/\/stylingagenten.com\/sv\/wp-json\/wp\/v2\/product_brand?post=439341"},{"taxonomy":"product_cat","embeddable":true,"href":"https:\/\/stylingagenten.com\/sv\/wp-json\/wp\/v2\/product_cat?post=439341"},{"taxonomy":"product_tag","embeddable":true,"href":"https:\/\/stylingagenten.com\/sv\/wp-json\/wp\/v2\/product_tag?post=439341"},{"taxonomy":"berocket_brand","embeddable":true,"href":"https:\/\/stylingagenten.com\/sv\/wp-json\/wp\/v2\/berocket_brand?post=439341"}],"curies":[{"name":"wp","href":"https:\/\/api.w.org\/{rel}","templated":true}]}}